{"id":4213,"date":"2026-02-05T08:40:11","date_gmt":"2026-02-05T08:40:11","guid":{"rendered":""},"modified":"2026-04-12T22:44:47","modified_gmt":"2026-04-12T20:44:47","slug":"money-magic-block-fr","status":"publish","type":"product","link":"https:\/\/servcrmpro.online\/fr\/produit\/money-magic-block-fr\/","title":{"rendered":"Moneyfest Brick"},"content":{"rendered":"<h1>Moneyfesting = manifester l&#x27;abondance financi\u00e8re gr\u00e2ce \u00e0 l&#x27;orgonite\u00a0<\/h1>\n<p>Ce petit bloc astucieux est compos\u00e9 de billets de banque d\u00e9chiquet\u00e9s pos\u00e9s sur une base en orgonite. Nous avons constat\u00e9 que l&#x27;orgonite renforce la manifestation et l&#x27;intention. Depuis des temps imm\u00e9moriaux, la pratique chamanique consiste \u00e0 utiliser un objet repr\u00e9sentatif de la cible de tout travail d&#x27;intention comme transmetteur.\u00a0<\/p>\n<p>Vous savez peut-\u00eatre qu&#x27;une m\u00e8che de cheveux ou un morceau de v\u00eatement est souvent utilis\u00e9 pour se connecter \u00e0 l&#x27;entit\u00e9 souhait\u00e9e. Ce bloc vous connectera donc \u00e0 l&#x27;\u00e9nergie de l&#x27;argent. Gardez-le sur votre bureau, utilisez-le comme presse-papier sur tous vos documents li\u00e9s \u00e0 l&#x27;argent et voyez l&#x27;abondance affluer dans votre vie.<\/p>\n<p>Face inf\u00e9rieure : tissu imprim\u00e9 shwe-shwe pour prot\u00e9ger les surfaces des meubles polis.<\/p>\n<p>Dimensions : longueur &#8211; 107, largeur &#8211; 60 mm, hauteur &#8211; 15 mm<br \/>(Ce produit est fait main et le produit final peut pr\u00e9senter de l\u00e9g\u00e8res variations)<\/p>\n<p>\u00a0<\/p>\n","protected":false},"excerpt":{"rendered":"<p>Ce petit bloc astucieux est constitu\u00e9 de billets d\u00e9chiquet\u00e9s sur la base de l\u2019orgonite. Nous avons constat\u00e9 que l\u2019orgoniite stimule la manifestation et l\u2019intention. Depuis des temps imm\u00e9moriaux, la pratique chamanique consiste \u00e0 utiliser un repr\u00e9sentant proche de la cible de toute op\u00e9ration d\u2019intention comme \u00e9metteur.<\/p>\n","protected":false},"featured_media":143,"comment_status":"open","ping_status":"closed","template":"","meta":{"_acf_changed":false},"product_brand":[],"product_cat":[34],"product_tag":[],"class_list":{"0":"post-4213","1":"product","2":"type-product","3":"status-publish","4":"has-post-thumbnail","6":"product_cat-emf-protection","7":"sales-flash-overlay","8":"woocommerce-text-align-center","9":"woocommerce-image-align-center","10":"do-quantity-buttons","12":"first","13":"outofstock","14":"taxable","15":"shipping-taxable","16":"purchasable","17":"product-type-simple"},"acf":[],"_links":{"self":[{"href":"https:\/\/servcrmpro.online\/fr\/wp-json\/wp\/v2\/product\/4213","targetHints":{"allow":["GET"]}}],"collection":[{"href":"https:\/\/servcrmpro.online\/fr\/wp-json\/wp\/v2\/product"}],"about":[{"href":"https:\/\/servcrmpro.online\/fr\/wp-json\/wp\/v2\/types\/product"}],"replies":[{"embeddable":true,"href":"https:\/\/servcrmpro.online\/fr\/wp-json\/wp\/v2\/comments?post=4213"}],"wp:featuredmedia":[{"embeddable":true,"href":"https:\/\/servcrmpro.online\/fr\/wp-json\/wp\/v2\/media\/143"}],"wp:attachment":[{"href":"https:\/\/servcrmpro.online\/fr\/wp-json\/wp\/v2\/media?parent=4213"}],"wp:term":[{"taxonomy":"product_brand","embeddable":true,"href":"https:\/\/servcrmpro.online\/fr\/wp-json\/wp\/v2\/product_brand?post=4213"},{"taxonomy":"product_cat","embeddable":true,"href":"https:\/\/servcrmpro.online\/fr\/wp-json\/wp\/v2\/product_cat?post=4213"},{"taxonomy":"product_tag","embeddable":true,"href":"https:\/\/servcrmpro.online\/fr\/wp-json\/wp\/v2\/product_tag?post=4213"}],"curies":[{"name":"wp","href":"https:\/\/api.w.org\/{rel}","templated":true}]}}