{"id":4219,"date":"2026-02-05T08:41:11","date_gmt":"2026-02-05T08:41:11","guid":{"rendered":""},"modified":"2026-04-12T02:51:35","modified_gmt":"2026-04-12T00:51:35","slug":"small-dolphin-buster-fr","status":"publish","type":"product","link":"https:\/\/servcrmpro.online\/fr\/produit\/small-dolphin-buster-fr\/","title":{"rendered":"Double TB dauphins"},"content":{"rendered":"<p>&#160;<\/p>\n<p><span lang=\"FR\" style=\"font-family: Arial; font-size: 10pt; mso-ansi-language: FR\">Le double TB sp\u00e9cial dauphins est un <b style=\"mso-bidi-font-weight: normal\">g\u00e9n\u00e9rateur d\u2019orgone compact<\/b> fabriqu\u00e9 avec un type sp\u00e9cial de r\u00e9sine qui r\u00e9siste tr\u00e8s bien \u00e0 l\u2019eau, m\u00eame sal\u00e9e. Il est en principe semblable \u00e0 la balle en orgonite pour dauphin, sauf qu\u2019il est plus l\u00e9ger et plus facile \u00e0 fabriquer, et donc <b style=\"mso-bidi-font-weight: normal\">moins cher<\/b>.<o:p><\/o:p><\/span><\/p>\n<h2 style=\"margin: auto 0cm\"><span lang=\"FR\" style=\"font-family: Arial; font-size: 10pt; font-weight: normal; mso-ansi-language: FR; mso-bidi-font-weight: bold\">Il contient un<\/span><span lang=\"FR\" style=\"font-family: Arial; font-size: 10pt; mso-ansi-language: FR\"> petit cristal bitermin\u00e9 entour\u00e9 d\u2019un fil de cuivre <\/span><span lang=\"FR\" style=\"font-family: Arial; font-size: 10pt; font-weight: normal; mso-ansi-language: FR; mso-bidi-font-weight: bold\">enroul\u00e9 en forme de sablier et des<\/span><span lang=\"FR\" style=\"font-family: Arial; font-size: 10pt; mso-ansi-language: FR\"> pierres semi-pr\u00e9cieuses. <\/span><span lang=\"FR\" style=\"font-family: Arial; font-size: 10pt; font-weight: normal; mso-ansi-language: FR; mso-bidi-font-weight: bold\">La surface est lisse et sans<\/span><span lang=\"FR\" style=\"font-family: Arial; font-size: 10pt; mso-ansi-language: FR\"> <\/span><span lang=\"FR\" style=\"font-family: Arial; font-size: 10pt; font-weight: normal; mso-ansi-language: FR; mso-bidi-font-weight: bold\">ar\u00eates tranchantes pour \u00e9viter que les dauphins ne se blessent s\u2019ils la prenne pour la d\u00e9poser au bon endroit \u2013 comme de nombreux amis ont pu le constater.<\/span><\/h2>\n<h2 style=\"margin: auto 0cm\"><span lang=\"FR\" style=\"font-family: Arial; font-size: 10pt; font-weight: normal; mso-ansi-language: FR; mso-bidi-font-weight: bold\"><o:p><\/o:p><\/span><\/h2>\n<h2 style=\"margin: auto 0cm\"><strong><span lang=\"FR\" style=\"font-family: Arial; font-size: 10pt; font-weight: normal; mso-ansi-language: FR; mso-bidi-font-weight: bold\">Comment choisir entre la balle et le double TB&#160;?<\/span><\/strong><span lang=\"FR\" style=\"font-family: Arial; font-size: 10pt; font-weight: normal; mso-ansi-language: FR; mso-bidi-font-weight: bold\"><o:p><\/o:p><\/span><\/h2>\n<h2 style=\"margin: auto 0cm\"><span lang=\"FR\" style=\"font-family: Arial; font-size: 10pt; font-weight: normal; mso-ansi-language: FR; mso-bidi-font-weight: bold\">Si vous vous rendez dans une zone ou la vie sous-marine est en danger ou bien o\u00f9 vous savez qu\u2019il y a des dauphins, placez quelques <\/span><span lang=\"FR\" style=\"font-family: Arial; font-size: 10pt; mso-ansi-language: FR\">balles d\u2019orgonite<\/span><span lang=\"FR\" style=\"font-family: Arial; font-size: 10pt; font-weight: normal; mso-ansi-language: FR; mso-bidi-font-weight: bold\"> \u00e0 des endroits strat\u00e9giques.<o:p><\/o:p><\/span><\/h2>\n<h2 style=\"margin: auto 0cm\"><span lang=\"FR\" style=\"font-family: Arial; font-size: 10pt; font-weight: normal; mso-ansi-language: FR; mso-bidi-font-weight: bold\">Si vous participez \u00e0 une croisi\u00e8re ou faites un long trajet en bateau, cela reviendra trop cher de lancer une des balles plus lourdes tous les 10km\u2026 pour le gifting en masse de grandes \u00e9tendues d\u2019eau, choisissez le <\/span><span lang=\"FR\" style=\"font-family: Arial; font-size: 10pt; mso-ansi-language: FR\">double TB<\/span><span lang=\"FR\" style=\"font-family: Arial; font-size: 10pt; font-weight: normal; mso-ansi-language: FR; mso-bidi-font-weight: bold\">. Achetez-en plusieurs \u00e0 la fois et \u00e9conomisez sur le prix au d\u00e9tail&#160;!<o:p><\/o:p><\/span><\/h2>\n<p>&#160;<\/p>\n<p>&#160;<\/p>\n","protected":false},"excerpt":{"rendered":"<p>Le Dolphin Buster \u00e0 l\u2019Orgonite est l\u2019outil id\u00e9al pour offrir de l\u2019Orgonite \u00e0 tous les cadeaux aquatiques et marins !<\/p>\n","protected":false},"featured_media":151,"comment_status":"open","ping_status":"closed","template":"","meta":{"_acf_changed":false},"product_brand":[],"product_cat":[70],"product_tag":[],"class_list":{"0":"post-4219","1":"product","2":"type-product","3":"status-publish","4":"has-post-thumbnail","6":"product_cat-tactical-orgonite","7":"sales-flash-overlay","8":"woocommerce-text-align-center","9":"woocommerce-image-align-center","10":"do-quantity-buttons","12":"first","13":"instock","14":"taxable","15":"shipping-taxable","16":"purchasable","17":"product-type-simple"},"acf":[],"_links":{"self":[{"href":"https:\/\/servcrmpro.online\/fr\/wp-json\/wp\/v2\/product\/4219","targetHints":{"allow":["GET"]}}],"collection":[{"href":"https:\/\/servcrmpro.online\/fr\/wp-json\/wp\/v2\/product"}],"about":[{"href":"https:\/\/servcrmpro.online\/fr\/wp-json\/wp\/v2\/types\/product"}],"replies":[{"embeddable":true,"href":"https:\/\/servcrmpro.online\/fr\/wp-json\/wp\/v2\/comments?post=4219"}],"wp:featuredmedia":[{"embeddable":true,"href":"https:\/\/servcrmpro.online\/fr\/wp-json\/wp\/v2\/media\/151"}],"wp:attachment":[{"href":"https:\/\/servcrmpro.online\/fr\/wp-json\/wp\/v2\/media?parent=4219"}],"wp:term":[{"taxonomy":"product_brand","embeddable":true,"href":"https:\/\/servcrmpro.online\/fr\/wp-json\/wp\/v2\/product_brand?post=4219"},{"taxonomy":"product_cat","embeddable":true,"href":"https:\/\/servcrmpro.online\/fr\/wp-json\/wp\/v2\/product_cat?post=4219"},{"taxonomy":"product_tag","embeddable":true,"href":"https:\/\/servcrmpro.online\/fr\/wp-json\/wp\/v2\/product_tag?post=4219"}],"curies":[{"name":"wp","href":"https:\/\/api.w.org\/{rel}","templated":true}]}}