{"id":4222,"date":"2026-02-05T08:41:20","date_gmt":"2026-02-05T08:41:20","guid":{"rendered":""},"modified":"2026-04-18T14:52:34","modified_gmt":"2026-04-18T12:52:34","slug":"muti-orgone-pendant-fr","status":"publish","type":"product","link":"https:\/\/servcrmpro.online\/fr\/produit\/muti-orgone-pendant-fr\/","title":{"rendered":"Pendentif Muti L"},"content":{"rendered":"<p><span lang=\"FR\" style=\"font-family: Arial; font-size: 10pt; mso-ansi-language: FR\">Le grand pendentif Muti en orgonite a \u00e9t\u00e9 fabriqu\u00e9 suite aux demandes r\u00e9p\u00e9t\u00e9es de nos clients. Apr\u00e8s avoir exp\u00e9riment\u00e9 la puissance des HHG ou des TB associ\u00e9s \u00e0 la Muti, nombreux sont ceux qui souhaitaient avoir en permanence cette \u00e9nergie protectrice autour d\u2019eux.<o:p><\/o:p><\/span><\/p>\n<p><span lang=\"FR\" style=\"font-family: Arial; font-size: 10pt; mso-ansi-language: FR\">Quoi de mieux que de pouvoir la porter sur soi, juste devant le chakra du c\u0153ur&#160;!<o:p><\/o:p><\/span><\/p>\n<p><span lang=\"FR\" style=\"font-family: Arial; font-size: 10pt; mso-ansi-language: FR\">En plus de la poudre de plantes m\u00e9dicinales traditionnelles (<b style=\"mso-bidi-font-weight: normal\">Muti)<\/b> du Dr. Chipangula qui est contenue dans une croix dor\u00e9e, le pendentif contient des \u00e9clats de <b style=\"mso-bidi-font-weight: normal\">cristal de roche<\/b>, de la <b style=\"mso-bidi-font-weight: normal\">tourmaline noire<\/b>,du <b style=\"mso-bidi-font-weight: normal\">grenat<\/b> du Kuruman et de l\u2019<b style=\"mso-bidi-font-weight: normal\">h\u00e9matite<\/b> ainsi qu\u2019une grande <b style=\"mso-bidi-font-weight: normal\">spirale SBB<\/b>.<br style=\"mso-special-character: line-break\" \/><br style=\"mso-special-character: line-break\" \/><o:p><\/o:p><\/span><\/p>\n<p><img decoding=\"async\" alt=\"Orgonite Muti Pendant - the power of orgone energy and african traditional healing\" src=\"http:\/\/www.orgoniseafrica.com\/oldshoppics\/090813-Muti-Orgonite-pendant-from-behind-400.jpg\" \/><br \/><span lang=\"FR\" style=\"font-family: Arial; font-size: 10pt; mso-ansi-language: FR\">A l\u2019arri\u00e8re du pendentif (la partie dirig\u00e9e vers le corps) se trouve la spirale SBB<o:p><\/o:p><\/span><\/p>\n<p>Cette spirale SBB va &#160;stimuler et nettoyer le chakra du c\u0153ur quand vous portez le&#160;pendentif Muti&#160;autour&#160;du cou. Vous pouvez aussi l&rsquo;appliquer&#160;\u00e0 tout autre endroit \u00e0 des fins de gu\u00e9rison.<br \/><span lang=\"FR\" style=\"font-family: Arial; font-size: 10pt; mso-ansi-language: FR\">Le pendentif est livr\u00e9 avec un \u00e9tui de protection en tissu imprim\u00e9 des motifs africain afin de le prot\u00e9ger des \u00e9gratignures.<o:p><\/o:p><\/span><\/p>\n<p><img decoding=\"async\" alt=\"Muti Orgonite Pendant in pouch of traditional African inspired fabric\" src=\"http:\/\/www.orgoniseafrica.com\/oldshoppics\/090813-Muti-Orgonite-pendant-w-pouch-400.jpg\" \/><br \/><span lang=\"FR\" style=\"font-family: Arial; font-size: 10pt; mso-ansi-language: FR; mso-fareast-font-family: 'Times New Roman'; mso-fareast-language: DE-CH; mso-bidi-language: AR-SA\">Un cadeau magnifique ou un objet pr\u00e9cieux \u00e0 porter sur soi: le pendentif Muti en orgonite<\/span><\/p>\n<p>Dimensions: environ 79mm x 43mm x 14 mm<\/p>\n","protected":false},"excerpt":{"rendered":"<p>Ce magnifique pendentif en orgonite est un puissant protecteur contre les rayonnements \u00e9lectromagn\u00e9tiques (EMF) et d\u2019autres \u00e9nergies n\u00e9gatives ainsi que les interf\u00e9rences \u00e9th\u00e9riques.<\/p>\n","protected":false},"featured_media":153,"comment_status":"open","ping_status":"closed","template":"","meta":{"_acf_changed":false},"product_brand":[],"product_cat":[200,152],"product_tag":[],"class_list":{"0":"post-4222","1":"product","2":"type-product","3":"status-publish","4":"has-post-thumbnail","6":"product_cat-orgonite-de-muti-fr","7":"product_cat-pendentifs-denergie-orgone-fr","8":"sales-flash-overlay","9":"woocommerce-text-align-center","10":"woocommerce-image-align-center","11":"do-quantity-buttons","13":"first","14":"instock","15":"taxable","16":"shipping-taxable","17":"purchasable","18":"product-type-simple"},"acf":[],"_links":{"self":[{"href":"https:\/\/servcrmpro.online\/fr\/wp-json\/wp\/v2\/product\/4222","targetHints":{"allow":["GET"]}}],"collection":[{"href":"https:\/\/servcrmpro.online\/fr\/wp-json\/wp\/v2\/product"}],"about":[{"href":"https:\/\/servcrmpro.online\/fr\/wp-json\/wp\/v2\/types\/product"}],"replies":[{"embeddable":true,"href":"https:\/\/servcrmpro.online\/fr\/wp-json\/wp\/v2\/comments?post=4222"}],"wp:featuredmedia":[{"embeddable":true,"href":"https:\/\/servcrmpro.online\/fr\/wp-json\/wp\/v2\/media\/153"}],"wp:attachment":[{"href":"https:\/\/servcrmpro.online\/fr\/wp-json\/wp\/v2\/media?parent=4222"}],"wp:term":[{"taxonomy":"product_brand","embeddable":true,"href":"https:\/\/servcrmpro.online\/fr\/wp-json\/wp\/v2\/product_brand?post=4222"},{"taxonomy":"product_cat","embeddable":true,"href":"https:\/\/servcrmpro.online\/fr\/wp-json\/wp\/v2\/product_cat?post=4222"},{"taxonomy":"product_tag","embeddable":true,"href":"https:\/\/servcrmpro.online\/fr\/wp-json\/wp\/v2\/product_tag?post=4222"}],"curies":[{"name":"wp","href":"https:\/\/api.w.org\/{rel}","templated":true}]}}