{"id":4225,"date":"2026-02-05T08:41:39","date_gmt":"2026-02-05T08:41:39","guid":{"rendered":""},"modified":"2026-04-09T00:09:48","modified_gmt":"2026-04-08T22:09:48","slug":"500g-quartz-breakage-fr","status":"publish","type":"product","link":"https:\/\/servcrmpro.online\/fr\/produit\/500g-quartz-breakage-fr\/","title":{"rendered":"500g d\u2019\u00e9clats de quartz"},"content":{"rendered":"<p><span lang=\"FR\" style=\"font-family: Arial; font-size: 10pt; mso-ansi-language: FR; mso-fareast-font-family: 'Times New Roman'; mso-fareast-language: DE-CH; mso-bidi-language: AR-SA\">Ces \u00e9clats de quartz sont<b style=\"mso-bidi-font-weight: normal\"> <\/b>l\u2019ingr\u00e9dient id\u00e9al pour fabriquer vous-m\u00eame vos TBs en orgonite, particuli\u00e8rement s\u2019ils sont m\u00e9lang\u00e9s \u00e0 des \u00e9clats d\u2019am\u00e9thyste. Nous aimons y ajouter de la poudre de pyrite qui semble augmenter fortement l\u2019\u00e9nergie \u00e9mise.<\/span><\/p>\n","protected":false},"excerpt":{"rendered":"<p>500g de Quartz Breakage pour vos projets DIY d\u2019Orgonite.<\/p>\n","protected":false},"featured_media":157,"comment_status":"open","ping_status":"closed","template":"","meta":{"_acf_changed":false},"product_brand":[],"product_cat":[70],"product_tag":[],"class_list":{"0":"post-4225","1":"product","2":"type-product","3":"status-publish","4":"has-post-thumbnail","6":"product_cat-tactical-orgonite","7":"sales-flash-overlay","8":"woocommerce-text-align-center","9":"woocommerce-image-align-center","10":"do-quantity-buttons","12":"first","13":"instock","14":"taxable","15":"shipping-taxable","16":"purchasable","17":"product-type-simple"},"acf":[],"_links":{"self":[{"href":"https:\/\/servcrmpro.online\/fr\/wp-json\/wp\/v2\/product\/4225","targetHints":{"allow":["GET"]}}],"collection":[{"href":"https:\/\/servcrmpro.online\/fr\/wp-json\/wp\/v2\/product"}],"about":[{"href":"https:\/\/servcrmpro.online\/fr\/wp-json\/wp\/v2\/types\/product"}],"replies":[{"embeddable":true,"href":"https:\/\/servcrmpro.online\/fr\/wp-json\/wp\/v2\/comments?post=4225"}],"wp:featuredmedia":[{"embeddable":true,"href":"https:\/\/servcrmpro.online\/fr\/wp-json\/wp\/v2\/media\/157"}],"wp:attachment":[{"href":"https:\/\/servcrmpro.online\/fr\/wp-json\/wp\/v2\/media?parent=4225"}],"wp:term":[{"taxonomy":"product_brand","embeddable":true,"href":"https:\/\/servcrmpro.online\/fr\/wp-json\/wp\/v2\/product_brand?post=4225"},{"taxonomy":"product_cat","embeddable":true,"href":"https:\/\/servcrmpro.online\/fr\/wp-json\/wp\/v2\/product_cat?post=4225"},{"taxonomy":"product_tag","embeddable":true,"href":"https:\/\/servcrmpro.online\/fr\/wp-json\/wp\/v2\/product_tag?post=4225"}],"curies":[{"name":"wp","href":"https:\/\/api.w.org\/{rel}","templated":true}]}}