{"id":4231,"date":"2026-02-05T08:44:13","date_gmt":"2026-02-05T08:44:13","guid":{"rendered":""},"modified":"2026-04-09T04:03:43","modified_gmt":"2026-04-09T02:03:43","slug":"colloidal-silver-kit-fr","status":"publish","type":"product","link":"https:\/\/servcrmpro.online\/fr\/produit\/colloidal-silver-kit-fr\/","title":{"rendered":"Le Kit Argent collo\u00efdal"},"content":{"rendered":"<p>&#160;<\/p>\n<div>\n<p class=\"MsoNormal\" style=\"margin: 0cm 0cm 0pt\"><span lang=\"FR\" style=\"font-family: Arial; font-size: 10pt; mso-ansi-language: FR\"><strong>Fabriquez vous-m\u00eame votre argent collo\u00efdal&#160;!<o:p><\/o:p><\/strong><\/span><\/p>\n<p class=\"MsoNormal\" style=\"margin: 0cm 0cm 0pt\"><span lang=\"FR\" style=\"font-family: Arial; font-size: 10pt; mso-ansi-language: FR\">&#160;<o:p><\/o:p><\/span><\/p>\n<p class=\"MsoNormal\" style=\"margin: 0cm 0cm 0pt\"><span lang=\"FR\" style=\"font-family: Arial; font-size: 10pt; mso-ansi-language: FR\">L\u2019argent collo\u00efdal est naturellement antibiotique, antiviral et fongicide. Il est connu depuis des mill\u00e9naires&#160;; son usage m\u00e9dicinal est attest\u00e9 d\u00e8s l\u2019antiquit\u00e9 en Gr\u00e8ce et en Egypte.<o:p><\/o:p><\/span><\/p>\n<p class=\"MsoNormal\" style=\"margin: 0cm 0cm 0pt\"><span lang=\"FR\" style=\"font-family: Arial; font-size: 10pt; mso-ansi-language: FR\">Ses effets sont si bien document\u00e9s et prouv\u00e9s que l\u2019establishment m\u00e9dical de notre \u00e9poque n\u2019a pas encore r\u00e9ussi \u00e0 bannir son usage ( non sans avoir essay\u00e9)\u2026<o:p><\/o:p><\/span><\/p>\n<p class=\"MsoNormal\" style=\"margin: 0cm 0cm 0pt\"><span lang=\"FR\" style=\"font-family: Arial; font-size: 10pt; mso-ansi-language: FR\">L\u2019argent collo\u00efdal est vendu en pharmacie dans de petites bouteilles \u00e0 des prix assez \u00e9lev\u00e9s.<o:p><\/o:p><\/span><\/p>\n<p class=\"MsoNormal\" style=\"margin: 0cm 0cm 0pt\"><span lang=\"FR\" style=\"font-family: Arial; font-size: 10pt; mso-ansi-language: FR\">Le kit \u00e0 argent collo\u00efdal consiste en 2 \u00e9lectrodes d\u2019argent fin .9999.Il suffit de les connecter \u00e0 un zappeur (n\u2019importe lequel de nos mod\u00e8les) et de les plonger dans un verre <strong>d\u2019eau distill\u00e9e<\/strong> (l\u2019eau d\u00e9min\u00e9ralis\u00e9e n\u2019est pas suffisante) pour boire votre dose quotidienne. Le compagnon de voyage id\u00e9al.<o:p><\/o:p><\/span><\/p>\n<p class=\"MsoNormal\" style=\"margin: 0cm 0cm 0pt\"><span lang=\"FR\" style=\"font-family: Arial; font-size: 10pt; mso-ansi-language: FR\"><o:p>&#160;<\/o:p><\/span><\/p>\n<p class=\"MsoNormal\" style=\"margin: 0cm 0cm 0pt\"><span lang=\"FR\" style=\"font-family: Arial; font-size: 10pt; mso-ansi-language: FR\"><strong>N\u2019est pas destin\u00e9 \u00e0 la production de grandes quantit\u00e9s ou \u00e0 un usage commercial<o:p><\/o:p><\/strong><\/span><\/p>\n<p class=\"MsoNormal\" style=\"margin: 0cm 0cm 0pt\"><span lang=\"FR\" style=\"font-family: Arial; font-size: 10pt; mso-ansi-language: FR\"><o:p>&#160;<\/o:p><\/span><\/p>\n<p class=\"MsoNormal\" style=\"margin: 0cm 0cm 0pt\"><span lang=\"FR\" style=\"font-family: Arial; font-size: 10pt; mso-ansi-language: FR\">Ceci est un appareil \u00e0 usage personnel et une extension des utilisations du Zappeur.<o:p><\/o:p><\/span><\/p>\n<p class=\"MsoNormal\" style=\"margin: 0cm 0cm 0pt\"><span lang=\"FR\" style=\"font-family: Arial; font-size: 10pt; mso-ansi-language: FR\">L\u2019argent collo\u00efdal produit avec cette simple technique peut \u00eatre de moins bonne qualit\u00e9 (taille des particules et stabilit\u00e9) que celui vendu dans le commerce.<o:p><\/o:p><\/span><\/p>\n<p class=\"MsoNormal\" style=\"margin: 0cm 0cm 0pt\"><span lang=\"FR\" style=\"font-family: Arial; font-size: 10pt; mso-ansi-language: FR\">Cependant nous l\u2019avons utilis\u00e9 durant des ann\u00e9es avec de tr\u00e8s bons r\u00e9sultats.<o:p><\/o:p><\/span><\/p>\n<p class=\"MsoNormal\" style=\"margin: 0cm 0cm 0pt\"><span lang=\"FR\" style=\"font-family: Arial; font-size: 10pt; mso-ansi-language: FR\">Il est recommand\u00e9 d\u2019utiliser de l\u2019eau distill\u00e9e pour \u00e9viter la formation de sels d\u2019argents li\u00e9s \u00e0 des particules pr\u00e9sentes dans l\u2019eau.<o:p><\/o:p><\/span><\/p>\n<p class=\"MsoNormal\" style=\"margin: 0cm 0cm 0pt\"><span lang=\"FR\" style=\"font-family: Arial; font-size: 10pt; mso-ansi-language: FR\">20 min d\u2019exposition suffisent \u00e0 atteindre la concentration d\u2019argent requise dans un verre d\u2019eau (2dl).<o:p><\/o:p><\/span><\/p>\n<p class=\"MsoNormal\" style=\"margin: 0cm 0cm 0pt\"><span lang=\"FR\" style=\"font-family: Arial; font-size: 10pt; mso-ansi-language: FR\"><o:p>&#160;<\/o:p><\/span><span lang=\"FR\" style=\"font-family: Arial; font-size: 10pt; mso-ansi-language: FR\"><strong><o:p><\/o:p><\/strong><\/span><\/p>\n<p class=\"MsoNormal\" style=\"margin: 0cm 0cm 0pt\"><span lang=\"FR\" style=\"font-family: Arial; font-size: 10pt; mso-ansi-language: FR\"><o:p>&#160;<\/o:p><\/span><\/p>\n<\/div>\n<p><img decoding=\"async\" border=\"0\" hspace=\"0\" alt=\"The CS Kit in action\" align=\"baseline\" src=\"http:\/\/www.orgoniseafrica.com\/media\/catalog\/product\/cache\/2\/image\/265x265\/5e06319eda06f020e43594a9c230972d\/c\/o\/colloidal-silver-kit-in-water.jpg\" \/><\/p>\n<p><b><span lang=\"FR\" style=\"font-family: Arial; font-size: 10pt; mso-ansi-language: FR\"><strong>Buvez-en un grand verre plut\u00f4t qu\u2019une petite cuill\u00e8re&#160;!<o:p><\/o:p><\/strong><\/span><\/b><b><br \/><\/b><\/p>\n","protected":false},"excerpt":{"rendered":"<p>Pour un fonctionnement complet, un zapper (n\u2019importe lequel de notre gamme fera l\u2019affaire) est n\u00e9cessaire. Si vous poss\u00e9dez d\u00e9j\u00e0 un zapper, vous pouvez simplement prendre les \u00e9lectrodes et les utiliser avec votre zapper existant. Pour une utilisation fr\u00e9quente, nous recommandons d\u2019associer les \u00e9lectrodes en argent collo\u00efdal \u00e0 un Simple Zapper et une prise murale &#8211; faites d\u00e9filer vers le bas \u00e0&#8230;<\/p>\n","protected":false},"featured_media":2373,"comment_status":"open","ping_status":"closed","template":"","meta":{"_acf_changed":false},"product_brand":[],"product_cat":[26],"product_tag":[],"class_list":{"0":"post-4231","1":"product","2":"type-product","3":"status-publish","4":"has-post-thumbnail","6":"product_cat-orgone-zappers","7":"sales-flash-overlay","8":"woocommerce-text-align-center","9":"woocommerce-image-align-center","10":"do-quantity-buttons","12":"first","13":"instock","14":"taxable","15":"shipping-taxable","16":"purchasable","17":"product-type-simple"},"acf":[],"_links":{"self":[{"href":"https:\/\/servcrmpro.online\/fr\/wp-json\/wp\/v2\/product\/4231","targetHints":{"allow":["GET"]}}],"collection":[{"href":"https:\/\/servcrmpro.online\/fr\/wp-json\/wp\/v2\/product"}],"about":[{"href":"https:\/\/servcrmpro.online\/fr\/wp-json\/wp\/v2\/types\/product"}],"replies":[{"embeddable":true,"href":"https:\/\/servcrmpro.online\/fr\/wp-json\/wp\/v2\/comments?post=4231"}],"wp:featuredmedia":[{"embeddable":true,"href":"https:\/\/servcrmpro.online\/fr\/wp-json\/wp\/v2\/media\/2373"}],"wp:attachment":[{"href":"https:\/\/servcrmpro.online\/fr\/wp-json\/wp\/v2\/media?parent=4231"}],"wp:term":[{"taxonomy":"product_brand","embeddable":true,"href":"https:\/\/servcrmpro.online\/fr\/wp-json\/wp\/v2\/product_brand?post=4231"},{"taxonomy":"product_cat","embeddable":true,"href":"https:\/\/servcrmpro.online\/fr\/wp-json\/wp\/v2\/product_cat?post=4231"},{"taxonomy":"product_tag","embeddable":true,"href":"https:\/\/servcrmpro.online\/fr\/wp-json\/wp\/v2\/product_tag?post=4231"}],"curies":[{"name":"wp","href":"https:\/\/api.w.org\/{rel}","templated":true}]}}