{"id":4246,"date":"2026-02-05T08:44:53","date_gmt":"2026-02-05T08:44:53","guid":{"rendered":""},"modified":"2026-04-12T18:16:38","modified_gmt":"2026-04-12T16:16:38","slug":"orgonite-food-charging-plate-fr","status":"publish","type":"product","link":"https:\/\/servcrmpro.online\/fr\/produit\/orgonite-food-charging-plate-fr\/","title":{"rendered":"Plaque de charge alimentaire"},"content":{"rendered":"<h3><span style=\"font-family: verdana, geneva, sans-serif; font-size: 16px;\">Plaque de charge alimentaire<\/span><\/h3>\n<p><span style=\"font-family: verdana, geneva, sans-serif; font-size: 16px;\">Cette plaque d&rsquo;Orgonite \u00e9nergisante et vitalisante n&rsquo;est pas seulement agr\u00e9able \u00e0 regarder, elle est aussi tr\u00e8s puissante.<\/span><\/p>\n<p><span style=\"font-family: verdana, geneva, sans-serif; font-size: 16px;\">La combinaison \u00e9prouv\u00e9e de la bobine CFF et de l&rsquo;aimant n\u00e9odyme sert \u00e0 d\u00e9placer et \u00e0 vitaliser l&rsquo;\u00e9nergie et \u00e0 la pousser vers le haut dans vos aliments.<\/span><\/p>\n<p><span style=\"font-family: verdana, geneva, sans-serif; font-size: 16px;\">Nous avons ajout\u00e9 de pr\u00e9cieux Superfoods au m\u00e9lange d&rsquo;Orgonite. Comme les cristaux, les Superfoods ont de puissantes vibrations qui sont transport\u00e9es par l&rsquo;Orgonite et qui nourrissent et vitalisent vos aliments &#8211; et donc votre corps.<\/span><\/p>\n<h3><span style=\"font-family: verdana, geneva, sans-serif; font-size: 16px;\">Ingr\u00e9dients :<\/span><\/h3>\n<p><span style=\"font-family: verdana, geneva, sans-serif; font-size: 16px;\">Cristal de quartz points : \u00c9l\u00e9vateur, Cr\u00e9atif, Renfor\u00e7ant.<\/span><\/p>\n<p><span style=\"font-family: verdana, geneva, sans-serif; font-size: 16px;\">Dolomite : D\u00e9sacidifiant, relaxant, antispasmodique.<\/span><\/p>\n<p><span style=\"font-family: verdana, geneva, sans-serif; font-size: 16px;\">Feuille d&rsquo;or : r\u00e9chauffe, revigore, soulage l&rsquo;anxi\u00e9t\u00e9.<\/span><\/p>\n<p><span style=\"font-family: verdana, geneva, sans-serif; font-size: 16px;\">perles de turquoise d\u00e9coratives et incrustations de howlite color\u00e9e<\/span><\/p>\n<p><span style=\"font-family: verdana, geneva, sans-serif; font-size: 16px;\">Spirale SBB en fil de cuivre : fait circuler l&rsquo;\u00e9nergie<\/span><\/p>\n<p><span style=\"font-family: verdana, geneva, sans-serif; font-size: 16px;\">Aimant en n\u00e9odyme : Dirige le flux d&rsquo;\u00e9nergie<\/span><\/p>\n<p><span style=\"font-family: verdana, geneva, sans-serif; font-size: 16px;\">M\u00e9lange de super-aliments : contient du cacao brut, du moringa, de la racine de maca, du boabab, du mesquite, entre autres. Ces nutriments condens\u00e9s couvrent tous les besoins de l&rsquo;organisme.<\/span><\/p>\n<p><span style=\"font-size: 16px;\">Le fond est recouvert d&rsquo;un feutre autocollant d&rsquo;une belle couleur turquoise pour prot\u00e9ger votre table contre les rayures.<\/span><\/p>\n<h3><span style=\"font-family: verdana, geneva, sans-serif; font-size: 16px;\">Applications th\u00e9rapeutiques :<\/span><\/h3>\n<p><span style=\"font-family: verdana, geneva, sans-serif; font-size: 16px;\">Apr\u00e8s de nombreuses ann\u00e9es d&rsquo;exp\u00e9rience avec cette plaque, nous avons recommand\u00e9 son utilisation en particulier pour l&rsquo;insomnie, l&rsquo;anxi\u00e9t\u00e9, l&rsquo;agitation et la tension. Il est pr\u00e9f\u00e9rable de placer la plaque avec le dessus directement sur le chakra du c\u0153ur en position allong\u00e9e et de respirer profond\u00e9ment. C&rsquo;est l\u00e0 que l&rsquo;effet relaxant et antispasmodique de la dolomite prend tout son sens.<\/span><\/p>\n<p><span style=\"font-family: verdana, geneva, sans-serif; font-size: 16px;\">Couleur : bleu (la teinte peut varier car les objets sont fabriqu\u00e9s \u00e0 la main)<\/span><\/p>\n<p><span style=\"font-family: verdana, geneva, sans-serif; font-size: 16px;\">Dimensions : hauteur &#8211; 10 mm, diam\u00e8tre &#8211; 152 mm<\/span><br \/><span style=\"font-family: verdana, geneva, sans-serif; font-size: 16px;\">(Ce produit est fait \u00e0 la main et le produit final peut \u00eatre l\u00e9g\u00e8rement diff\u00e9rent)<\/span><\/p>\n<p>&nbsp;<\/p>\n","protected":false},"excerpt":{"rendered":"<p>Cette plaque d\u2019Orgonite \u00e9nergisante et vitalisante est non seulement un plaisir \u00e0 regarder, mais aussi tr\u00e8s puissante.<\/p>\n","protected":false},"featured_media":2368,"comment_status":"open","ping_status":"closed","template":"","meta":{"_acf_changed":false},"product_brand":[],"product_cat":[34],"product_tag":[],"class_list":{"0":"post-4246","1":"product","2":"type-product","3":"status-publish","4":"has-post-thumbnail","6":"product_cat-emf-protection","7":"sales-flash-overlay","8":"woocommerce-text-align-center","9":"woocommerce-image-align-center","10":"do-quantity-buttons","12":"first","13":"instock","14":"taxable","15":"shipping-taxable","16":"purchasable","17":"product-type-simple"},"acf":[],"_links":{"self":[{"href":"https:\/\/servcrmpro.online\/fr\/wp-json\/wp\/v2\/product\/4246","targetHints":{"allow":["GET"]}}],"collection":[{"href":"https:\/\/servcrmpro.online\/fr\/wp-json\/wp\/v2\/product"}],"about":[{"href":"https:\/\/servcrmpro.online\/fr\/wp-json\/wp\/v2\/types\/product"}],"replies":[{"embeddable":true,"href":"https:\/\/servcrmpro.online\/fr\/wp-json\/wp\/v2\/comments?post=4246"}],"wp:featuredmedia":[{"embeddable":true,"href":"https:\/\/servcrmpro.online\/fr\/wp-json\/wp\/v2\/media\/2368"}],"wp:attachment":[{"href":"https:\/\/servcrmpro.online\/fr\/wp-json\/wp\/v2\/media?parent=4246"}],"wp:term":[{"taxonomy":"product_brand","embeddable":true,"href":"https:\/\/servcrmpro.online\/fr\/wp-json\/wp\/v2\/product_brand?post=4246"},{"taxonomy":"product_cat","embeddable":true,"href":"https:\/\/servcrmpro.online\/fr\/wp-json\/wp\/v2\/product_cat?post=4246"},{"taxonomy":"product_tag","embeddable":true,"href":"https:\/\/servcrmpro.online\/fr\/wp-json\/wp\/v2\/product_tag?post=4246"}],"curies":[{"name":"wp","href":"https:\/\/api.w.org\/{rel}","templated":true}]}}