{"id":4249,"date":"2026-02-05T08:45:01","date_gmt":"2026-02-05T08:45:01","guid":{"rendered":""},"modified":"2026-04-11T19:52:57","modified_gmt":"2026-04-11T17:52:57","slug":"booster-hhg-fr","status":"publish","type":"product","link":"https:\/\/servcrmpro.online\/fr\/produit\/booster-hhg-fr\/","title":{"rendered":"Booster HHG"},"content":{"rendered":"<p><span style=\"font-family: verdana, geneva; font-size: large;\">Amplificateur HHG pour Cloudbuster de 28 mm, optimis\u00e9 avec du CO2-GANS<\/span><\/p>\n<p><span style=\"font-family: verdana, geneva; font-size: large;\">Nos produits GANS contiennent un flacon de 10 ml de CO2 GANS &#8211; \u00ab GAs in a Nano State \u00bb. Cette technologie a \u00e9t\u00e9 d\u00e9velopp\u00e9e par M.V. Keshe. Le CO2 GANS d\u00e9signe les particules de CO2 contenues dans l&#x27;eau, qui sont attir\u00e9es par un champ \u00e9lectromagn\u00e9tique. Ce GANS est tr\u00e8s riche en \u00e9nergie et peut m\u00eame \u00eatre utilis\u00e9 comme source d&#x27;\u00e9nergie libre.<\/span><\/p>\n<p><span style=\"font-family: verdana, geneva; font-size: large;\">Nous l&#x27;utilisons pour donner un formidable coup de pouce \u00e0 notre orgonite, par exemple dans nos HHG Booster, que nous aimons associer aux Cloudbusters de 28 mm. Nous avons d\u00e9j\u00e0 d\u00e9ploy\u00e9 plusieurs de ces combinaisons \u00e0 travers l&#x27;Afrique du Sud, avec un impact positif consid\u00e9rable sur les pr\u00e9cipitations \u2013 consultez les r\u00e9cents articles de blog \u00ab No Hour Zero \u00bb pour plus d&#x27;informations \u00e0 ce sujet.<\/span><\/p>\n<p><span style=\"font-family: verdana, geneva; font-size: large;\">Il vous suffit de glisser ce HHG entre les tubes de votre Cloudbuster pour constater qu&#x27;il amplifie l&#x27;effet. Le Booster HHG peut \u00e9galement \u00eatre utilis\u00e9 seul, mais nous ne proposons actuellement que la version \u00ab mont\u00e9e \u00bb.<\/span><\/p>\n<p><span style=\"font-family: verdana, geneva; font-size: large;\">Dimensions : hauteur &#8211; 87 mm, diam\u00e8tre &#8211; 88 mm<br \/>(Ce produit est fabriqu\u00e9 \u00e0 la main et le produit final peut pr\u00e9senter de l\u00e9g\u00e8res variations)<\/span><\/p>\n","protected":false},"excerpt":{"rendered":"<p>Ce HHG de propulsion contient une balle de ping-pong remplie de GANS ZnO &#8211; \u00ab GA en un nano-\u00e9tat de solide \u00bb. Cette technologie a \u00e9t\u00e9 d\u00e9velopp\u00e9e par M.V. Keshe. ZnO GANS est la description des particules de Zink et d\u2019oxyg\u00e8ne contenues dans l\u2019eau, qui sont attir\u00e9es par un champ \u00e9lectromagn\u00e9tique. Ce GANS est tr\u00e8s&#8230;<\/p>\n","protected":false},"featured_media":2367,"comment_status":"open","ping_status":"closed","template":"","meta":{"_acf_changed":false},"product_brand":[],"product_cat":[70],"product_tag":[],"class_list":{"0":"post-4249","1":"product","2":"type-product","3":"status-publish","4":"has-post-thumbnail","6":"product_cat-tactical-orgonite","7":"sales-flash-overlay","8":"woocommerce-text-align-center","9":"woocommerce-image-align-center","10":"do-quantity-buttons","12":"first","13":"outofstock","14":"taxable","15":"shipping-taxable","16":"purchasable","17":"product-type-simple"},"acf":[],"_links":{"self":[{"href":"https:\/\/servcrmpro.online\/fr\/wp-json\/wp\/v2\/product\/4249","targetHints":{"allow":["GET"]}}],"collection":[{"href":"https:\/\/servcrmpro.online\/fr\/wp-json\/wp\/v2\/product"}],"about":[{"href":"https:\/\/servcrmpro.online\/fr\/wp-json\/wp\/v2\/types\/product"}],"replies":[{"embeddable":true,"href":"https:\/\/servcrmpro.online\/fr\/wp-json\/wp\/v2\/comments?post=4249"}],"wp:featuredmedia":[{"embeddable":true,"href":"https:\/\/servcrmpro.online\/fr\/wp-json\/wp\/v2\/media\/2367"}],"wp:attachment":[{"href":"https:\/\/servcrmpro.online\/fr\/wp-json\/wp\/v2\/media?parent=4249"}],"wp:term":[{"taxonomy":"product_brand","embeddable":true,"href":"https:\/\/servcrmpro.online\/fr\/wp-json\/wp\/v2\/product_brand?post=4249"},{"taxonomy":"product_cat","embeddable":true,"href":"https:\/\/servcrmpro.online\/fr\/wp-json\/wp\/v2\/product_cat?post=4249"},{"taxonomy":"product_tag","embeddable":true,"href":"https:\/\/servcrmpro.online\/fr\/wp-json\/wp\/v2\/product_tag?post=4249"}],"curies":[{"name":"wp","href":"https:\/\/api.w.org\/{rel}","templated":true}]}}