{"id":4252,"date":"2026-02-05T08:45:10","date_gmt":"2026-02-05T08:45:10","guid":{"rendered":""},"modified":"2026-04-08T20:59:20","modified_gmt":"2026-04-08T18:59:20","slug":"mysterious-and-dark-orgonite-fr","status":"publish","type":"product","link":"https:\/\/servcrmpro.online\/fr\/produit\/mysterious-and-dark-orgonite-fr\/","title":{"rendered":"Myst\u00e9rieux et sombre"},"content":{"rendered":"<h2>Plaque de charge en orgonite myst\u00e9rieuse et sombre<\/h2>\n<p>Cette plaque de charge universelle est tr\u00e8s belle \u00e0 regarder et poss\u00e8de une \u00e9nergie tr\u00e8s calme et chaleureuse. Elle a deux c\u00f4t\u00e9s lisses, chacun charg\u00e9 de belles pierres pr\u00e9cieuses. Energisez votre nourriture et vos boissons et utilisez-la pour votre gu\u00e9rison personnelle en l&rsquo;appliquant directement sur votre corps.<\/p>\n<p>En buvant de l&rsquo;eau charg\u00e9e de cette belle \u00e9nergie, vous go\u00fbterez et sentirez la diff\u00e9rence. L&rsquo;eau ainsi charg\u00e9e va directement restructurer votre eau cellulaire.&nbsp;<\/p>\n<h3>Ingr\u00e9dients :<\/h3>\n<p>Cristal de quartz points : \u00c9l\u00e9vateur, Cr\u00e9atif, Renfor\u00e7ant.<\/p>\n<p>Malachite : \u00c9quilibrante, apaisante, d\u00e9toxifiante<\/p>\n<p>Apatite : Ordre, flexibilit\u00e9, force.<\/p>\n<p>Aventurine verte : Equilibre, Calme, Stabilit\u00e9<\/p>\n<p>Fuchsite : Conscience, satisfaction, protection<\/p>\n<p>Bobine SBB : fait circuler l&rsquo;\u00e9nergie<\/p>\n<p>Aimant en n\u00e9odyme : Dirige le flux d&rsquo;\u00e9nergie<\/p>\n<p>Mica : Protection, blindage contre les champs \u00e9lectromagn\u00e9tiques<\/p>\n<p>Le m\u00e9tal de la Matrice d&rsquo;Orgonite est en partie du laiton, ce qui donne \u00e0 la plaque une \u00e9nergie de gu\u00e9rison extra douce et chaude.<\/p>\n<h3>Application<\/h3>\n<p><img loading=\"lazy\" decoding=\"async\" src=\"{{media url=\"wysiwyg\/M_D_Foodplate_appl.jpeg\"}}\" alt=\"Utilisation de la plaque de recharge en orgonite\" width=\"600\" height=\"800\"><\/p>\n<p>Cette plaque \u00e9nergise l&rsquo;eau, les boissons, les fruits et tous les autres aliments. Utilise-la tous les jours dans la cuisine ou sur la table \u00e0 manger. Plus les aliments ou les boissons restent longtemps sur la plaque, plus l&rsquo;effet vitalisant est fort.<\/p>\n<p>&nbsp;<\/p>\n<p>Dimensions de la plaque : 180 mm de diam\u00e8tre, environ 20 mm d&rsquo;\u00e9paisseur<\/p>\n<p>Poids : 650-750gr<\/p>\n<p>Chaque pi\u00e8ce est fabriqu\u00e9e individuellement \u00e0 la main et l&rsquo;apparence peut diff\u00e9rer de la photo.<\/p>\n","protected":false},"excerpt":{"rendered":"<p>Cette plaque de recharge universelle est magnifique \u00e0 regarder et d\u00e9gage une \u00e9nergie tr\u00e8s calme et chaleureuse. Il poss\u00e8de deux c\u00f4t\u00e9s lisses, chacun charg\u00e9 de magnifiques pierres pr\u00e9cieuses. \u00c9nergisez votre nourriture et votre boisson et utilisez-les pour la gu\u00e9rison personnelle en l\u2019appliquant directement sur votre corps.<\/p>\n","protected":false},"featured_media":2366,"comment_status":"open","ping_status":"closed","template":"","meta":{"_acf_changed":false},"product_brand":[],"product_cat":[34],"product_tag":[],"class_list":{"0":"post-4252","1":"product","2":"type-product","3":"status-publish","4":"has-post-thumbnail","6":"product_cat-emf-protection","7":"sales-flash-overlay","8":"woocommerce-text-align-center","9":"woocommerce-image-align-center","10":"do-quantity-buttons","12":"first","13":"instock","14":"taxable","15":"shipping-taxable","16":"purchasable","17":"product-type-simple"},"acf":[],"_links":{"self":[{"href":"https:\/\/servcrmpro.online\/fr\/wp-json\/wp\/v2\/product\/4252","targetHints":{"allow":["GET"]}}],"collection":[{"href":"https:\/\/servcrmpro.online\/fr\/wp-json\/wp\/v2\/product"}],"about":[{"href":"https:\/\/servcrmpro.online\/fr\/wp-json\/wp\/v2\/types\/product"}],"replies":[{"embeddable":true,"href":"https:\/\/servcrmpro.online\/fr\/wp-json\/wp\/v2\/comments?post=4252"}],"wp:featuredmedia":[{"embeddable":true,"href":"https:\/\/servcrmpro.online\/fr\/wp-json\/wp\/v2\/media\/2366"}],"wp:attachment":[{"href":"https:\/\/servcrmpro.online\/fr\/wp-json\/wp\/v2\/media?parent=4252"}],"wp:term":[{"taxonomy":"product_brand","embeddable":true,"href":"https:\/\/servcrmpro.online\/fr\/wp-json\/wp\/v2\/product_brand?post=4252"},{"taxonomy":"product_cat","embeddable":true,"href":"https:\/\/servcrmpro.online\/fr\/wp-json\/wp\/v2\/product_cat?post=4252"},{"taxonomy":"product_tag","embeddable":true,"href":"https:\/\/servcrmpro.online\/fr\/wp-json\/wp\/v2\/product_tag?post=4252"}],"curies":[{"name":"wp","href":"https:\/\/api.w.org\/{rel}","templated":true}]}}