{"id":4255,"date":"2026-02-05T08:45:17","date_gmt":"2026-02-05T08:45:17","guid":{"rendered":""},"modified":"2026-04-06T07:47:51","modified_gmt":"2026-04-06T05:47:51","slug":"lapis-lazuli-tb-fr","status":"publish","type":"product","link":"https:\/\/servcrmpro.online\/fr\/produit\/lapis-lazuli-tb-fr\/","title":{"rendered":"Lapis lazuli TB"},"content":{"rendered":"<p><strong>Le Lapis Lazuli<\/strong> est aussi appel\u00e9 la pierre de la v\u00e9rit\u00e9. Ses <strong>propri\u00e9t\u00e9s de gu\u00e9rison<\/strong> bien document\u00e9es vont de l&rsquo;apaisement des douleurs articulaires et des inflammation en g\u00e9n\u00e9ral au renforcement de la capacit\u00e9 de dire et d&rsquo;entendre la v\u00e9rit\u00e9. Le lapis lazuli aide \u00e0 d\u00e9faire les sch\u00e9mas comportementaux&#160; qui nous limitent,&#160; \u00e0 surmonter la d\u00e9pression et \u00e0 adopter une attitude de confiance en la vie.<\/p>\n<p><strong>Une pierre merveilleuse &#8211; encore plus merveilleuse quand elle est amplifi\u00e9e par la puissance de l&rsquo;orgonite.<\/strong><\/p>\n<p>Nous en avons tout d&rsquo;abord fabriqu\u00e9s quelques-uns suite aux demandes sp\u00e9ciales d&rsquo;amis. Leurs r\u00e9actions&#160; tr\u00e8s positives nous ont convaincus de les proposer comme un produit standard.<\/p>\n<p>Ils sont particuli\u00e8rement recommand\u00e9s pour la maison, ainsi que comme cadeaux pour les institutions du gouvernement et autres endroits o\u00f9 les gens prennent des d\u00e9cisions qui nous concernent tous.<\/p>\n<p><b>Utilisez-les partout <\/b><strong>o\u00f9<\/strong><b> <\/b><b>un peu plus de v<\/b><b>\u00e9<\/b><b>rit\u00e9 et un change<\/b><b>ment des <\/b><b>habitudes \u00e9triqu\u00e9es sont n\u00e9cessaires!<\/b><\/p>\n<p><b><\/p>\n<p><\/b>Pour ce TB nous utilisons au moins 4-5 perles et des \u00e9clatsde lapis lazuli , et bien s\u00fbr le cristal de roche habituel. Le fini est comparable aux TB Slick Jim, qui sont s\u00e9lectionn\u00e9s pour leur surface lisse et dont les bords sont ponc\u00e9s avec du papier \u00e9meri, maisdont la surface n&rsquo;est pas brillante.&#160; Sinon, il devrait \u00eatre beaucoup plus cher.<\/p>\n<p>&#160;<\/p>\n","protected":false},"excerpt":{"rendered":"<p>Tour-briseur en orgonite avec lapis-lazuli pour promouvoir l\u2019ouverture, l\u2019expression de soi et l\u2019honn\u00eatet\u00e9.<\/p>\n","protected":false},"featured_media":2365,"comment_status":"open","ping_status":"closed","template":"","meta":{"_acf_changed":false},"product_brand":[],"product_cat":[70],"product_tag":[],"class_list":{"0":"post-4255","1":"product","2":"type-product","3":"status-publish","4":"has-post-thumbnail","6":"product_cat-tactical-orgonite","7":"sales-flash-overlay","8":"woocommerce-text-align-center","9":"woocommerce-image-align-center","10":"do-quantity-buttons","12":"first","13":"instock","14":"taxable","15":"shipping-taxable","16":"purchasable","17":"product-type-simple"},"acf":[],"_links":{"self":[{"href":"https:\/\/servcrmpro.online\/fr\/wp-json\/wp\/v2\/product\/4255","targetHints":{"allow":["GET"]}}],"collection":[{"href":"https:\/\/servcrmpro.online\/fr\/wp-json\/wp\/v2\/product"}],"about":[{"href":"https:\/\/servcrmpro.online\/fr\/wp-json\/wp\/v2\/types\/product"}],"replies":[{"embeddable":true,"href":"https:\/\/servcrmpro.online\/fr\/wp-json\/wp\/v2\/comments?post=4255"}],"wp:featuredmedia":[{"embeddable":true,"href":"https:\/\/servcrmpro.online\/fr\/wp-json\/wp\/v2\/media\/2365"}],"wp:attachment":[{"href":"https:\/\/servcrmpro.online\/fr\/wp-json\/wp\/v2\/media?parent=4255"}],"wp:term":[{"taxonomy":"product_brand","embeddable":true,"href":"https:\/\/servcrmpro.online\/fr\/wp-json\/wp\/v2\/product_brand?post=4255"},{"taxonomy":"product_cat","embeddable":true,"href":"https:\/\/servcrmpro.online\/fr\/wp-json\/wp\/v2\/product_cat?post=4255"},{"taxonomy":"product_tag","embeddable":true,"href":"https:\/\/servcrmpro.online\/fr\/wp-json\/wp\/v2\/product_tag?post=4255"}],"curies":[{"name":"wp","href":"https:\/\/api.w.org\/{rel}","templated":true}]}}