{"id":4258,"date":"2026-02-05T08:45:27","date_gmt":"2026-02-05T08:45:27","guid":{"rendered":""},"modified":"2026-04-06T07:49:33","modified_gmt":"2026-04-06T05:49:33","slug":"1l-aluminium-filings-fr","status":"publish","type":"product","link":"https:\/\/servcrmpro.online\/fr\/produit\/1l-aluminium-filings-fr\/","title":{"rendered":"Copeaux d\u2019aluminium"},"content":{"rendered":"<h1>La limaille d&rsquo;aluminium<\/h1>\n<ul>\n<li>C&rsquo;est aussi simple que cela : De la limaille d&rsquo;aluminium au litre.<\/li>\n<li>Un litre permet de fabriquer environ 10 TB ou 2 HHG, selon la taille bien s\u00fbr.<\/li>\n<li>Ce sont les m\u00eames limailles que nous utilisons dans notre orgonite.<\/li>\n<li>Il y a des traces de laiton et de cuivre et peut-\u00eatre aussi de l&rsquo;acier.<\/li>\n<li>Nous vous recommandons de ne les commander que si vous n&rsquo;avez pas trouv\u00e9 de fournisseur ad\u00e9quat pour de plus grandes quantit\u00e9s dans votre r\u00e9gion, car la limaille d&rsquo;aluminium est g\u00e9n\u00e9ralement moins ch\u00e8re \u00e0 fournir localement en grandes quantit\u00e9s.<\/li>\n<\/ul>\n","protected":false},"excerpt":{"rendered":"<p>Lamages d\u2019aluminium du fabricant d\u2019orgonite<\/p>\n<p>C\u2019est aussi simple que \u00e7a : des limailles d\u2019aluminium au litre.<br \/>\nIl y a environ 4,5 litres par gallon.<br \/>\n1 litre produit environ 10 To ou 2 HHG, selon la taille bien s\u00fbr.<br \/>\nCe sont les m\u00eames limatures que nous utilisons dans notre orgonite.<br \/>\nIl y a des traces de laiton et de cuivre et peut-\u00eatre&#8230;<\/p>\n","protected":false},"featured_media":2364,"comment_status":"open","ping_status":"closed","template":"","meta":{"_acf_changed":false},"product_brand":[],"product_cat":[70],"product_tag":[],"class_list":{"0":"post-4258","1":"product","2":"type-product","3":"status-publish","4":"has-post-thumbnail","6":"product_cat-tactical-orgonite","7":"sales-flash-overlay","8":"woocommerce-text-align-center","9":"woocommerce-image-align-center","10":"do-quantity-buttons","12":"first","13":"instock","14":"taxable","15":"shipping-taxable","16":"purchasable","17":"product-type-simple"},"acf":[],"_links":{"self":[{"href":"https:\/\/servcrmpro.online\/fr\/wp-json\/wp\/v2\/product\/4258","targetHints":{"allow":["GET"]}}],"collection":[{"href":"https:\/\/servcrmpro.online\/fr\/wp-json\/wp\/v2\/product"}],"about":[{"href":"https:\/\/servcrmpro.online\/fr\/wp-json\/wp\/v2\/types\/product"}],"replies":[{"embeddable":true,"href":"https:\/\/servcrmpro.online\/fr\/wp-json\/wp\/v2\/comments?post=4258"}],"wp:featuredmedia":[{"embeddable":true,"href":"https:\/\/servcrmpro.online\/fr\/wp-json\/wp\/v2\/media\/2364"}],"wp:attachment":[{"href":"https:\/\/servcrmpro.online\/fr\/wp-json\/wp\/v2\/media?parent=4258"}],"wp:term":[{"taxonomy":"product_brand","embeddable":true,"href":"https:\/\/servcrmpro.online\/fr\/wp-json\/wp\/v2\/product_brand?post=4258"},{"taxonomy":"product_cat","embeddable":true,"href":"https:\/\/servcrmpro.online\/fr\/wp-json\/wp\/v2\/product_cat?post=4258"},{"taxonomy":"product_tag","embeddable":true,"href":"https:\/\/servcrmpro.online\/fr\/wp-json\/wp\/v2\/product_tag?post=4258"}],"curies":[{"name":"wp","href":"https:\/\/api.w.org\/{rel}","templated":true}]}}