{"id":4261,"date":"2026-02-05T08:45:38","date_gmt":"2026-02-05T08:45:38","guid":{"rendered":""},"modified":"2026-04-06T07:47:58","modified_gmt":"2026-04-06T05:47:58","slug":"3-orgonite-earth-needles-fr","status":"publish","type":"product","link":"https:\/\/servcrmpro.online\/fr\/produit\/3-orgonite-earth-needles-fr\/","title":{"rendered":"3 Orgonite Earth Needles"},"content":{"rendered":"<h2>Id\u00e9al pour neutraliser toute forme de stress g\u00e9opathique.<\/h2>\n<p>L&#x27;orgonite est en train de devenir rapidement l&#x27;outil de pr\u00e9dilection des sourciers et des purificateurs de maisons.<\/p>\n<p><span style=\"font-size: medium; font-family: verdana, geneva;\">Les Earthpipes en orgonite sont particuli\u00e8rement efficaces pour neutraliser les lignes de stress g\u00e9opathique ou toute \u00e9nergie n\u00e9gative pr\u00e9sente dans le sol. Contrairement aux tiges de cuivre traditionnelles, les Earthpipes en orgonite impr\u00e8gnent la ligne de faille d&#x27;\u00e9nergie orgonique positive, plut\u00f4t que de simplement faire passer l&#x27;\u00e9nergie n\u00e9gative au-dessus de la maison de la personne concern\u00e9e.\u00a0<\/span><\/p>\n<p><span style=\"font-size: medium; font-family: verdana, geneva;\">Pour en savoir plus, consultez <a title=\"Orgonite and geopathic stress\" href=\"https:\/\/www.orgoniseafrica.com\/orgonite-dowsing\" target=\"_blank\" rel=\"noopener\">l&#x27;article<\/a> de <a title=\"Orgonite and geopathic stress\" href=\"https:\/\/www.orgoniseafrica.com\/orgonite-dowsing\" target=\"_blank\" rel=\"noopener\">Tino Putego<\/a> ici.<\/span><\/p>\n<p><span style=\"font-size: medium; font-family: verdana, geneva;\">Notre grand Earthpipe est tr\u00e8s r\u00e9sistant et peut \u00e9galement \u00eatre utilis\u00e9 pour des technologies secr\u00e8tes souterraines (bases souterraines). <\/span><\/p>\n<p><span style=\"font-size: medium; font-family: verdana, geneva;\">Si des lignes de stress n\u00e9gatives p\u00e9n\u00e8trent dans votre maison, le choix le plus \u00e9conomique serait cet ensemble de 3 Earth Needles de 22 mm.<\/span><\/p>\n<p><span style=\"font-size: medium; font-family: verdana, geneva;\">Tout comme les Earthpipes plus grands, ces Earth Needles sont partiellement remplis d&#x27;orgonite dans laquelle est incrust\u00e9 un cristal enroul\u00e9. La pointe du cristal est orient\u00e9e vers l&#x27;extr\u00e9mit\u00e9 creuse qui sera tourn\u00e9e vers le bas. <\/span><\/p>\n<p><span style=\"font-size: medium; font-family: verdana, geneva;\">Autres ingr\u00e9dients :<\/span><\/p>\n<p><strong><span style=\"font-family: verdana, geneva; font-size: medium;\">&#8211; Tourmaline noire : <\/span><\/strong><span style=\"font-family: verdana, geneva; font-size: medium;\">un talisman de protection, une pierre tr\u00e8s puissante contre les champs \u00e9lectromagn\u00e9tiques et autres fr\u00e9quences n\u00e9gatives<\/span><\/p>\n<p><span style=\"font-family: verdana, geneva; font-size: medium;\"><strong>&#8211; Jaspe rouge : <\/strong>soulage le stress, ancrage et purification, renforce la passion, la force et l&#x27;endurance<br \/><\/span><\/p>\n<p>\u00a0<\/p>\n<p>Dimensions : hauteur &#8211; 22 mm, diam\u00e8tre &#8211; 20 mm<br \/>(Ce produit est fabriqu\u00e9 \u00e0 la main et le produit final peut pr\u00e9senter de l\u00e9g\u00e8res variations)<\/p>\n<p><span style=\"font-size: medium; font-family: verdana, geneva;\">Poids : environ 330 g<\/span><\/p>\n","protected":false},"excerpt":{"rendered":"<p>L\u2019orgonite devient rapidement l\u2019outil privil\u00e9gi\u00e9 des radiesth\u00e9sieurs et des d\u00e9mineurs de maisons.<\/p>\n","protected":false},"featured_media":2363,"comment_status":"open","ping_status":"closed","template":"","meta":{"_acf_changed":false},"product_brand":[],"product_cat":[70],"product_tag":[],"class_list":{"0":"post-4261","1":"product","2":"type-product","3":"status-publish","4":"has-post-thumbnail","6":"product_cat-tactical-orgonite","7":"sales-flash-overlay","8":"woocommerce-text-align-center","9":"woocommerce-image-align-center","10":"do-quantity-buttons","12":"first","13":"instock","14":"taxable","15":"shipping-taxable","16":"purchasable","17":"product-type-simple"},"acf":[],"_links":{"self":[{"href":"https:\/\/servcrmpro.online\/fr\/wp-json\/wp\/v2\/product\/4261","targetHints":{"allow":["GET"]}}],"collection":[{"href":"https:\/\/servcrmpro.online\/fr\/wp-json\/wp\/v2\/product"}],"about":[{"href":"https:\/\/servcrmpro.online\/fr\/wp-json\/wp\/v2\/types\/product"}],"replies":[{"embeddable":true,"href":"https:\/\/servcrmpro.online\/fr\/wp-json\/wp\/v2\/comments?post=4261"}],"wp:featuredmedia":[{"embeddable":true,"href":"https:\/\/servcrmpro.online\/fr\/wp-json\/wp\/v2\/media\/2363"}],"wp:attachment":[{"href":"https:\/\/servcrmpro.online\/fr\/wp-json\/wp\/v2\/media?parent=4261"}],"wp:term":[{"taxonomy":"product_brand","embeddable":true,"href":"https:\/\/servcrmpro.online\/fr\/wp-json\/wp\/v2\/product_brand?post=4261"},{"taxonomy":"product_cat","embeddable":true,"href":"https:\/\/servcrmpro.online\/fr\/wp-json\/wp\/v2\/product_cat?post=4261"},{"taxonomy":"product_tag","embeddable":true,"href":"https:\/\/servcrmpro.online\/fr\/wp-json\/wp\/v2\/product_tag?post=4261"}],"curies":[{"name":"wp","href":"https:\/\/api.w.org\/{rel}","templated":true}]}}