{"id":4264,"date":"2026-02-05T08:45:47","date_gmt":"2026-02-05T08:45:47","guid":{"rendered":""},"modified":"2026-04-16T22:45:34","modified_gmt":"2026-04-16T20:45:34","slug":"orgonite-art-pendant-kandinsky-white-fr","status":"publish","type":"product","link":"https:\/\/servcrmpro.online\/fr\/produit\/orgonite-art-pendant-kandinsky-white-fr\/","title":{"rendered":"Kandinsky Pendant"},"content":{"rendered":"<h2><strong>Pendentif d&#x27;art en orgonite \u00ab Kandinsky \u00bb<\/strong><\/h2>\n<p>Une \u0153uvre d&#x27;art aux vibrations puissantes et \u00e9difiantes, qui stimule notre discernement en cette p\u00e9riode de transition tumultueuse. La s\u00e9l\u00e9nite favorise la clart\u00e9 mentale. Un riche m\u00e9lange d&#x27;autres min\u00e9raux curatifs lui conf\u00e8re une vitalit\u00e9 suppl\u00e9mentaire. L&#x27;ajout d&#x27;encens et de myrrhe, deux ingr\u00e9dients bibliques, lui conf\u00e8re une vibration spirituelle tr\u00e8s \u00e9lev\u00e9e.\u00a0<\/p>\n<p><strong>En d&#x27;autres termes : une \u0153uvre d&#x27;art \u00e9nerg\u00e9tique unique !\u00a0<\/strong><\/p>\n<p>Le pendentif est disponible avec un fond nacr\u00e9 blanc ou gris. Veuillez choisir l&#x27;option qui correspond \u00e0 votre style. Tous les autres ingr\u00e9dients sont identiques.\u00a0<\/p>\n<h3>Ingr\u00e9dients :<\/h3>\n<p><strong>Face<\/strong><\/p>\n<ul>\n<li><strong>S\u00e9l\u00e9nite<\/strong><\/li>\n<li><strong>Jaspe rouge<\/strong><\/li>\n<li><strong>Tourmaline noire<\/strong><\/li>\n<li><strong>Perlite blanche ou grise<\/strong><\/li>\n<\/ul>\n<p><strong>Dos<\/strong><\/p>\n<ul>\n<li><strong>M\u00e9lange d&#x27;orgonite avec des limaille de bronze<\/strong><\/li>\n<li><strong>Labradorite<\/strong><\/li>\n<li><strong>Cyanite<\/strong><\/li>\n<li><strong>Encens<\/strong><\/li>\n<li><strong>Myrrhe<\/strong><\/li>\n<li><strong>Quartz rose<\/strong><\/li>\n<li><strong>Am\u00e9thyste<\/strong><\/li>\n<li><strong>Traces de shungite et de s\u00e9l\u00e9nite<\/strong><\/li>\n<\/ul>\n<p>\u00a0<\/p>\n<p><strong>Dimensions :<\/strong> \u00e9paisseur &#8211; 10 mm, diam\u00e8tre &#8211; 50 mm<br \/>Ce produit est fabriqu\u00e9 \u00e0 la main ; chaque pi\u00e8ce peut pr\u00e9senter de l\u00e9g\u00e8res diff\u00e9rences.<\/p>\n","protected":false},"excerpt":{"rendered":"<p>Une \u0153uvre d\u2019art avec une forte vibration \u00e9levante, stimulant notre discernement \u00e9veill\u00e9 en ces temps turbulents de transition. La s\u00e9l\u00e9nite favorise la clart\u00e9 mentale. Un m\u00e9lange riche d\u2019autres min\u00e9raux curatifs apporte une vitalit\u00e9 vitale. L\u2019ajout de l\u2019encens biblique et de Myrhh lui donne une hauteur tr\u00e8s \u00e9lev\u00e9e&#8230;<\/p>\n","protected":false},"featured_media":2362,"comment_status":"open","ping_status":"closed","template":"","meta":{"_acf_changed":false},"product_brand":[],"product_cat":[102],"product_tag":[],"class_list":{"0":"post-4264","1":"product","2":"type-product","3":"status-publish","4":"has-post-thumbnail","6":"product_cat-orgone-energy-pendants","7":"sales-flash-overlay","8":"woocommerce-text-align-center","9":"woocommerce-image-align-center","10":"do-quantity-buttons","12":"first","13":"outofstock","14":"taxable","15":"shipping-taxable","16":"purchasable","17":"product-type-simple"},"acf":[],"_links":{"self":[{"href":"https:\/\/servcrmpro.online\/fr\/wp-json\/wp\/v2\/product\/4264","targetHints":{"allow":["GET"]}}],"collection":[{"href":"https:\/\/servcrmpro.online\/fr\/wp-json\/wp\/v2\/product"}],"about":[{"href":"https:\/\/servcrmpro.online\/fr\/wp-json\/wp\/v2\/types\/product"}],"replies":[{"embeddable":true,"href":"https:\/\/servcrmpro.online\/fr\/wp-json\/wp\/v2\/comments?post=4264"}],"wp:featuredmedia":[{"embeddable":true,"href":"https:\/\/servcrmpro.online\/fr\/wp-json\/wp\/v2\/media\/2362"}],"wp:attachment":[{"href":"https:\/\/servcrmpro.online\/fr\/wp-json\/wp\/v2\/media?parent=4264"}],"wp:term":[{"taxonomy":"product_brand","embeddable":true,"href":"https:\/\/servcrmpro.online\/fr\/wp-json\/wp\/v2\/product_brand?post=4264"},{"taxonomy":"product_cat","embeddable":true,"href":"https:\/\/servcrmpro.online\/fr\/wp-json\/wp\/v2\/product_cat?post=4264"},{"taxonomy":"product_tag","embeddable":true,"href":"https:\/\/servcrmpro.online\/fr\/wp-json\/wp\/v2\/product_tag?post=4264"}],"curies":[{"name":"wp","href":"https:\/\/api.w.org\/{rel}","templated":true}]}}