{"id":4267,"date":"2026-02-05T08:45:54","date_gmt":"2026-02-05T08:45:54","guid":{"rendered":""},"modified":"2026-04-18T19:22:08","modified_gmt":"2026-04-18T17:22:08","slug":"lapis-orgone-pendant-fr","status":"publish","type":"product","link":"https:\/\/servcrmpro.online\/fr\/produit\/lapis-orgone-pendant-fr\/","title":{"rendered":"Pendentif Lapis Lazuli"},"content":{"rendered":"<p><strong><span lang=\"FR\" style=\"font-family: Arial; font-size: 10pt; mso-ansi-language: FR\">Le lapis Lazuli<\/span><\/strong><span lang=\"FR\" style=\"font-family: Arial; font-size: 10pt; mso-ansi-language: FR\"> est aussi connu sous le nom de Pierre de V\u00e9rit\u00e9. Il a un effet b\u00e9n\u00e9fique surtout pour le chakra de la gorge. Il aide \u00e0 exprimer les \u00e9motions et les pens\u00e9es longtemps refoul\u00e9es et aussi \u00e0 accepter les critiques bien fond\u00e9es.<o:p><\/o:p><\/span><\/p>\n<p><strong>Le contenu:<\/strong><br \/>&#160;<\/p>\n<ul>\n<li><span lang=\"FR\" style=\"font-family: Arial; font-size: 10pt; mso-ansi-language: FR\">Poudre et \u00e9clats de Lapis Lazuli dans de l\u2019orgonite<\/span><\/li>\n<li><span lang=\"FR\" style=\"font-family: Arial; font-size: 10pt; mso-ansi-language: FR\">Mica pour prot\u00e9ger de l\u2019\u00e9lectrosmog, favorise r\u00e9flexion et compr\u00e9hension de soi<\/span><\/li>\n<li><span lang=\"FR\" style=\"font-family: Arial; font-size: 10pt; mso-ansi-language: FR\"><span lang=\"FR\" style=\"font-family: Arial; font-size: 10pt; mso-ansi-language: FR\">Eclats d\u2019am\u00e9thyste et de cristal de roche<o:p><\/o:p><\/span><\/span><\/li>\n<li><span lang=\"FR\" style=\"font-family: Arial; font-size: 10pt; mso-ansi-language: FR\">Double spirale SBB en fil de cuivre argent\u00e9<o:p><\/o:p><\/span><\/li>\n<li>Perles d\u00e9coratives<\/li>\n<\/ul>\n<p>&#160;<\/p>\n","protected":false},"excerpt":{"rendered":"<p>Ce magnifique petit pendentif en orgonite est un excellent am\u00e9liorateur de communication.<\/p>\n","protected":false},"featured_media":2361,"comment_status":"open","ping_status":"closed","template":"","meta":{"_acf_changed":false},"product_brand":[],"product_cat":[102],"product_tag":[],"class_list":{"0":"post-4267","1":"product","2":"type-product","3":"status-publish","4":"has-post-thumbnail","6":"product_cat-orgone-energy-pendants","7":"sales-flash-overlay","8":"woocommerce-text-align-center","9":"woocommerce-image-align-center","10":"do-quantity-buttons","12":"first","13":"instock","14":"taxable","15":"shipping-taxable","16":"purchasable","17":"product-type-simple"},"acf":[],"_links":{"self":[{"href":"https:\/\/servcrmpro.online\/fr\/wp-json\/wp\/v2\/product\/4267","targetHints":{"allow":["GET"]}}],"collection":[{"href":"https:\/\/servcrmpro.online\/fr\/wp-json\/wp\/v2\/product"}],"about":[{"href":"https:\/\/servcrmpro.online\/fr\/wp-json\/wp\/v2\/types\/product"}],"replies":[{"embeddable":true,"href":"https:\/\/servcrmpro.online\/fr\/wp-json\/wp\/v2\/comments?post=4267"}],"wp:featuredmedia":[{"embeddable":true,"href":"https:\/\/servcrmpro.online\/fr\/wp-json\/wp\/v2\/media\/2361"}],"wp:attachment":[{"href":"https:\/\/servcrmpro.online\/fr\/wp-json\/wp\/v2\/media?parent=4267"}],"wp:term":[{"taxonomy":"product_brand","embeddable":true,"href":"https:\/\/servcrmpro.online\/fr\/wp-json\/wp\/v2\/product_brand?post=4267"},{"taxonomy":"product_cat","embeddable":true,"href":"https:\/\/servcrmpro.online\/fr\/wp-json\/wp\/v2\/product_cat?post=4267"},{"taxonomy":"product_tag","embeddable":true,"href":"https:\/\/servcrmpro.online\/fr\/wp-json\/wp\/v2\/product_tag?post=4267"}],"curies":[{"name":"wp","href":"https:\/\/api.w.org\/{rel}","templated":true}]}}