{"id":4273,"date":"2026-02-05T08:46:13","date_gmt":"2026-02-05T08:46:13","guid":{"rendered":""},"modified":"2026-04-06T07:31:47","modified_gmt":"2026-04-06T05:31:47","slug":"gold-and-lapis-bundle-1-fr","status":"publish","type":"product","link":"https:\/\/servcrmpro.online\/fr\/produit\/gold-and-lapis-bundle-1-fr\/","title":{"rendered":"Faison d\u2019or et de lapis"},"content":{"rendered":"<p><span><strong>Coffret de luxe en orgonite or et lapis-lazuli<\/strong><\/span><\/p>\n<p><span>Le lapis-lazuli ouvre le chakra de la gorge, favorise l&#x27;expression de soi et renforce une communication honn\u00eate et profonde. La feuille d&#x27;or est protectrice, apaisante et symbolise la richesse et la sagesse.<\/span><\/p>\n<p><span><em>Le prix de ce lot est calcul\u00e9 de mani\u00e8re \u00e0 ce que vous b\u00e9n\u00e9ficiez d&#x27;une r\u00e9duction de 15 % sur notre orgonite or et lapis-lazuli par rapport \u00e0 l&#x27;achat s\u00e9par\u00e9 de chaque article.<\/em><\/span><\/p>\n<p><strong><span>Ce coffret contient :<\/span><\/strong><\/p>\n<p><strong><span>&#8211; Pyramide en or et lapis-lazuli : <\/span><\/strong><span>cette puissante pyramide favorise la confiance et la clart\u00e9, et constitue un puissant protecteur gr\u00e2ce \u00e0 sa croix Muti int\u00e9gr\u00e9e.<\/span><\/p>\n<p><strong><span>&#8211; SBB or et lapis : <\/span><\/strong><span>Id\u00e9al pour la gu\u00e9rison et la r\u00e9g\u00e9n\u00e9ration personnelles, le SBB est apaisant et vous apporte un regain d&#x27;\u00e9nergie pure !<\/span><\/p>\n<p><strong><span>&#8211; Pendentif en lapis-lazuli : <\/span><\/strong><span>\u00e0 porter id\u00e9alement sur le chakra de la gorge, le pendentif en lapis-lazuli favorise l&#x27;expression de la v\u00e9rit\u00e9, renforce l&#x27;expression de soi et le pouvoir personnel.<\/span><\/p>\n<p><strong><span>&#8211; Towerbusters en lapis-lazuli : <\/span><\/strong><span>les Towerbusters en lapis-lazuli apporteront de la clart\u00e9 \u00e0 n&#x27;importe quelle pi\u00e8ce o\u00f9 vous les placerez et purifieront l&#x27;espace pour permettre une communication profonde et honn\u00eate.<\/span><\/p>\n","protected":false},"excerpt":{"rendered":"<p>Bundle luxueux d\u2019orgonite en or et lapis<\/p>\n","protected":false},"featured_media":2359,"comment_status":"open","ping_status":"closed","template":"","meta":{"_acf_changed":false},"product_brand":[],"product_cat":[48,20],"product_tag":[],"class_list":{"0":"post-4273","1":"product","2":"type-product","3":"status-publish","4":"has-post-thumbnail","6":"product_cat-bundles-kits","7":"product_cat-orgonite-pyramids","8":"sales-flash-overlay","9":"woocommerce-text-align-center","10":"woocommerce-image-align-center","11":"do-quantity-buttons","13":"first","14":"instock","15":"taxable","16":"shipping-taxable","17":"purchasable","18":"product-type-simple"},"acf":[],"_links":{"self":[{"href":"https:\/\/servcrmpro.online\/fr\/wp-json\/wp\/v2\/product\/4273","targetHints":{"allow":["GET"]}}],"collection":[{"href":"https:\/\/servcrmpro.online\/fr\/wp-json\/wp\/v2\/product"}],"about":[{"href":"https:\/\/servcrmpro.online\/fr\/wp-json\/wp\/v2\/types\/product"}],"replies":[{"embeddable":true,"href":"https:\/\/servcrmpro.online\/fr\/wp-json\/wp\/v2\/comments?post=4273"}],"wp:featuredmedia":[{"embeddable":true,"href":"https:\/\/servcrmpro.online\/fr\/wp-json\/wp\/v2\/media\/2359"}],"wp:attachment":[{"href":"https:\/\/servcrmpro.online\/fr\/wp-json\/wp\/v2\/media?parent=4273"}],"wp:term":[{"taxonomy":"product_brand","embeddable":true,"href":"https:\/\/servcrmpro.online\/fr\/wp-json\/wp\/v2\/product_brand?post=4273"},{"taxonomy":"product_cat","embeddable":true,"href":"https:\/\/servcrmpro.online\/fr\/wp-json\/wp\/v2\/product_cat?post=4273"},{"taxonomy":"product_tag","embeddable":true,"href":"https:\/\/servcrmpro.online\/fr\/wp-json\/wp\/v2\/product_tag?post=4273"}],"curies":[{"name":"wp","href":"https:\/\/api.w.org\/{rel}","templated":true}]}}