{"id":4276,"date":"2026-02-05T08:46:24","date_gmt":"2026-02-05T08:46:24","guid":{"rendered":""},"modified":"2026-04-10T02:09:57","modified_gmt":"2026-04-10T00:09:57","slug":"the-minishield-fr","status":"publish","type":"product","link":"https:\/\/servcrmpro.online\/fr\/produit\/the-minishield-fr\/","title":{"rendered":"Le Mini-bouclier"},"content":{"rendered":"<p><strong><span lang=\"FR\" style=\"font-family: Arial; font-size: 10pt; mso-ansi-language: FR; mso-fareast-font-family: 'Times New Roman'; mso-fareast-language: DE-CH; mso-bidi-language: AR-SA; mso-bidi-font-family: 'Times New Roman'\">Prot\u00e9gez votre cerveau&#160;des ondes nocives !<\/span><\/strong><\/p>\n<p>.<span lang=\"FR\" style=\"font-family: Arial; font-size: 10pt; mso-ansi-language: FR; mso-bidi-font-family: 'Times New Roman'\">Le mini-bouclier est un bouton d\u2019orgonite de 26mm de diam\u00e8tre. Il peut \u00eatre fix\u00e9 sur n\u2019importe quelle surface lisse du t\u00e9l\u00e9phone. Son effet est analogue \u00e0 celui d\u2019un TB sur une antenne&#160;: il converti <span style=\"mso-bidi-font-weight: bold\">les \u00e9nergies n\u00e9gatives (DOR) g\u00e9n\u00e9r\u00e9es par les radiations <\/span>\u00e9lectromagn\u00e9tiques<span style=\"mso-bidi-font-weight: bold\"> en \u00e9nergie vitale b\u00e9n\u00e9fique \u00e0 la vie (POR).<\/span><o:p><\/o:p><\/span><br \/>Une <span style=\"color: rgb(0,0,255)\"><u>exp\u00e9rience r\u00e9cente<\/u><\/span> a montr\u00e9 des r\u00e9sultats \u00e9tonnants!<\/p>\n<p>&#160;<\/p>\n<p class=\"MsoNormal\" style=\"margin: 0cm 0cm 0pt; mso-margin-top-alt: auto; mso-margin-bottom-alt: auto\"><span lang=\"FR\" style=\"font-family: Arial; font-size: 10pt; mso-ansi-language: FR; mso-bidi-font-family: 'Times New Roman'\">Des techniques telles que le Biofeedback ou la kin\u00e9siologie ainsi que les commentaires de nos clients ont montr\u00e9 que des sympt\u00f4mes d\u00fb \u00e0 l\u2019utilisation des t\u00e9l\u00e9phones portables tels que&#160;: augmentation de la temp\u00e9rature des r\u00e9gions expos\u00e9es de la t\u00eate, maux de t\u00eate, pertes de concentration et de m\u00e9moire ont diminu\u00e9 ou disparu enti\u00e8rement<o:p><\/o:p><\/span>.<\/p>\n<p class=\"MsoNormal\" style=\"margin: 0cm 0cm 0pt; mso-margin-top-alt: auto; mso-margin-bottom-alt: auto\"><span lang=\"FR\" style=\"font-family: Arial; font-size: 10pt; mso-ansi-language: FR; mso-bidi-font-family: 'Times New Roman'\"><o:p><\/o:p><\/span><\/p>\n<p class=\"MsoNormal\" style=\"margin: 0cm 0cm 0pt; mso-margin-top-alt: auto; mso-margin-bottom-alt: auto\"><span lang=\"FR\" style=\"font-family: Arial; font-size: 10pt; mso-ansi-language: FR; mso-bidi-font-family: 'Times New Roman'\"><b style=\"mso-bidi-font-weight: normal\"><o:p><\/o:p><\/b><\/span><\/p>\n<p>&#160;<span style=\"color: rgb(0,0,255)\"><u>L&rsquo;exp\u00e9rience r\u00e9cente<\/u><\/span>&#160;<font size=\"2\"> que nous avons men\u00e9e sur la croissance de graines germ\u00e9es qui ont \u00e9t\u00e9 tremp\u00e9es dans de l\u2019eau pr\u00e9alablement expos\u00e9e \u00e0 des ondes nocives, avec ou sans protection du mini-bouclier, a montr\u00e9 des r\u00e9sultats tr\u00e8s clairs quant \u00e0 son efficacit\u00e9.<\/font><br \/><font size=\"2\">Int\u00e9ress\u00e9 \u00e0 revendre des mini-boucliers&#160;? Jetez un \u0153il&#160;au<\/font> <span style=\"color: rgb(0,0,255)\"><u>paquet revendeur<\/u><\/span><\/p>\n<p><span lang=\"FR\" style=\"font-family: Arial; font-size: 10pt; mso-ansi-language: FR; mso-bidi-font-family: 'Times New Roman'\"><strong>Ingr\u00e9dients&#160;:<\/strong><\/span><span lang=\"FR\" style=\"font-family: Arial; font-size: 10pt; mso-ansi-language: FR; mso-bidi-font-family: 'Times New Roman'\"> matrice d\u2019orgonite avec des copeaux d\u2019aluminium et de cuivre, cristal de quartz,<b style=\"mso-bidi-font-weight: normal\"> <\/b>des \u00e9clats d\u2019am\u00e9thyste, de grenat et de tourmaline noire.<b style=\"mso-bidi-font-weight: normal\"><o:p><\/o:p><\/b><\/span><br \/><b><br \/><\/b><\/p>\n","protected":false},"excerpt":{"rendered":"<p>Prot\u00e8ge-toi contre les rayons EMF nocifs de votre t\u00e9l\u00e9phone portable, ordinateur portable ou tablette gr\u00e2ce \u00e0 l\u2019Orgonite Minishield.<\/p>\n","protected":false},"featured_media":2358,"comment_status":"open","ping_status":"closed","template":"","meta":{"_acf_changed":false},"product_brand":[],"product_cat":[34],"product_tag":[],"class_list":{"0":"post-4276","1":"product","2":"type-product","3":"status-publish","4":"has-post-thumbnail","6":"product_cat-emf-protection","7":"sales-flash-overlay","8":"woocommerce-text-align-center","9":"woocommerce-image-align-center","10":"do-quantity-buttons","12":"first","13":"instock","14":"taxable","15":"shipping-taxable","16":"purchasable","17":"product-type-simple"},"acf":[],"_links":{"self":[{"href":"https:\/\/servcrmpro.online\/fr\/wp-json\/wp\/v2\/product\/4276","targetHints":{"allow":["GET"]}}],"collection":[{"href":"https:\/\/servcrmpro.online\/fr\/wp-json\/wp\/v2\/product"}],"about":[{"href":"https:\/\/servcrmpro.online\/fr\/wp-json\/wp\/v2\/types\/product"}],"replies":[{"embeddable":true,"href":"https:\/\/servcrmpro.online\/fr\/wp-json\/wp\/v2\/comments?post=4276"}],"wp:featuredmedia":[{"embeddable":true,"href":"https:\/\/servcrmpro.online\/fr\/wp-json\/wp\/v2\/media\/2358"}],"wp:attachment":[{"href":"https:\/\/servcrmpro.online\/fr\/wp-json\/wp\/v2\/media?parent=4276"}],"wp:term":[{"taxonomy":"product_brand","embeddable":true,"href":"https:\/\/servcrmpro.online\/fr\/wp-json\/wp\/v2\/product_brand?post=4276"},{"taxonomy":"product_cat","embeddable":true,"href":"https:\/\/servcrmpro.online\/fr\/wp-json\/wp\/v2\/product_cat?post=4276"},{"taxonomy":"product_tag","embeddable":true,"href":"https:\/\/servcrmpro.online\/fr\/wp-json\/wp\/v2\/product_tag?post=4276"}],"curies":[{"name":"wp","href":"https:\/\/api.w.org\/{rel}","templated":true}]}}