{"id":4279,"date":"2026-02-05T08:46:33","date_gmt":"2026-02-05T08:46:33","guid":{"rendered":""},"modified":"2026-04-13T03:06:19","modified_gmt":"2026-04-13T01:06:19","slug":"orgone-key-ring-fr","status":"publish","type":"product","link":"https:\/\/servcrmpro.online\/fr\/produit\/orgone-key-ring-fr\/","title":{"rendered":"Porte-cl\u00e9 en orgonite"},"content":{"rendered":"<p>Il y a de nombreuses mani\u00e8res d&#8217;emmener discr\u00e8tement de <strong>l&rsquo;orgonite<\/strong> partout avec vous.<\/p>\n<p>Et la v\u00e9rit\u00e9 est simple:&#160; plus il y en a &#8211; mieux c&rsquo;est !<\/p>\n<p><span id=\"result_box\"><span title=\"\" style=\"background-color: rgb(255, 255, 255);\">Le porte-clef est \u00e9galement tr\u00e8s pratique<\/span><\/span><span id=\"result_box\"><span title=\"\" style=\"background-color: rgb(255, 255, 255);\"> comme m\u00e9daillon pour votre animal de compagnie bien-aim\u00e9. <\/span><span title=\"\" style=\"background-color: rgb(255, 255, 255);\">Il a un effet tr\u00e8s revitalisant sur les animaux. <\/span><span title=\"\" style=\"\">Si bien que nous avons du l&rsquo;enlever de notre petit chien parce qu&rsquo;il devenait <\/span><\/span><span id=\"result_box\"><span title=\"\" style=\"background-color: rgb(255, 255, 255);\">trop <\/span><\/span><span id=\"result_box\"><span title=\"\" style=\"\">excit<\/span><\/span><span id=\"result_box\"><span title=\"\" style=\"background-color: rgb(255, 255, 255);\">\u00e9..<\/span><\/span><\/p>\n<p><span><span title=\"\" style=\"background-color: rgb(255, 255, 255);\">Le voici qui pose sagement pour la photo,&#160; afin de vous montrer une utilisation possible :<\/span><\/span><\/p>\n<p><img decoding=\"async\" src=\"http:\/\/orgoniseafrica.com\/images\/100920orgonedogpendant400.jpg\" alt=\"orgonite for pets - revitalising and stimulating\" \/><\/p>\n<p><span id=\"result_box\"><span title=\"\" style=\"\">Pour la protection personnelle, je vous recommande au moins les 3 options suivantes:<\/span><\/span><\/p>\n<ol>\n<li><span id=\"result_box\"><span title=\"\" style=\"background-color: rgb(230, 236, 249); color: rgb(0, 0, 0);\"> <\/span><span title=\"\" style=\"\">Portez un pendentif d&rsquo;orgonite! <\/span><span title=\"\" style=\"\">Celui que vous pr\u00e9f\u00e9rez en fonction de vos affinit\u00e9s avec <\/span><\/span><span id=\"result_box\"><span title=\"\" style=\"\"> certaines<\/span><\/span><span id=\"result_box\"><span title=\"\" style=\"\"> pierres de gu\u00e9rison<\/span><\/span><\/li>\n<li>Prot\u00e9gez votre t\u00e9l\u00e9phone portable par un minishield (mini bouclier)<\/li>\n<li>Procurez-vous un de ces porte-cl\u00e9s<\/li>\n<\/ol>\n<p>Vous pouvez  \u00e9galement porter un TB dans votre poche en permanence (je  connais des gens qui le font), mais cela ne convient pas \u00e0 tout le monde.<\/p>\n<p>&#160;<\/p>\n<p>La composition du porte-cl\u00e9s est semblable au petit pendentif d&rsquo;orgonite :<\/p>\n<p>En plus du motif d\u00e9coratif de dauphin et de l&rsquo;orgonite, le porte-cl\u00e9 contient des cristaux et des pierres semi-pr\u00e9cieuses:<\/p>\n<ul>\n<li>Cristal de roche<\/li>\n<li>Am\u00e9thyste<\/li>\n<li>Turquoise<\/li>\n<li>Grenat<\/li>\n<li>Chrysoprase (poussi\u00e8re)<\/li>\n<\/ul>\n<p>  <b>Applications:<\/b><\/p>\n<ul>\n<li>Stimulation g\u00e9n\u00e9rale du champ bio\u00e9nerg\u00e9tique pour augmenter l&rsquo;\u00e9nergie<\/li>\n<li>Protection contre les champs \u00e9lectromagn\u00e9tiques nocifs<\/li>\n<li>Protection contre les attaques psychiques (\u00ab\u00a0vampires \u00e9nerg\u00e9tiques\u00a0\u00bb)<\/li>\n<li>La Turquoise est traditionnellement consid\u00e9r\u00e9e comme une pierre qui prot\u00e8ge contre les accidents pendant les voyages.&#160;<\/li>\n<\/ul>\n<p>&#160;<\/p>\n","protected":false},"excerpt":{"rendered":"<p>Int\u00e9grez l\u2019Orgonite dans votre vie quotidienne avec ce joli porte-cl\u00e9s en Orgonite.<\/p>\n","protected":false},"featured_media":2357,"comment_status":"open","ping_status":"closed","template":"","meta":{"_acf_changed":false},"product_brand":[],"product_cat":[34],"product_tag":[],"class_list":{"0":"post-4279","1":"product","2":"type-product","3":"status-publish","4":"has-post-thumbnail","6":"product_cat-emf-protection","7":"sales-flash-overlay","8":"woocommerce-text-align-center","9":"woocommerce-image-align-center","10":"do-quantity-buttons","12":"first","13":"instock","14":"taxable","15":"shipping-taxable","16":"purchasable","17":"product-type-simple"},"acf":[],"_links":{"self":[{"href":"https:\/\/servcrmpro.online\/fr\/wp-json\/wp\/v2\/product\/4279","targetHints":{"allow":["GET"]}}],"collection":[{"href":"https:\/\/servcrmpro.online\/fr\/wp-json\/wp\/v2\/product"}],"about":[{"href":"https:\/\/servcrmpro.online\/fr\/wp-json\/wp\/v2\/types\/product"}],"replies":[{"embeddable":true,"href":"https:\/\/servcrmpro.online\/fr\/wp-json\/wp\/v2\/comments?post=4279"}],"wp:featuredmedia":[{"embeddable":true,"href":"https:\/\/servcrmpro.online\/fr\/wp-json\/wp\/v2\/media\/2357"}],"wp:attachment":[{"href":"https:\/\/servcrmpro.online\/fr\/wp-json\/wp\/v2\/media?parent=4279"}],"wp:term":[{"taxonomy":"product_brand","embeddable":true,"href":"https:\/\/servcrmpro.online\/fr\/wp-json\/wp\/v2\/product_brand?post=4279"},{"taxonomy":"product_cat","embeddable":true,"href":"https:\/\/servcrmpro.online\/fr\/wp-json\/wp\/v2\/product_cat?post=4279"},{"taxonomy":"product_tag","embeddable":true,"href":"https:\/\/servcrmpro.online\/fr\/wp-json\/wp\/v2\/product_tag?post=4279"}],"curies":[{"name":"wp","href":"https:\/\/api.w.org\/{rel}","templated":true}]}}