{"id":4282,"date":"2026-02-05T08:46:40","date_gmt":"2026-02-05T08:46:40","guid":{"rendered":""},"modified":"2026-04-13T00:57:53","modified_gmt":"2026-04-12T22:57:53","slug":"gold-and-lapis-pyramid-fr","status":"publish","type":"product","link":"https:\/\/servcrmpro.online\/fr\/produit\/gold-and-lapis-pyramid-fr\/","title":{"rendered":"Pyramide Or et Lapis"},"content":{"rendered":"<p>Une amie clairvoyante est venue me trouver avec une id\u00e9e pr\u00e9cise de ce \u00e0 quoi cette pyramide devait ressembler et quel serait son contenu. Elle en voulait 20 d&rsquo;un coup !<\/p>\n<p>La Pyramide Or et Lapis en orgonite contient une pyramide int\u00e9rieure qui est recouverte de feuille d&rsquo;or. La pointe sup\u00e9rieure visible contient du lapis lazuli, souvent appel\u00e9 la \u00ab\u00a0pierre de v\u00e9rit\u00e9\u00a0\u00bb. Outre les 5 cristaux de quartz, une croix Muti (avec des herbes m\u00e9dicinales traditionnelles africaines) est sertie dans la base de la pyramide.<\/p>\n<p>Notre amie clairvoyante per\u00e7oit que la Muti donne une protection spirituelle ou psychique tr\u00e8s forte. Elle a tous nos produits Muti et les recommande syst\u00e9matiquement \u00e0 ses clients s&rsquo;ils subissent des attaques psychiques, sous quelque forme que ce soit. <\/p>\n<p><img loading=\"lazy\" decoding=\"async\" title=\"Pyramide Or et Lapis en orgonite\" src=\"http:\/\/www.orgoniseafrica.com\/images\/110209-golden-orgone-pyramid-bottom.jpg\" alt=\"Gold and Lapis Orgonite Pyramid with African Muti\" width=\"500\" height=\"500\" \/><\/p>\n<p>La pyramide dor\u00e9e int\u00e9rieure est moul\u00e9e dans une pyramide transparente avec des paillettes d&rsquo;or, ce qui ajoute un effet de profondeur et de luminosit\u00e9.<\/p>\n","protected":false},"excerpt":{"rendered":"<p>Puissant g\u00e9n\u00e9rateur d\u2019orgone avec feuille d\u2019or, lapis-lazuli et muti pour se prot\u00e9ger des attaques psychiques et autres \u00e9nergies n\u00e9gatives.<\/p>\n","protected":false},"featured_media":2356,"comment_status":"open","ping_status":"closed","template":"","meta":{"_acf_changed":false},"product_brand":[],"product_cat":[20],"product_tag":[],"class_list":{"0":"post-4282","1":"product","2":"type-product","3":"status-publish","4":"has-post-thumbnail","6":"product_cat-orgonite-pyramids","7":"sales-flash-overlay","8":"woocommerce-text-align-center","9":"woocommerce-image-align-center","10":"do-quantity-buttons","12":"first","13":"instock","14":"taxable","15":"shipping-taxable","16":"purchasable","17":"product-type-simple"},"acf":[],"_links":{"self":[{"href":"https:\/\/servcrmpro.online\/fr\/wp-json\/wp\/v2\/product\/4282","targetHints":{"allow":["GET"]}}],"collection":[{"href":"https:\/\/servcrmpro.online\/fr\/wp-json\/wp\/v2\/product"}],"about":[{"href":"https:\/\/servcrmpro.online\/fr\/wp-json\/wp\/v2\/types\/product"}],"replies":[{"embeddable":true,"href":"https:\/\/servcrmpro.online\/fr\/wp-json\/wp\/v2\/comments?post=4282"}],"wp:featuredmedia":[{"embeddable":true,"href":"https:\/\/servcrmpro.online\/fr\/wp-json\/wp\/v2\/media\/2356"}],"wp:attachment":[{"href":"https:\/\/servcrmpro.online\/fr\/wp-json\/wp\/v2\/media?parent=4282"}],"wp:term":[{"taxonomy":"product_brand","embeddable":true,"href":"https:\/\/servcrmpro.online\/fr\/wp-json\/wp\/v2\/product_brand?post=4282"},{"taxonomy":"product_cat","embeddable":true,"href":"https:\/\/servcrmpro.online\/fr\/wp-json\/wp\/v2\/product_cat?post=4282"},{"taxonomy":"product_tag","embeddable":true,"href":"https:\/\/servcrmpro.online\/fr\/wp-json\/wp\/v2\/product_tag?post=4282"}],"curies":[{"name":"wp","href":"https:\/\/api.w.org\/{rel}","templated":true}]}}