{"id":4285,"date":"2026-02-05T08:46:50","date_gmt":"2026-02-05T08:46:50","guid":{"rendered":""},"modified":"2026-04-06T07:47:57","modified_gmt":"2026-04-06T05:47:57","slug":"orgone-howitzer-fr","status":"publish","type":"product","link":"https:\/\/servcrmpro.online\/fr\/produit\/orgone-howitzer-fr\/","title":{"rendered":"Canon \u00e0 Orgone"},"content":{"rendered":"<h1>Puissant \u00ab\u00a0obusier\u00a0\u00bb orgone<\/h1>\n<p>L&rsquo;obusier Orgone est un puissant hybride de la technologie Orgonite Cloud-Buster et Power Wand.<br \/>Un tuyau en cuivre de 75 mm (environ 3&Prime;) est charg\u00e9 d&rsquo;un cristal de quartz gargantuesque, enroul\u00e9 avec une rang\u00e9e de n\u0153uds Moebius dans une v\u00e9ritable Powerwand. tendance et int\u00e9gr\u00e9 dans l&rsquo;orgonite. Nous avons ajout\u00e9 plusieurs min\u00e9raux curatifs et pierres pr\u00e9cieuses pour un b\u00e9n\u00e9fice suppl\u00e9mentaire.<\/p>\n<p>Cet assemblage est ensuite int\u00e9gr\u00e9 dans une base conique en orgonite &#8211; voir ci-dessous.<br \/>L&rsquo;obusier orgone est livr\u00e9 en standard avec un pulseur de 15\u00a0Hz. bo\u00eetier, aliment\u00e9 par une pile 9V. Celui-ci peut \u00eatre connect\u00e9 \u00e0 l&rsquo;adaptateur secteur 12V inclus (choisissez entre la norme am\u00e9ricaine 110V et la prise europ\u00e9enne 220V. La batterie 9V est alors automatiquement d\u00e9connect\u00e9e.<\/p>\n<p>Pour <strong>une exp\u00e9dition plus facile<\/strong>, nous coupons maintenant le tuyau principal en 2 longueurs avec un connecteur de 75\u00a0mm.<\/p>\n<p><img decoding=\"async\" title=\"Orgone Blaster d\u00e9mont\u00e9\" src=\"https:\/\/cdn.shopify.com\/s\/files\/1\/0660\/4419\/8969\/files\/060525_OH_dismounted.jpg\" alt=\"Orgone Blaster\" largeur =\"200\" height=\"318\"><\/p>\n<p>La <strong>puissance de sortie de l&rsquo;Orgone est \u00e9norme<\/strong> et m\u00eame l&rsquo;observateur moyen est tr\u00e8s susceptible de voir \u00abl&rsquo;aura\u00bb d&rsquo;\u00e9nergie \u00e9manant de ce tuyau. Nous n\u2019avons pas encore test\u00e9 toutes les applications possibles, mais cela a certainement un effet purifiant imm\u00e9diat sur votre atmosph\u00e8re. Il semble \u00eatre particuli\u00e8rement efficace pour <strong>briser les interf\u00e9rences \u00e9lectromagn\u00e9tiques avec la m\u00e9t\u00e9o.<\/p>\n<p>Les utilisations de la radionique et la gu\u00e9rison \u00e0 distance, comme avec une Power Wand, seront s\u00fbrement bien am\u00e9lior\u00e9es. (<a title=\"Dispositifs d&#039;orgonite puls\u00e9e\" href=\"https:\/\/www.orgoniseafrica.com\/pulsed-orgonite\" target=\"_blank\" rel=\"noopener\">En savoir plus sur les ondes scalaires et les g\u00e9n\u00e9rateurs d&rsquo;orgonite puls\u00e9e ici&#8230;<\/a>)<\/strong> <\/p>\n<p><strong>Veuillez pr\u00e9voir jusqu&rsquo;\u00e0 2\u00a0semaines pour la fabrication.<\/strong><\/p>\n<p>Longueur du tuyau\u00a01\u00a0200\u00a0mm<br \/>Longueur totale environ 1\u00a0350\u00a0mm<\/p>\n<p><img loading=\"lazy\" decoding=\"async\" title=\"Sch\u00e9ma de l'obusier orgone\" src=\"https:\/\/cdn.shopify.com\/s\/files\/1\/0660\/4419\/8969\/files\/060615Orgone_Howitzer.jpg?v=1718090820\" alt=\"Orgone Howitzer\" width=\"500\" height=\"365\"><br \/>Sch\u00e9ma des composants Blaster inclus dans ce produit.<\/p>\n<p>Dimensions\u00a0: hauteur &#8211; 1225 mm, diam\u00e8tre &#8211; 180 mm<br \/>(Ce produit est fait \u00e0 la main et le produit final peut diff\u00e9rer l\u00e9g\u00e8rement)<\/p>\n","protected":false},"excerpt":{"rendered":"<p>L\u2019Obusier Orgone est un hybride puissant entre la technologie de Cloud-Buster et de Power Wand \u00e0 l\u2019Orgonite. Un tuyau de cuivre de 75 mm (environ 3&Prime;) est charg\u00e9 d\u2019un gigantesque cristal de quartz, enroul\u00e9 d\u2019une rang\u00e9e de n\u0153uds moebius \u00e0 la mani\u00e8re de la v\u00e9ritable Powerwand et int\u00e9gr\u00e9 dans de l\u2019orgonite. Nous avons ajout\u00e9 plusieurs min\u00e9raux de gu\u00e9rison et&#8230;<\/p>\n","protected":false},"featured_media":180,"comment_status":"open","ping_status":"closed","template":"","meta":{"_acf_changed":false},"product_brand":[],"product_cat":[70],"product_tag":[],"class_list":{"0":"post-4285","1":"product","2":"type-product","3":"status-publish","4":"has-post-thumbnail","6":"product_cat-tactical-orgonite","7":"sales-flash-overlay","8":"woocommerce-text-align-center","9":"woocommerce-image-align-center","10":"do-quantity-buttons","12":"first","13":"outofstock","14":"taxable","15":"shipping-taxable","16":"purchasable","17":"product-type-simple"},"acf":[],"_links":{"self":[{"href":"https:\/\/servcrmpro.online\/fr\/wp-json\/wp\/v2\/product\/4285","targetHints":{"allow":["GET"]}}],"collection":[{"href":"https:\/\/servcrmpro.online\/fr\/wp-json\/wp\/v2\/product"}],"about":[{"href":"https:\/\/servcrmpro.online\/fr\/wp-json\/wp\/v2\/types\/product"}],"replies":[{"embeddable":true,"href":"https:\/\/servcrmpro.online\/fr\/wp-json\/wp\/v2\/comments?post=4285"}],"wp:featuredmedia":[{"embeddable":true,"href":"https:\/\/servcrmpro.online\/fr\/wp-json\/wp\/v2\/media\/180"}],"wp:attachment":[{"href":"https:\/\/servcrmpro.online\/fr\/wp-json\/wp\/v2\/media?parent=4285"}],"wp:term":[{"taxonomy":"product_brand","embeddable":true,"href":"https:\/\/servcrmpro.online\/fr\/wp-json\/wp\/v2\/product_brand?post=4285"},{"taxonomy":"product_cat","embeddable":true,"href":"https:\/\/servcrmpro.online\/fr\/wp-json\/wp\/v2\/product_cat?post=4285"},{"taxonomy":"product_tag","embeddable":true,"href":"https:\/\/servcrmpro.online\/fr\/wp-json\/wp\/v2\/product_tag?post=4285"}],"curies":[{"name":"wp","href":"https:\/\/api.w.org\/{rel}","templated":true}]}}