{"id":4288,"date":"2026-02-05T08:46:57","date_gmt":"2026-02-05T08:46:57","guid":{"rendered":""},"modified":"2026-04-13T23:50:56","modified_gmt":"2026-04-13T21:50:56","slug":"dolomite-pendant-fr","status":"publish","type":"product","link":"https:\/\/servcrmpro.online\/fr\/produit\/dolomite-pendant-fr\/","title":{"rendered":"Pendentif Dolomite"},"content":{"rendered":"<h3>Pendentif Dolomite<\/h3>\n<p>Alimentation-Equilibre-Relaxation<\/p>\n<p>Pour ce pendentif, nous avons utilis\u00e9 les m\u00eames ingr\u00e9dients que pour nos populaires plaques de recharge Dolomite Food, car il a \u00e9t\u00e9 prouv\u00e9 qu&rsquo;ils sont tr\u00e8s efficaces et puissants.<\/p>\n<p>La face avant est orn\u00e9e d&rsquo;une magnifique fleur d&rsquo;amour en m\u00e9tal (6 cercles superpos\u00e9s) et est enti\u00e8rement recouverte de miettes de dolomite incrust\u00e9es dans une couleur turquoise brillante.<\/p>\n<p>La face arri\u00e8re pr\u00e9sente l&rsquo;habituelle matrice d&rsquo;Orgonite avec des pierres pr\u00e9cieuses ajout\u00e9es et une g\u00e9n\u00e9reuse quantit\u00e9 de poudre de super aliments.<\/p>\n<p>Le pendentif est livr\u00e9 avec une cordelette en coton cir\u00e9 jaune et est envelopp\u00e9 dans une petite pochette fabriqu\u00e9e \u00e0 partir d&rsquo;un tissu sud-africain Shwe-Shwe.<\/p>\n<h4>Ingr\u00e9dients :.<\/h4>\n<p>Dolomite : D\u00e9sacidifiant, relaxant, antispasmodique.<\/p>\n<p>Le m\u00e9lange de super-aliments contient du cacao brut, du moringa, de la racine de maca, du boabab, du mesquite, entre autres. Ces nutriments condens\u00e9s couvrent tous les besoins de l&rsquo;organisme.<\/p>\n<p>Cristaux de quartz : \u00c9l\u00e9vateur, cr\u00e9atif, fortifiant.<\/p>\n<p>Shungite : Protection EMF sup\u00e9rieure, mise \u00e0 la terre, calmant.<\/p>\n<p>Kyanite : renforce le chakra de la gorge, am\u00e9liore l&rsquo;expression verbale et artistique.<\/p>\n<p>Portez le pendentif juste au-dessus de votre sternum ou \u00e0 la mode en longueur.<\/p>\n<p>&nbsp;<\/p>\n<p>Dimensions du pendentif : \u00c9paisseur 10 mm, Diam\u00e8tre 50 mm.<\/p>\n<p>Ce produit est fabriqu\u00e9 \u00e0 la main avec amour. Le produit final peut \u00eatre l\u00e9g\u00e8rement diff\u00e9rent. L&rsquo;incrustation m\u00e9tallique peut s&rsquo;oxyder avec le temps.<\/p>\n","protected":false},"excerpt":{"rendered":"<p>Nourrissage-\u00c9quilibre-Relaxation<\/p>\n","protected":false},"featured_media":2355,"comment_status":"open","ping_status":"closed","template":"","meta":{"_acf_changed":false},"product_brand":[],"product_cat":[102],"product_tag":[],"class_list":{"0":"post-4288","1":"product","2":"type-product","3":"status-publish","4":"has-post-thumbnail","6":"product_cat-orgone-energy-pendants","7":"sales-flash-overlay","8":"woocommerce-text-align-center","9":"woocommerce-image-align-center","10":"do-quantity-buttons","12":"first","13":"instock","14":"taxable","15":"shipping-taxable","16":"purchasable","17":"product-type-simple"},"acf":[],"_links":{"self":[{"href":"https:\/\/servcrmpro.online\/fr\/wp-json\/wp\/v2\/product\/4288","targetHints":{"allow":["GET"]}}],"collection":[{"href":"https:\/\/servcrmpro.online\/fr\/wp-json\/wp\/v2\/product"}],"about":[{"href":"https:\/\/servcrmpro.online\/fr\/wp-json\/wp\/v2\/types\/product"}],"replies":[{"embeddable":true,"href":"https:\/\/servcrmpro.online\/fr\/wp-json\/wp\/v2\/comments?post=4288"}],"wp:featuredmedia":[{"embeddable":true,"href":"https:\/\/servcrmpro.online\/fr\/wp-json\/wp\/v2\/media\/2355"}],"wp:attachment":[{"href":"https:\/\/servcrmpro.online\/fr\/wp-json\/wp\/v2\/media?parent=4288"}],"wp:term":[{"taxonomy":"product_brand","embeddable":true,"href":"https:\/\/servcrmpro.online\/fr\/wp-json\/wp\/v2\/product_brand?post=4288"},{"taxonomy":"product_cat","embeddable":true,"href":"https:\/\/servcrmpro.online\/fr\/wp-json\/wp\/v2\/product_cat?post=4288"},{"taxonomy":"product_tag","embeddable":true,"href":"https:\/\/servcrmpro.online\/fr\/wp-json\/wp\/v2\/product_tag?post=4288"}],"curies":[{"name":"wp","href":"https:\/\/api.w.org\/{rel}","templated":true}]}}