{"id":4291,"date":"2026-02-05T08:47:04","date_gmt":"2026-02-05T08:47:04","guid":{"rendered":""},"modified":"2026-04-13T00:57:53","modified_gmt":"2026-04-12T22:57:53","slug":"shungite-egg-fr","status":"publish","type":"product","link":"https:\/\/servcrmpro.online\/fr\/produit\/shungite-egg-fr\/","title":{"rendered":"\u0152uf en Shungite"},"content":{"rendered":"<p>Cet \u0153uf de Shungite est un g\u00e9n\u00e9rateur d&rsquo;Orgone pour votre usage personnel comme outil de m\u00e9ditation, charme de main et outil de gu\u00e9rison.&nbsp;Outre la grande quantit\u00e9 de shungite, il contient quelques pierres pr\u00e9cieuses compl\u00e9mentaires pour renforcer les merveilleuses vibrations calmantes, clarifiantes, apaisantes et pacifiques qui \u00e9manent de cet \u0153uf.<\/p>\n<p>L&rsquo;\u0153uf de shungite est fabriqu\u00e9 en deux \u00e9tapes. Tout d&rsquo;abord, le noyau interne est fabriqu\u00e9 avec de la r\u00e9sine, des m\u00e9talfilms et des pierres pr\u00e9cieuses. Ce noyau est recouvert d&rsquo;une couche ext\u00e9rieure de r\u00e9sine contenant une grande quantit\u00e9 de poudre de shungite.&nbsp;Il est ensuite poli \u00e0 la main pour obtenir un \u00e9clat mat, tr\u00e8s proche de la qualit\u00e9 haptique de la v\u00e9ritable shungite.<\/p>\n<p><strong>Ingr\u00e9dients :<\/strong><\/p>\n<p><strong>M\u00e9lange d&rsquo;Orgonite :<\/strong> revitalise et \u00e9l\u00e8ve le champ \u00e9nerg\u00e9tique, neutralise les CEM et les radiations.<\/p>\n<p><strong>Shungite :<\/strong>&nbsp;Protection sup\u00e9rieure contre les CEM, protection psychique, mise \u00e0 la terre, purification et nettoyage, apaisement et relaxation.<\/p>\n<p><strong>Tourmaline noire :&nbsp;<\/strong>Talisman de protection, prot\u00e8ge contre les radiations et la pollution environnementale, mise \u00e0 la terre et apaisement.<\/p>\n<p><strong>Quartz fum\u00e9 :<\/strong> favorise la force physique et mentale et la r\u00e9silience, en particulier contre les radiations. Aide \u00e0 la gu\u00e9rison des dommages caus\u00e9s par les radiations.<\/p>\n<p><strong>Quartz rose :<\/strong> pierre d&rsquo;amour inconditionnel, de paix, de calme et de bont\u00e9. Apaise, r\u00e9duit le stress et les tensions, favorise l&rsquo;\u00e9panouissement.<\/p>\n<p><strong>Am\u00e9thyste :<\/strong> pierre de la croissance spirituelle, am\u00e9liore la sant\u00e9 de nombreuses fa\u00e7ons, prot\u00e8ge de l&rsquo;anxi\u00e9t\u00e9, des radiations terrestres et des \u00e9nergies \u00e9trang\u00e8res<\/p>\n<h3>Contexte :<\/h3>\n<p>Notre voyage de cadeaux en Russie en 2016 m&rsquo;a inspir\u00e9 pour faire ceci. J&rsquo;ai obtenu un \u0153uf de shungite pure l\u00e0-bas et j&rsquo;ai trouv\u00e9 que c&rsquo;\u00e9tait une pi\u00e8ce tr\u00e8s \u00e9nergisante.&nbsp;<\/p>\n<p><img loading=\"lazy\" decoding=\"async\" src=\"{{media url=&quot;wysiwyg\/shungite_egg.png&quot;}}\" alt=\"Shungite egg from Russia\" width=\"500\" height=\"413\"><\/p>\n<p>Mon \u0153uf russe Shungite.&nbsp;<\/p>\n<p>&nbsp;<br \/><img loading=\"lazy\" decoding=\"async\" title=\"Orgonite gifting in Russia\" src=\"https:\/\/www.orgoniseafrica.com\/images\/Russia2016\/3%20musketeers%20st%20basil.jpg\" alt=\"The Orgonise Africa Team at St Basil in Moscow\" width=\"600\" height=\"900\"><\/p>\n<p>L&rsquo;\u00e9quipe d&rsquo;Orgonise Africa \u00e0 la cath\u00e9drale St Basil \u00e0 Moscou en 2016. Regardez les toits en forme d&rsquo;\u0153uf de la fl\u00e8che de l&rsquo;\u00e9glise Saint-Basile.&nbsp;<\/p>\n<p>Cette forme de toit caract\u00e9ristique est aussi souvent d\u00e9crite comme \u00e9tant en forme d&rsquo;oignon, mais elle peut \u00eatre superpos\u00e9e \u00e0 l&rsquo;\u0153uf. La pyramide et la sph\u00e8re sont \u00e9galement inscrites dans cette forme.<\/p>\n<p><img loading=\"lazy\" decoding=\"async\" src=\"https:\/\/www.orgoniseafrica.com\/images\/Russia2016\/geometry_of_the_egg.jpg\" alt=\"geometry of the egg\" width=\"600\" height=\"800\"><\/p>\n<p>Quelques-uns des aspects g\u00e9om\u00e9triques de l&rsquo;\u0153uf pr\u00e9sent\u00e9s dans ce diagramme<\/p>\n<p>En d&rsquo;autres termes, combiner la forme harmonieuse de l&rsquo;\u0153uf avec le pouvoir de la shungite et de l&rsquo;orgonite me semblait une valeur s\u00fbre.&nbsp;&nbsp;<\/p>\n<p>&nbsp;<\/p>\n","protected":false},"excerpt":{"rendered":"<p>Cet \u0153uf de Shungite est un g\u00e9n\u00e9rateur d\u2019orgone pour votre usage personnel comme outil de m\u00e9ditation, charme de main et outil de gu\u00e9rison. Outre la grande quantit\u00e9 de Shungite, elle contient quelques pierres pr\u00e9cieuses compl\u00e9mentaires pour renforcer les vibrations merveilleusement apaisantes, clarifiantes, apaisantes et paisibles qui \u00e9manent de cet \u0153uf.<\/p>\n","protected":false},"featured_media":2354,"comment_status":"open","ping_status":"closed","template":"","meta":{"_acf_changed":false},"product_brand":[],"product_cat":[20],"product_tag":[],"class_list":{"0":"post-4291","1":"product","2":"type-product","3":"status-publish","4":"has-post-thumbnail","6":"product_cat-orgonite-pyramids","7":"sales-flash-overlay","8":"woocommerce-text-align-center","9":"woocommerce-image-align-center","10":"do-quantity-buttons","12":"first","13":"instock","14":"taxable","15":"shipping-taxable","16":"purchasable","17":"product-type-simple"},"acf":[],"_links":{"self":[{"href":"https:\/\/servcrmpro.online\/fr\/wp-json\/wp\/v2\/product\/4291","targetHints":{"allow":["GET"]}}],"collection":[{"href":"https:\/\/servcrmpro.online\/fr\/wp-json\/wp\/v2\/product"}],"about":[{"href":"https:\/\/servcrmpro.online\/fr\/wp-json\/wp\/v2\/types\/product"}],"replies":[{"embeddable":true,"href":"https:\/\/servcrmpro.online\/fr\/wp-json\/wp\/v2\/comments?post=4291"}],"wp:featuredmedia":[{"embeddable":true,"href":"https:\/\/servcrmpro.online\/fr\/wp-json\/wp\/v2\/media\/2354"}],"wp:attachment":[{"href":"https:\/\/servcrmpro.online\/fr\/wp-json\/wp\/v2\/media?parent=4291"}],"wp:term":[{"taxonomy":"product_brand","embeddable":true,"href":"https:\/\/servcrmpro.online\/fr\/wp-json\/wp\/v2\/product_brand?post=4291"},{"taxonomy":"product_cat","embeddable":true,"href":"https:\/\/servcrmpro.online\/fr\/wp-json\/wp\/v2\/product_cat?post=4291"},{"taxonomy":"product_tag","embeddable":true,"href":"https:\/\/servcrmpro.online\/fr\/wp-json\/wp\/v2\/product_tag?post=4291"}],"curies":[{"name":"wp","href":"https:\/\/api.w.org\/{rel}","templated":true}]}}