{"id":4294,"date":"2026-02-05T08:47:11","date_gmt":"2026-02-05T08:47:11","guid":{"rendered":""},"modified":"2026-04-06T07:31:47","modified_gmt":"2026-04-06T05:31:47","slug":"dolomite-coaster-fr","status":"publish","type":"product","link":"https:\/\/servcrmpro.online\/fr\/produit\/dolomite-coaster-fr\/","title":{"rendered":"Dolomite Coaster"},"content":{"rendered":"<h3>Sous-verre Orgone en dolomite<\/h3>\n<p>Utilisez ce magnifique sous-verre en orgone de dolomite pour recharger et revitaliser vos boissons en toute simplicit\u00e9.\u00a0<\/p>\n<p>Le sous-verre en dolomite fait partie de notre gamme Dolomite, que nous avons cr\u00e9\u00e9e en nous appuyant sur les propri\u00e9t\u00e9s d\u00e9sacidifiantes et relaxantes de la dolomite.<\/p>\n<p>Sur la face sup\u00e9rieure, vous pouvez voir une double spirale au centre, accompagn\u00e9e d&#x27;un petit aimant en n\u00e9odyme qui canalise le mouvement de l&#x27;\u00e9nergie et la dirige vers tout ce qui est pos\u00e9 sur le sous-verre, ainsi que des paillettes de feuille d&#x27;or et de la poudre de superaliments en dessous.\u00a0<\/p>\n<p>Autour du centre, 12 pointes de cristal en forme d\u2019aiguille ultra-fines sont dispos\u00e9es de mani\u00e8re r\u00e9guli\u00e8re. L\u2019\u00e9nergie claire et stimulante des cristaux de quartz s\u2019harmonise parfaitement avec les miettes de dolomite Sugar incrust\u00e9es dans une r\u00e9sine de couleur turquoise vif.<\/p>\n<p>Le fond est constitu\u00e9 d\u2019une puissante matrice d\u2019orgonite avec des limaille d\u2019aluminium.<\/p>\n<p>Pour une protection maximale de vos surfaces, un feutre autocollant est appliqu\u00e9 sur le fond en orgonite.<\/p>\n<p>Vous pouvez \u00e9galement utiliser ce dessous de verre \u00e0 des fins de gu\u00e9rison directement sur votre corps. Nous le recommandons particuli\u00e8rement en cas d&#x27;insomnie, d&#x27;anxi\u00e9t\u00e9, d&#x27;agitation et de tension.<\/p>\n<h4>Ingr\u00e9dients<\/h4>\n<p>Pointes de cristal de quartz : stimulantes, cr\u00e9atives, fortifiantes.<\/p>\n<p>Dolomite : d\u00e9sacidifiante, relaxante, antispasmodique.<\/p>\n<p>Feuille d&#x27;or : r\u00e9chauffante, revigorante, apaisante<\/p>\n<p>Spirale SBB en fil de cuivre : active la circulation de l&#x27;\u00e9nergie<\/p>\n<p>Aimant en n\u00e9odyme : oriente le flux d&#x27;\u00e9nergie<\/p>\n<p>M\u00e9lange de superaliments : contient notamment du cacao cru, du moringa, de la racine de maca, du baobab et du mesquite. Ces nutriments concentr\u00e9s couvrent tous les besoins de l&#x27;organisme.<\/p>\n<p>\u00a0<\/p>\n<p>Dimensions : environ 15 mm d&#x27;\u00e9paisseur, 105 mm de diam\u00e8tre.<\/p>\n<p>Ce produit est fabriqu\u00e9 \u00e0 la main avec amour. Le produit final peut pr\u00e9senter de l\u00e9g\u00e8res variations.<\/p>\n<p>\u00a0<\/p>\n<p>\u00a0<\/p>\n","protected":false},"excerpt":{"rendered":"<p>Utilisez ce magnifique sous-verre de verre Dolomite Orgone pour charger et dynamiser vos boissons sans effort.\u00a0<\/p>\n","protected":false},"featured_media":2353,"comment_status":"open","ping_status":"closed","template":"","meta":{"_acf_changed":false},"product_brand":[],"product_cat":[34],"product_tag":[],"class_list":{"0":"post-4294","1":"product","2":"type-product","3":"status-publish","4":"has-post-thumbnail","6":"product_cat-emf-protection","7":"sales-flash-overlay","8":"woocommerce-text-align-center","9":"woocommerce-image-align-center","10":"do-quantity-buttons","12":"first","13":"instock","14":"taxable","15":"shipping-taxable","16":"purchasable","17":"product-type-simple"},"acf":[],"_links":{"self":[{"href":"https:\/\/servcrmpro.online\/fr\/wp-json\/wp\/v2\/product\/4294","targetHints":{"allow":["GET"]}}],"collection":[{"href":"https:\/\/servcrmpro.online\/fr\/wp-json\/wp\/v2\/product"}],"about":[{"href":"https:\/\/servcrmpro.online\/fr\/wp-json\/wp\/v2\/types\/product"}],"replies":[{"embeddable":true,"href":"https:\/\/servcrmpro.online\/fr\/wp-json\/wp\/v2\/comments?post=4294"}],"wp:featuredmedia":[{"embeddable":true,"href":"https:\/\/servcrmpro.online\/fr\/wp-json\/wp\/v2\/media\/2353"}],"wp:attachment":[{"href":"https:\/\/servcrmpro.online\/fr\/wp-json\/wp\/v2\/media?parent=4294"}],"wp:term":[{"taxonomy":"product_brand","embeddable":true,"href":"https:\/\/servcrmpro.online\/fr\/wp-json\/wp\/v2\/product_brand?post=4294"},{"taxonomy":"product_cat","embeddable":true,"href":"https:\/\/servcrmpro.online\/fr\/wp-json\/wp\/v2\/product_cat?post=4294"},{"taxonomy":"product_tag","embeddable":true,"href":"https:\/\/servcrmpro.online\/fr\/wp-json\/wp\/v2\/product_tag?post=4294"}],"curies":[{"name":"wp","href":"https:\/\/api.w.org\/{rel}","templated":true}]}}