{"id":4297,"date":"2026-02-05T08:47:18","date_gmt":"2026-02-05T08:47:18","guid":{"rendered":""},"modified":"2026-04-09T00:09:48","modified_gmt":"2026-04-08T22:09:48","slug":"enchanted-garden-fr","status":"publish","type":"product","link":"https:\/\/servcrmpro.online\/fr\/produit\/enchanted-garden-fr\/","title":{"rendered":"Jardin Enchant\u00e9"},"content":{"rendered":"<h2>Plaque de charge en orgonite \u00ab\u00a0Jardine Enchant\u00e9\u00a0\u00bb<\/h2>\n<p>Une autre \u0153uvre d&rsquo;art \u00e9nerg\u00e9tique \u00e9tonnante de Friederike. Color\u00e9e en garance rose et vert \u00e9meraude, cette assiette infusera votre nourriture et vos boissons de son \u00e9nergie magique. Vous la sentirez et la go\u00fbterez. Vous pouvez \u00e9galement l&rsquo;utiliser pour soigner directement votre corps ou celui de vos clients si vous \u00eates un gu\u00e9risseur \u00e9nerg\u00e9tique.&nbsp;<\/p>\n<p>Ingr\u00e9dients :<\/p>\n<p>Cristal de quartz points : \u00c9l\u00e9vateur, Cr\u00e9atif, Renfor\u00e7ant&nbsp;<\/p>\n<p>Zoisite avec inclusions de rubis : Renforcement, Encourement, R\u00e9g\u00e9n\u00e9ration.<\/p>\n<p>Grenat : Motivant, stimulant, ardent.<\/p>\n<p>Fuchsite : Conscience, contentement, protection<\/p>\n<p>Bobine CFF : fait circuler l&rsquo;\u00e9nergie<\/p>\n<p>Aimant en n\u00e9odyme : Dirige le flux d&rsquo;\u00e9nergie<\/p>\n<p>Saupoudrer les pierres&nbsp;<\/p>\n<p>Le m\u00e9tal de l&rsquo;Orgonitematrix est en partie du laiton, ce qui conf\u00e8re \u00e0 cette plaque une \u00e9nergie de gu\u00e9rison particuli\u00e8rement douce et chaleureuse.<\/p>\n<h3>Application<\/h3>\n<p>&nbsp;<\/p>\n<p><img loading=\"lazy\" decoding=\"async\" src=\"{{media url=&quot;wysiwyg\/Ench_Gard_Foodplate_appl.jpeg&quot;}}\" alt=\"Utilisation de la plaque de recharge en orgonite\" width=\"600\" height=\"800\"><\/p>\n<p>&nbsp;<\/p>\n<p>Utilise cette plaque pour recharger l&rsquo;eau et les aliments. L&rsquo;eau en particulier est structur\u00e9e et revitalis\u00e9e si on la laisse reposer quelques heures sur la plaque.<\/p>\n<p>Dimensions : 180 mm de diam\u00e8tre, environ 20 mm d&rsquo;\u00e9paisseur<\/p>\n<p>Poids : 650-750gr<\/p>\n<p>Chaque pi\u00e8ce est fabriqu\u00e9e individuellement \u00e0 la main et l&rsquo;apparence peut diff\u00e9rer de la photo.<\/p>\n<p>&nbsp;<\/p>\n","protected":false},"excerpt":{"rendered":"<p>Une autre \u0153uvre d\u2019art \u00e9nerg\u00e9tique incroyable de Friederike. Color\u00e9e en robe et vert \u00e9meraude, cette assiette impr\u00e9gnera votre nourriture et votre boisson de son \u00e9nergie magique. Vous le go\u00fbterez et le sentirez. Utilisez-le aussi pour soigner directement votre corps ou celui de vos clients si vous \u00eates un gu\u00e9risseur \u00e9nerg\u00e9tique.<\/p>\n","protected":false},"featured_media":2352,"comment_status":"open","ping_status":"closed","template":"","meta":{"_acf_changed":false},"product_brand":[],"product_cat":[70],"product_tag":[],"class_list":{"0":"post-4297","1":"product","2":"type-product","3":"status-publish","4":"has-post-thumbnail","6":"product_cat-tactical-orgonite","7":"sales-flash-overlay","8":"woocommerce-text-align-center","9":"woocommerce-image-align-center","10":"do-quantity-buttons","12":"first","13":"instock","14":"taxable","15":"shipping-taxable","16":"purchasable","17":"product-type-simple"},"acf":[],"_links":{"self":[{"href":"https:\/\/servcrmpro.online\/fr\/wp-json\/wp\/v2\/product\/4297","targetHints":{"allow":["GET"]}}],"collection":[{"href":"https:\/\/servcrmpro.online\/fr\/wp-json\/wp\/v2\/product"}],"about":[{"href":"https:\/\/servcrmpro.online\/fr\/wp-json\/wp\/v2\/types\/product"}],"replies":[{"embeddable":true,"href":"https:\/\/servcrmpro.online\/fr\/wp-json\/wp\/v2\/comments?post=4297"}],"wp:featuredmedia":[{"embeddable":true,"href":"https:\/\/servcrmpro.online\/fr\/wp-json\/wp\/v2\/media\/2352"}],"wp:attachment":[{"href":"https:\/\/servcrmpro.online\/fr\/wp-json\/wp\/v2\/media?parent=4297"}],"wp:term":[{"taxonomy":"product_brand","embeddable":true,"href":"https:\/\/servcrmpro.online\/fr\/wp-json\/wp\/v2\/product_brand?post=4297"},{"taxonomy":"product_cat","embeddable":true,"href":"https:\/\/servcrmpro.online\/fr\/wp-json\/wp\/v2\/product_cat?post=4297"},{"taxonomy":"product_tag","embeddable":true,"href":"https:\/\/servcrmpro.online\/fr\/wp-json\/wp\/v2\/product_tag?post=4297"}],"curies":[{"name":"wp","href":"https:\/\/api.w.org\/{rel}","templated":true}]}}