{"id":4300,"date":"2026-02-05T08:47:26","date_gmt":"2026-02-05T08:47:26","guid":{"rendered":""},"modified":"2026-04-08T20:59:20","modified_gmt":"2026-04-08T18:59:20","slug":"dolomite-charging-plate-fr","status":"publish","type":"product","link":"https:\/\/servcrmpro.online\/fr\/produit\/dolomite-charging-plate-fr\/","title":{"rendered":"plaque de chargement en dolomite"},"content":{"rendered":"<h2>Plaque de chargement en dolomite<\/h2>\n<p>Cette nouvelle plaque de charge en dolomie peut revigorer, rafra\u00eechir, \u00e9nergiser et \u00e9lever les vibrations.<\/p>\n<p><img loading=\"lazy\" decoding=\"async\" src=\"{{media url=\"wysiwyg\/dolomite_foodplarte_appl.jpeg\"}}\" alt=\"Application de la plaque alimentaire en orgonite\" width=\"600\" height=\"800\"><\/p>\n<p>Qu&rsquo;il s&rsquo;agisse de carafes d&rsquo;eau, de boissons de toutes sortes, d&rsquo;assiettes contenant des aliments fra\u00eechement pr\u00e9par\u00e9s, de coupes de fruits ou m\u00eame de fleurs en pot, tout peut \u00eatre impr\u00e9gn\u00e9 de vibrations harmonieuses.<\/p>\n<p>Sur le dessus, 12 pointes de cristal de quartz sont dispos\u00e9es comme des rayons de soleil et encastr\u00e9es dans des miettes de dolomite sucr\u00e9e. Au milieu se trouve la spirale CFF avec l&rsquo;aimant, derri\u00e8re laquelle on peut voir des feuilles d&rsquo;or et de la poudre de superaliment.<\/p>\n<p>En bas, des morceaux de dolomite sont dispos\u00e9s en un grand cercle, au milieu se trouve une croix turquoise et d&rsquo;autres morceaux de dolomite.<\/p>\n<p>Entre les deux, une \u00e9paisse couche d&rsquo;orgonite compos\u00e9e de copeaux d&rsquo;aluminium.<\/p>\n<h3>Les ingr\u00e9dients et leurs effets :<\/h3>\n<p>Points de cristal de quartz : \u00c9l\u00e9vation, cr\u00e9ativit\u00e9, renforcement.<\/p>\n<p>Dolomite : D\u00e9sacidifiant, relaxant, antispasmodique.<\/p>\n<p>Feuille d&rsquo;or : r\u00e9chauffe, revigore, soulage l&rsquo;anxi\u00e9t\u00e9.<\/p>\n<p>perles de turquoise d\u00e9coratives et incrustations de howlite color\u00e9e<\/p>\n<p>Spirale SBB en fil de cuivre : fait circuler l&rsquo;\u00e9nergie<\/p>\n<p>Aimant en n\u00e9odyme : Dirige le flux d&rsquo;\u00e9nergie<\/p>\n<p>Le m\u00e9lange de super-aliments contient du cacao brut, du moringa, de la racine de maca, du boabab, du mesquite, entre autres. Ces nutriments condens\u00e9s couvrent tous les besoins du corps.<\/p>\n<p>En tant qu&rsquo;orgonite de gu\u00e9rison, cette plaque peut \u00e9galement \u00eatre utilis\u00e9e de nombreuses fa\u00e7ons.<\/p>\n<p>Apr\u00e8s de nombreuses ann\u00e9es d&rsquo;exp\u00e9rience avec notre plaque classique de charge d&rsquo;orgone alimentaire (en grande partie les m\u00eames ingr\u00e9dients), l&rsquo;utilisation est particuli\u00e8rement recommand\u00e9e pour l&rsquo;insomnie, l&rsquo;anxi\u00e9t\u00e9, l&rsquo;agitation et la tension. Il est pr\u00e9f\u00e9rable de placer la plaque avec le dessus directement sur le chakra du c\u0153ur en position allong\u00e9e et de respirer profond\u00e9ment. C&rsquo;est l\u00e0 que l&rsquo;effet relaxant et antispasmodique de la dolomite prend tout son sens.<\/p>\n<p>Dimensions : 1800 mm de diam\u00e8tre, environ 20 mm d&rsquo;\u00e9paisseur<\/p>\n<p>Poids : 650-750gr<\/p>\n<p>Chaque pi\u00e8ce est fabriqu\u00e9e individuellement \u00e0 la main et l&rsquo;apparence peut diff\u00e9rer de la photo.<\/p>\n","protected":false},"excerpt":{"rendered":"<p>Cette nouvelle plaque de charge en dolomite peut dynamiser, rafra\u00eechir, dynamiser et augmenter la vibration<\/p>\n","protected":false},"featured_media":2351,"comment_status":"open","ping_status":"closed","template":"","meta":{"_acf_changed":false},"product_brand":[],"product_cat":[34],"product_tag":[],"class_list":{"0":"post-4300","1":"product","2":"type-product","3":"status-publish","4":"has-post-thumbnail","6":"product_cat-emf-protection","7":"sales-flash-overlay","8":"woocommerce-text-align-center","9":"woocommerce-image-align-center","10":"do-quantity-buttons","12":"first","13":"instock","14":"taxable","15":"shipping-taxable","16":"purchasable","17":"product-type-simple"},"acf":[],"_links":{"self":[{"href":"https:\/\/servcrmpro.online\/fr\/wp-json\/wp\/v2\/product\/4300","targetHints":{"allow":["GET"]}}],"collection":[{"href":"https:\/\/servcrmpro.online\/fr\/wp-json\/wp\/v2\/product"}],"about":[{"href":"https:\/\/servcrmpro.online\/fr\/wp-json\/wp\/v2\/types\/product"}],"replies":[{"embeddable":true,"href":"https:\/\/servcrmpro.online\/fr\/wp-json\/wp\/v2\/comments?post=4300"}],"wp:featuredmedia":[{"embeddable":true,"href":"https:\/\/servcrmpro.online\/fr\/wp-json\/wp\/v2\/media\/2351"}],"wp:attachment":[{"href":"https:\/\/servcrmpro.online\/fr\/wp-json\/wp\/v2\/media?parent=4300"}],"wp:term":[{"taxonomy":"product_brand","embeddable":true,"href":"https:\/\/servcrmpro.online\/fr\/wp-json\/wp\/v2\/product_brand?post=4300"},{"taxonomy":"product_cat","embeddable":true,"href":"https:\/\/servcrmpro.online\/fr\/wp-json\/wp\/v2\/product_cat?post=4300"},{"taxonomy":"product_tag","embeddable":true,"href":"https:\/\/servcrmpro.online\/fr\/wp-json\/wp\/v2\/product_tag?post=4300"}],"curies":[{"name":"wp","href":"https:\/\/api.w.org\/{rel}","templated":true}]}}