{"id":4303,"date":"2026-02-05T08:47:34","date_gmt":"2026-02-05T08:47:34","guid":{"rendered":""},"modified":"2026-04-08T21:46:23","modified_gmt":"2026-04-08T19:46:23","slug":"orgonite-mini-wand-28mm-fr","status":"publish","type":"product","link":"https:\/\/servcrmpro.online\/fr\/produit\/orgonite-mini-wand-28mm-fr\/","title":{"rendered":"Mini PowerWand 28mm"},"content":{"rendered":"<p>Les<span style=\"font-weight: bold;\"> PowerWand<\/span><strong> d&rsquo;Orgonite <\/strong>ont tous un cristal M\u00f6bius enroul\u00e9 incorpor\u00e9 dans l&rsquo;orgonite. C&rsquo;est le principe commun. L&rsquo;orgonite rend l&rsquo;\u00e9nergie h\u00e9riss\u00e9e de SP (Succer Punch) beaucoup plus lisse et plus forte, selon la taille.<\/p>\n<p>Cette pratique petite PW d&rsquo;orgonite a <u>beaucoup de caract\u00e9ristiques de la baguette-puissance grande<\/u>. Elle peut \u00eatre tenu dans une main ou dans la poche.<\/p>\n<p>Il a un <strong>cristal minc\u00e9 de 80-120mm<\/strong>, enroul\u00e9s avec 3-4 n\u0153uds de M\u00f6bius. Le cristal est incorpor\u00e9 dans une orgonite matrice \u00e0 l&rsquo;int\u00e9rieur d&rsquo;un tube de cuivre de 28mm. Au fond, une plaque de cuivre l&rsquo;obture.<br \/>&#160;<\/p>\n<p>Pierres pr\u00e9cieuses compl\u00e9mentaires: <strong>une am\u00e9thyste 3-8mm, grenat et l&rsquo;h\u00e9matite<\/strong>.<\/p>\n<p>Le PW est gain\u00e9 de cuir pour la <strong>sensation agr\u00e9able<\/strong>.<\/p>\n<p>Il vient avec un c\u00e2ble court et une fiche correspondant \u00e0 les prises dans toutes nos zappers.<\/p>\n<p>A zapper s\u00e9par\u00e9 (non inclus) est n\u00e9cessaire pour faire fonctionner la Baguette Mini. Tous nos zappers sont adapt\u00e9s \u00e0 cet effet.<\/p>\n<p><strong>Id\u00e9al <\/strong>pour le <strong>voyage Orgone Guerilla<\/strong> car elle peut \u00eatre tenu dans la <strong>poche <\/strong>d&rsquo;un manteau ou une veste.<\/p>\n<p>Dimensions: 140 x 28 mm<\/p>\n","protected":false},"excerpt":{"rendered":"<p>La Miniwand d\u2019Orgonite est votre compagnon de voyage id\u00e9al pour la protection, la m\u00e9ditation et la gu\u00e9rison \u00e9nerg\u00e9tique.<\/p>\n","protected":false},"featured_media":2350,"comment_status":"open","ping_status":"closed","template":"","meta":{"_acf_changed":false},"product_brand":[],"product_cat":[26],"product_tag":[],"class_list":{"0":"post-4303","1":"product","2":"type-product","3":"status-publish","4":"has-post-thumbnail","6":"product_cat-orgone-zappers","7":"sales-flash-overlay","8":"woocommerce-text-align-center","9":"woocommerce-image-align-center","10":"do-quantity-buttons","12":"first","13":"instock","14":"taxable","15":"shipping-taxable","16":"purchasable","17":"product-type-simple"},"acf":[],"_links":{"self":[{"href":"https:\/\/servcrmpro.online\/fr\/wp-json\/wp\/v2\/product\/4303","targetHints":{"allow":["GET"]}}],"collection":[{"href":"https:\/\/servcrmpro.online\/fr\/wp-json\/wp\/v2\/product"}],"about":[{"href":"https:\/\/servcrmpro.online\/fr\/wp-json\/wp\/v2\/types\/product"}],"replies":[{"embeddable":true,"href":"https:\/\/servcrmpro.online\/fr\/wp-json\/wp\/v2\/comments?post=4303"}],"wp:featuredmedia":[{"embeddable":true,"href":"https:\/\/servcrmpro.online\/fr\/wp-json\/wp\/v2\/media\/2350"}],"wp:attachment":[{"href":"https:\/\/servcrmpro.online\/fr\/wp-json\/wp\/v2\/media?parent=4303"}],"wp:term":[{"taxonomy":"product_brand","embeddable":true,"href":"https:\/\/servcrmpro.online\/fr\/wp-json\/wp\/v2\/product_brand?post=4303"},{"taxonomy":"product_cat","embeddable":true,"href":"https:\/\/servcrmpro.online\/fr\/wp-json\/wp\/v2\/product_cat?post=4303"},{"taxonomy":"product_tag","embeddable":true,"href":"https:\/\/servcrmpro.online\/fr\/wp-json\/wp\/v2\/product_tag?post=4303"}],"curies":[{"name":"wp","href":"https:\/\/api.w.org\/{rel}","templated":true}]}}