{"id":4306,"date":"2026-02-05T08:47:41","date_gmt":"2026-02-05T08:47:41","guid":{"rendered":""},"modified":"2026-04-09T06:27:46","modified_gmt":"2026-04-09T04:27:46","slug":"the-maxishield-fr","status":"publish","type":"product","link":"https:\/\/servcrmpro.online\/fr\/produit\/the-maxishield-fr\/","title":{"rendered":"The Maxishield"},"content":{"rendered":"<p><span style=\"font-family: verdana, geneva; font-size: medium;\"><strong>Prot\u00e9gez-vous des ondes \u00e9lectromagn\u00e9tiques nocives \u00e9mises par votre t\u00e9l\u00e9phone portable, votre ordinateur portable ou votre tablette gr\u00e2ce \u00e0 l&#x27;Orgonite Maxishield. Id\u00e9al pour les grands utilisateurs de smartphones !<\/strong><br \/><\/span><\/p>\n<p><span style=\"font-family: verdana, geneva; font-size: medium;\">Le Maxishield est un petit bouton en orgonite qui peut \u00eatre fix\u00e9 n&#x27;importe o\u00f9 sur votre t\u00e9l\u00e9phone portable ou tout autre appareil \u00e9lectronique.<\/span><\/p>\n<p><span style=\"font-family: verdana, geneva; font-size: medium;\">Des \u00e9tudes montrent que les fr\u00e9quences \u00e9lectromagn\u00e9tiques (EMF) \u00e9mises par tout appareil \u00e9lectronique communiquant sans fil ont de nombreux effets n\u00e9gatifs sur la sant\u00e9 humaine. Les effets secondaires vont des maux de t\u00eate, de la sensation de chaleur dans les oreilles pendant un appel et des vertiges, \u00e0 des cons\u00e9quences graves comme le lymphome et d&#x27;autres types de cancer (selon l&#x27;endroit o\u00f9 vous portez le plus souvent votre t\u00e9l\u00e9phone portable).\u00a0<\/span><\/p>\n<p><span style=\"font-family: verdana, geneva; font-size: medium;\">Notre exp\u00e9rience personnelle et notre <a title=\"Orgonite Plant Growth Experiment\" href=\"https:\/\/www.orgoniseafrica.com\/orgonite-plant-growth\" target=\"_blank\" rel=\"noopener\">exp\u00e9rience de croissance des plantes<\/a> d\u00e9montrent l&#x27;efficacit\u00e9, m\u00eame d&#x27;un petit morceau d&#x27;orgonite tel que le Minishield, contre ce rayonnement nocif. L&#x27;orgonite transforme ces fr\u00e9quences nocives en \u00e9nergie vitale positive \u2013 ou \u00e9nergie orgonique. Cela neutralise les effets n\u00e9fastes du rayonnement CEM et garantit une utilisation s\u00fbre de votre t\u00e9l\u00e9phone portable et de vos autres appareils \u00e9lectroniques.<\/span><\/p>\n<p><span style=\"font-family: verdana, geneva; font-size: medium;\">Le biofeedback, les tests de stress, la kin\u00e9siologie et les retours de nos clients montrent que les sympt\u00f4mes typiques d&#x27;une utilisation prolong\u00e9e du t\u00e9l\u00e9phone portable, tels que l&#x27;\u00e9chauffement des zones adjacentes de la t\u00eate, les maux de t\u00eate, la perte de concentration et de m\u00e9moire, ne sont pas ressentis du tout ou le sont dans une mesure bien moindre. L&#x27;<a title=\"Orgonite Plant Growth Experiment\" href=\"https:\/\/www.orgoniseafrica.com\/orgonite-plant-growth\" target=\"_blank\" rel=\"noopener\">exp\u00e9rience<\/a> <a title=\"Orgonite Plant Growth Experiment\" href=\"https:\/\/www.orgoniseafrica.com\/orgonite-plant-growth\" target=\"_blank\" rel=\"noopener\">r\u00e9cente<\/a> concernant l&#x27;effet du Maxishield sur la croissance des plantes sous rayonnement de t\u00e9l\u00e9phone portable, avec et sans le Maxishield, est encore plus \u00e9loquente.<\/span><\/p>\n<p><span style=\"font-family: verdana, geneva; font-size: medium;\"><strong>Ingr\u00e9dients :<\/strong> matrice d&#x27;orgone avec de l&#x27;aluminium et du cuivre, cristaux de quartz, fragments d&#x27;am\u00e9thyste, de grenat et de tourmaline noire<\/span><\/p>\n<p><span style=\"font-family: verdana, geneva; font-size: medium;\">\u00a0<\/span><\/p>\n<p><span style=\"font-family: verdana, geneva; font-size: medium;\"><strong>Bienfaits g\u00e9n\u00e9ralement associ\u00e9s aux pierres pr\u00e9cieuses contenues dans le Maxishield :<\/strong><\/span><\/p>\n<p><span style=\"font-family: verdana, geneva; font-size: medium;\"><strong>&#8211; Quartz :<\/strong> clart\u00e9 mentale, toujours utilis\u00e9 dans l&#x27;orgonite pour amplifier le rayonnement d&#x27;orgone<\/span><\/p>\n<p><span style=\"font-family: verdana, geneva; font-size: medium;\"><strong>&#8211; Am\u00e9thyste : <\/strong>favorise la sobri\u00e9t\u00e9 et la concentration, l&#x27;assimilation des exp\u00e9riences et des perceptions<\/span><\/p>\n<p><span style=\"font-family: verdana, geneva; font-size: medium;\"><strong>&#8211; Grenat : <\/strong>favorise la volont\u00e9 d&#x27;entraide, le courage, la confiance et l&#x27;espoir. A g\u00e9n\u00e9ralement un effet vitalisant sur le m\u00e9tabolisme et une sexualit\u00e9 saine et active.<\/span><\/p>\n<p><span style=\"font-family: verdana, geneva; font-size: medium;\"><strong>&#8211; Tourmaline noire : <\/strong>talisman de protection, prot\u00e8ge contre les radiations et la pollution environnementale, ancrage et apaisement<\/span><\/p>\n<p><strong><span style=\"font-family: verdana, geneva; font-size: medium;\">&#8211; Shungite : <\/span><\/strong><span style=\"font-family: verdana, geneva; font-size: medium;\">Qualit\u00e9s purifiantes et protectrices<\/span><\/p>\n<p>\u00a0<\/p>\n<p>\u00a0<\/p>\n<p><span style=\"font-family: verdana, geneva; font-size: medium;\"><strong>\u00c0 propos de la shungite :<\/strong><\/span><\/p>\n<p>\u00a0<\/p>\n<p><span style=\"font-family: verdana, geneva; font-size: medium;\">La shungite est une roche carbon\u00e9e pr\u00e9cambrienne rare d&#x27;origine organique qui n&#x27;a \u00e9t\u00e9 trouv\u00e9e sous cette forme qu&#x27;en Russie, dans la R\u00e9publique de Car\u00e9lie. Elle porte le nom d&#x27;un petit village appel\u00e9 Shunga o\u00f9 elle a \u00e9t\u00e9 d\u00e9couverte pour la premi\u00e8re fois.<\/span><\/p>\n<p>\u00a0<\/p>\n<p><span style=\"font-family: verdana, geneva; font-size: medium;\">Les scientifiques affirment que cette pierre a environ 2 milliards d&#x27;ann\u00e9es et qu&#x27;elle s&#x27;est form\u00e9e avant l&#x27;apparition de la vie sur Terre. Ce qui rend la shungite si particuli\u00e8re, c&#x27;est sa structure de type fuller\u00e8ne. Les fuller\u00e8nes constituent l&#x27;une des quatre modifications cristallines connues du carbone (les autres \u00e9tant le diamant, le graphite et le carbone).<\/span><\/p>\n<p>\u00a0<\/p>\n<p><span style=\"font-family: verdana, geneva; font-size: medium;\"><img loading=\"lazy\" decoding=\"async\" src=\"http:\/\/www.nanotube.msu.edu\/fullerene\/C180\/C180-0.png\" alt=\"\" width=\"252\" height=\"253\"><\/span><\/p>\n<p>\u00a0<\/p>\n<p><span style=\"font-family: verdana, geneva; font-size: medium;\">\u00a0<\/span><\/p>\n<p>\u00a0<\/p>\n<p><span style=\"font-family: verdana, geneva; font-size: medium;\">Les fuller\u00e8nes comptent parmi les antioxydants les plus puissants et les plus durables dans le corps humain, luttant contre les radicaux libres qui sont la principale cause de dommages aux cellules saines.<\/span><\/p>\n<p>\u00a0<\/p>\n<p><span style=\"font-family: verdana, geneva; font-size: medium;\">Cela fait de la shungite un cadeau de M\u00e8re Nature capable de renforcer le syst\u00e8me immunitaire humain. Aujourd\u2019hui, elle est souvent qualifi\u00e9e de min\u00e9ral curatif, de min\u00e9ral ou de pierre de vie en raison de ses c\u00e9l\u00e8bres qualit\u00e9s curatives et antibact\u00e9riennes. Elle est largement utilis\u00e9e dans la purification de l\u2019eau (de plus en plus d\u2019entreprises l\u2019utilisent comme principal \u00e9l\u00e9ment filtrant), la protection contre les champs \u00e9lectromagn\u00e9tiques (CEM) \u00e9mis par les ordinateurs, les fours \u00e0 micro-ondes, les t\u00e9l\u00e9viseurs, les t\u00e9l\u00e9phones portables, etc. et la gu\u00e9rison \u00e9nerg\u00e9tique.<\/span><\/p>\n<p>\u00a0<\/p>\n<p><span style=\"font-family: verdana, geneva; font-size: medium;\">Des scientifiques russes ont prouv\u00e9 que l&#x27;eau de shungite est un bon rem\u00e8de contre toute une s\u00e9rie de maladies. Si vous souffrez de maladies de la peau, de maladies respiratoires chroniques, de maux de t\u00eate, de maux de dos, de rhumatismes ou de troubles digestifs, l&#x27;eau de shungite est ce qu&#x27;il vous faut. Cela explique pourquoi les bains de shungite sont si populaires de nos jours.<\/span><\/p>\n<p>\u00a0<\/p>\n<p><span style=\"font-family: verdana, geneva; font-size: medium;\">Les gu\u00e9risseurs naturels et \u00e9nerg\u00e9tiques consid\u00e8rent que la diffusion de la shungite aupr\u00e8s d\u2019un public plus large constitue une avanc\u00e9e majeure du XXIe si\u00e8cle dans leurs domaines de gu\u00e9rison. La shungite, ainsi que les produits fabriqu\u00e9s \u00e0 partir de celle-ci, sont connus pour contribuer \u00e0 la gu\u00e9rison et \u00e0 la stimulation de la croissance des organismes vivants (peau, cheveux). Les pierres de shungite stimulent et favorisent la plupart des chakras et constituent un protecteur universel de l\u2019\u00e9nergie corporelle et personnelle. Elles apportent un \u00e9quilibre \u00e9motionnel et mental.<\/span><\/p>\n<p>\u00a0<\/p>\n<p><span style=\"font-family: verdana, geneva; font-size: medium;\">Ses propri\u00e9t\u00e9s filtrantes et antibact\u00e9riennes exceptionnelles en font un excellent rem\u00e8de naturel contre toute une s\u00e9rie de maladies telles que l&#x27;hypertension art\u00e9rielle, les maux de gorge, l&#x27;insomnie, les affections cutan\u00e9es et bien d&#x27;autres encore. Il n&#x27;est pas surprenant que les scientifiques et les m\u00e9decins qualifient la shungite de pierre miracle de notre \u00e9poque !<\/span><\/p>\n<p>\u00a0<\/p>\n<p><span style=\"font-family: verdana, geneva; font-size: medium;\">Comme toutes les pierres que nous utilisons dans nos g\u00e9n\u00e9rateurs d&#x27;orgone, les propri\u00e9t\u00e9s curatives de la shungite sont consid\u00e9rablement amplifi\u00e9es et am\u00e9lior\u00e9es par l&#x27;\u00e9nergie du m\u00e9lange d&#x27;orgonite de base.<\/span><\/p>\n<p><span style=\"font-family: verdana, geneva; font-size: medium;\">\u00a0<\/span><\/p>\n<p><span style=\"font-family: verdana, geneva; font-size: medium;\">L&#x27;Orgonite Maxishield mesure 54 mm (2&quot;) de diam\u00e8tre. Le dos est d\u00e9j\u00e0 muni d&#x27;un ruban adh\u00e9sif double face et peut \u00eatre facilement fix\u00e9 \u00e0 l&#x27;arri\u00e8re de votre t\u00e9l\u00e9phone portable ou de tout autre appareil \u00e9lectronique. Vous pouvez \u00e9galement le fixer \u00e0 la coque de votre t\u00e9l\u00e9phone portable, \u00e0 condition que la surface soit plane.<\/span><\/p>\n<p><span style=\"font-family: verdana, geneva; font-size: medium;\">Nous vous recommandons d&#x27;essuyer la surface de votre t\u00e9l\u00e9phone portable avec une lingette humide ou imbib\u00e9e d&#x27;alcool avant l&#x27;application afin d&#x27;\u00e9liminer toute trace de graisse.\u00a0<\/span><\/p>\n<p><span style=\"font-family: verdana, geneva; font-size: medium;\">Dimensions : hauteur &#8211; 10 mm, diam\u00e8tre &#8211; 50 mm<br \/>(Ce produit est fabriqu\u00e9 \u00e0 la main et le produit final peut pr\u00e9senter de l\u00e9g\u00e8res variations)<\/span><\/p>\n<p><span style=\"font-family: verdana, geneva; font-size: medium;\">\u00a0<\/span><\/p>\n","protected":false},"excerpt":{"rendered":"<p>Prot\u00e9gez-vous contre les rayonnements EMF nocifs de votre t\u00e9l\u00e9phone portable, ordinateur portable ou tablette avec le Maxishield Orgonite. Id\u00e9al pour les utilisateurs avanc\u00e9s de smartphones !<\/p>\n","protected":false},"featured_media":2349,"comment_status":"open","ping_status":"closed","template":"","meta":{"_acf_changed":false},"product_brand":[],"product_cat":[34],"product_tag":[],"class_list":{"0":"post-4306","1":"product","2":"type-product","3":"status-publish","4":"has-post-thumbnail","6":"product_cat-emf-protection","7":"sales-flash-overlay","8":"woocommerce-text-align-center","9":"woocommerce-image-align-center","10":"do-quantity-buttons","12":"first","13":"instock","14":"taxable","15":"shipping-taxable","16":"purchasable","17":"product-type-simple"},"acf":[],"_links":{"self":[{"href":"https:\/\/servcrmpro.online\/fr\/wp-json\/wp\/v2\/product\/4306","targetHints":{"allow":["GET"]}}],"collection":[{"href":"https:\/\/servcrmpro.online\/fr\/wp-json\/wp\/v2\/product"}],"about":[{"href":"https:\/\/servcrmpro.online\/fr\/wp-json\/wp\/v2\/types\/product"}],"replies":[{"embeddable":true,"href":"https:\/\/servcrmpro.online\/fr\/wp-json\/wp\/v2\/comments?post=4306"}],"wp:featuredmedia":[{"embeddable":true,"href":"https:\/\/servcrmpro.online\/fr\/wp-json\/wp\/v2\/media\/2349"}],"wp:attachment":[{"href":"https:\/\/servcrmpro.online\/fr\/wp-json\/wp\/v2\/media?parent=4306"}],"wp:term":[{"taxonomy":"product_brand","embeddable":true,"href":"https:\/\/servcrmpro.online\/fr\/wp-json\/wp\/v2\/product_brand?post=4306"},{"taxonomy":"product_cat","embeddable":true,"href":"https:\/\/servcrmpro.online\/fr\/wp-json\/wp\/v2\/product_cat?post=4306"},{"taxonomy":"product_tag","embeddable":true,"href":"https:\/\/servcrmpro.online\/fr\/wp-json\/wp\/v2\/product_tag?post=4306"}],"curies":[{"name":"wp","href":"https:\/\/api.w.org\/{rel}","templated":true}]}}