{"id":4318,"date":"2026-02-05T08:48:24","date_gmt":"2026-02-05T08:48:24","guid":{"rendered":""},"modified":"2026-04-17T00:50:03","modified_gmt":"2026-04-16T22:50:03","slug":"hand-of-fatima-orgone-pendant-fr","status":"publish","type":"product","link":"https:\/\/servcrmpro.online\/fr\/produit\/hand-of-fatima-orgone-pendant-fr\/","title":{"rendered":"Pendentif Orgone Fatima"},"content":{"rendered":"<h1>Pendentif en orgonite \u00ab Main de Fatima \u00bb<\/h1>\n<p>Un pendentif en orgonite puissant et protecteur, qui renforce votre champ aurique et vous prot\u00e8ge contre les CEM et les \u00e9nergies n\u00e9gatives en g\u00e9n\u00e9ral.<\/p>\n<h2>Ingr\u00e9dients :<\/h2>\n<ul>\n<li>Matrice d&#x27;orgonite<\/li>\n<li>Incrustation Main de Fatima<\/li>\n<li>Am\u00e9thyste<\/li>\n<li>Sugilite<\/li>\n<li>Labradorite<\/li>\n<li>L\u00e9pidolite<\/li>\n<li>Quartz<\/li>\n<\/ul>\n<p><strong>Diam\u00e8tre = 55 mm<\/strong><\/p>\n","protected":false},"excerpt":{"rendered":"<p>Un puissant pendentif protecteur en orgonite, renfor\u00e7ant votre champ aurique et prot\u00e9geant contre les EMF et les \u00e9nergies n\u00e9gatives g\u00e9n\u00e9rales.<\/p>\n","protected":false},"featured_media":193,"comment_status":"open","ping_status":"closed","template":"","meta":{"_acf_changed":false},"product_brand":[],"product_cat":[102],"product_tag":[],"class_list":{"0":"post-4318","1":"product","2":"type-product","3":"status-publish","4":"has-post-thumbnail","6":"product_cat-orgone-energy-pendants","7":"sales-flash-overlay","8":"woocommerce-text-align-center","9":"woocommerce-image-align-center","10":"do-quantity-buttons","12":"first","13":"instock","14":"taxable","15":"shipping-taxable","16":"purchasable","17":"product-type-simple"},"acf":[],"_links":{"self":[{"href":"https:\/\/servcrmpro.online\/fr\/wp-json\/wp\/v2\/product\/4318","targetHints":{"allow":["GET"]}}],"collection":[{"href":"https:\/\/servcrmpro.online\/fr\/wp-json\/wp\/v2\/product"}],"about":[{"href":"https:\/\/servcrmpro.online\/fr\/wp-json\/wp\/v2\/types\/product"}],"replies":[{"embeddable":true,"href":"https:\/\/servcrmpro.online\/fr\/wp-json\/wp\/v2\/comments?post=4318"}],"wp:featuredmedia":[{"embeddable":true,"href":"https:\/\/servcrmpro.online\/fr\/wp-json\/wp\/v2\/media\/193"}],"wp:attachment":[{"href":"https:\/\/servcrmpro.online\/fr\/wp-json\/wp\/v2\/media?parent=4318"}],"wp:term":[{"taxonomy":"product_brand","embeddable":true,"href":"https:\/\/servcrmpro.online\/fr\/wp-json\/wp\/v2\/product_brand?post=4318"},{"taxonomy":"product_cat","embeddable":true,"href":"https:\/\/servcrmpro.online\/fr\/wp-json\/wp\/v2\/product_cat?post=4318"},{"taxonomy":"product_tag","embeddable":true,"href":"https:\/\/servcrmpro.online\/fr\/wp-json\/wp\/v2\/product_tag?post=4318"}],"curies":[{"name":"wp","href":"https:\/\/api.w.org\/{rel}","templated":true}]}}