{"id":4321,"date":"2026-02-05T08:48:38","date_gmt":"2026-02-05T08:48:38","guid":{"rendered":""},"modified":"2026-04-13T10:56:07","modified_gmt":"2026-04-13T08:56:07","slug":"silver-shungite-orgone-pyramid-fr","status":"publish","type":"product","link":"https:\/\/servcrmpro.online\/fr\/produit\/silver-shungite-orgone-pyramid-fr\/","title":{"rendered":"Pyramide en argent et shungite"},"content":{"rendered":"<h2>Pyramide en argent et shungite<\/h2>\n<p>Cette pyramide est extraordinairement bien faite et sera un point focal partout dans votre maison ou sur votre lieu de travail.<\/p>\n<p>La Pyramide d&rsquo;Argent et de Shungite est un produit tr\u00e8s \u00e9labor\u00e9 avec une technologie \u00e0 double couche.<\/p>\n<p>Le noyau est constitu\u00e9 d&rsquo;orgonite recouverte d&rsquo;une feuille d&rsquo;argent compos\u00e9e et de limaille d&rsquo;argent dans le fond.&nbsp;La couche ext\u00e9rieure est une r\u00e9sine transparente avec des flocons flottants de feuilles d&rsquo;argent.<\/p>\n<p>L&rsquo;\u00e9nergie est canalis\u00e9e \u00e0 travers la \u00ab\u00a0capstone\u00a0\u00bb, contenant de la Shungite pure et dense.<\/p>\n<p>Ce g\u00e9n\u00e9rateur d&rsquo;orgone offre une protection sup\u00e9rieure contre les champs \u00e9lectromagn\u00e9tiques et autres radiations et infuse votre environnement d&rsquo;une \u00e9nergie de nettoyage, de purification et de mise \u00e0 la terre.<\/p>\n<p>Taille : 87 x 87mm, hauteur : 67mm, poids env. 400g.<\/p>\n<h3>Toutes nos Orgonites :<\/h3>\n<p>&#8211; renforce votre champ bio\u00e9nerg\u00e9tique (Aura)<\/p>\n<p>&#8211; cela vous aidera \u00e0 lutter contre les maladies et la n\u00e9gativit\u00e9 dans votre vie.<\/p>\n<p>&#8211; revitalise votre corps<\/p>\n<p>&#8211; les maladies ou troubles d\u00e9j\u00e0 pr\u00e9sents peuvent \u00eatre \u00e9limin\u00e9s.<\/p>\n<p>&#8211; vous prot\u00e8ge des influences n\u00e9fastes telles que les radiations \u00e9lectromagn\u00e9tiques (EMF) ou les \u00e9nergies n\u00e9gatives.<\/p>\n<p>&nbsp;<\/p>\n<h3>Ingr\u00e9dients :<\/h3>\n<p><strong>M\u00e9lange d&rsquo;orgonite :<\/strong> revitalise et \u00e9l\u00e8ve le champ \u00e9nerg\u00e9tique, neutralise les CEM et les radiations.<\/p>\n<p><strong>Shungite :<\/strong>&nbsp;Protection sup\u00e9rieure contre les CEM, protection psychique, mise \u00e0 la terre, purification et nettoyage, apaisement et relaxation.<\/p>\n<p><strong>Limaille d&rsquo;argent et feuille d&rsquo;argent :<\/strong> poss\u00e8de des propri\u00e9t\u00e9s antibact\u00e9riennes, antivirales et antifongiques, purificateur puissant, calmant et orient\u00e9 vers la gu\u00e9rison, refl\u00e8te la n\u00e9gativit\u00e9 du porteur, amplifie les qualit\u00e9s des autres pierres pr\u00e9cieuses.<\/p>\n<p><strong>Tourmaline noire :<\/strong>&nbsp;Talisman de protection, prot\u00e8ge contre les radiations et la pollution de l&rsquo;environnement, ancrage et apaisement.<\/p>\n<p><strong>Gal\u00e9nite :<\/strong>&nbsp;Contre les effets des CEM, aide \u00e0 la transformation personnelle, augmente le pouvoir personnel, apporte du courage dans les moments difficiles.<\/p>\n<p><strong>Quartz fum\u00e9 :<\/strong> favorise la force physique et mentale et la r\u00e9silience, en particulier contre les radiations. Aide \u00e0 la gu\u00e9rison des dommages caus\u00e9s par les radiations.<\/p>\n<p><strong>Quartz rose :<\/strong> pierre d&rsquo;amour inconditionnel, de paix, de calme et de bont\u00e9. Apaise, r\u00e9duit le stress et les tensions, favorise l&rsquo;\u00e9panouissement.<\/p>\n<p><strong>Am\u00e9thyste :<\/strong> pierre de croissance spirituelle, am\u00e9liore la sant\u00e9 de nombreuses fa\u00e7ons, prot\u00e8ge de l&rsquo;anxi\u00e9t\u00e9, des radiations terrestres et des \u00e9nergies \u00e9trang\u00e8res.<\/p>\n<p><strong>Mica :<\/strong>&nbsp;Bouclier et protection, clart\u00e9 et flexibilit\u00e9.<\/p><\/p>\n","protected":false},"excerpt":{"rendered":"<p>Cette pyramide est exceptionnellement bien con\u00e7ue et sera un point central partout dans votre maison ou sur votre lieu de travail.<\/p>\n","protected":false},"featured_media":2345,"comment_status":"open","ping_status":"closed","template":"","meta":{"_acf_changed":false},"product_brand":[],"product_cat":[20],"product_tag":[],"class_list":{"0":"post-4321","1":"product","2":"type-product","3":"status-publish","4":"has-post-thumbnail","6":"product_cat-orgonite-pyramids","7":"sales-flash-overlay","8":"woocommerce-text-align-center","9":"woocommerce-image-align-center","10":"do-quantity-buttons","12":"first","13":"instock","14":"taxable","15":"shipping-taxable","16":"purchasable","17":"product-type-simple"},"acf":[],"_links":{"self":[{"href":"https:\/\/servcrmpro.online\/fr\/wp-json\/wp\/v2\/product\/4321","targetHints":{"allow":["GET"]}}],"collection":[{"href":"https:\/\/servcrmpro.online\/fr\/wp-json\/wp\/v2\/product"}],"about":[{"href":"https:\/\/servcrmpro.online\/fr\/wp-json\/wp\/v2\/types\/product"}],"replies":[{"embeddable":true,"href":"https:\/\/servcrmpro.online\/fr\/wp-json\/wp\/v2\/comments?post=4321"}],"wp:featuredmedia":[{"embeddable":true,"href":"https:\/\/servcrmpro.online\/fr\/wp-json\/wp\/v2\/media\/2345"}],"wp:attachment":[{"href":"https:\/\/servcrmpro.online\/fr\/wp-json\/wp\/v2\/media?parent=4321"}],"wp:term":[{"taxonomy":"product_brand","embeddable":true,"href":"https:\/\/servcrmpro.online\/fr\/wp-json\/wp\/v2\/product_brand?post=4321"},{"taxonomy":"product_cat","embeddable":true,"href":"https:\/\/servcrmpro.online\/fr\/wp-json\/wp\/v2\/product_cat?post=4321"},{"taxonomy":"product_tag","embeddable":true,"href":"https:\/\/servcrmpro.online\/fr\/wp-json\/wp\/v2\/product_tag?post=4321"}],"curies":[{"name":"wp","href":"https:\/\/api.w.org\/{rel}","templated":true}]}}