{"id":4339,"date":"2026-02-05T08:49:44","date_gmt":"2026-02-05T08:49:44","guid":{"rendered":""},"modified":"2026-04-17T08:21:30","modified_gmt":"2026-04-17T06:21:30","slug":"tree-of-life-orgone-pendant-fr","status":"publish","type":"product","link":"https:\/\/servcrmpro.online\/fr\/produit\/tree-of-life-orgone-pendant-fr\/","title":{"rendered":"Tree of Life Pendant"},"content":{"rendered":"<p>\u00a0<span style=\"font-family: verdana, geneva; font-size: medium;\"><strong>Ce magnifique pendentif en orgonite est un puissant protecteur contre les rayonnements \u00e9lectromagn\u00e9tiques (EMF) et autres \u00e9nergies n\u00e9gatives.\u00a0<\/strong><\/span><\/p>\n<p><span style=\"font-family: verdana, geneva; font-size: medium;\">Tous nos pendentifs en orgonite renforcent votre champ bio\u00e9nerg\u00e9tique (aura), revitalisent votre corps et vous prot\u00e8gent des influences n\u00e9fastes telles que les rayonnements \u00e9lectromagn\u00e9tiques (EMF) ou les \u00e9nergies n\u00e9gatives.\u00a0<\/span><\/p>\n<p><span style=\"font-family: verdana, geneva; font-size: medium;\">Le pendentif en orgonite \u00ab Arbre de vie \u00bb est orn\u00e9 d&#x27;une jolie incrustation m\u00e9tallique repr\u00e9sentant l&#x27;Arbre de vie et est enfil\u00e9 sur un cordon en coton cir\u00e9 avec une perle en bois et une perle en m\u00e9tal.\u00a0<\/span><\/p>\n<p><span style=\"font-size: medium; font-family: verdana, geneva;\">Les propri\u00e9t\u00e9s nourrissantes de la poudre de moringa sont renforc\u00e9es par la dolomite sucr\u00e9e qui alcalinise le corps, neutralise l&#x27;exc\u00e8s d&#x27;acidit\u00e9, adoucit les tissus cicatriciels, am\u00e9liore la vitalit\u00e9 gr\u00e2ce \u00e0 une meilleure distribution de l&#x27;oxyg\u00e8ne et \u00e9limine les d\u00e9p\u00f4ts vasculaires (plaques d&#x27;ath\u00e9roscl\u00e9rose). La chrysocolle apporte des propri\u00e9t\u00e9s anti-inflammatoires et d\u00e9toxifiantes, compl\u00e9t\u00e9es par la tourmaline noire qui prot\u00e8ge contre les rayonnements EMF et active la circulation de l&#x27;\u00e9nergie dans le corps.<\/span><\/p>\n<p>\u00a0<\/p>\n<p><span style=\"font-family: verdana, geneva; font-size: medium;\"><strong>Qu&#x27;est-ce que le moringa ?<\/strong><\/span><\/p>\n<p><span style=\"font-size: medium; font-family: verdana, geneva;\">Le Moringa Oleifera est consid\u00e9r\u00e9 comme la plante la plus riche en nutriments au monde. Il pousse dans les r\u00e9gions tropicales telles que Bali, mais est \u00e9galement originaire d&#x27;Afrique australe et est connu et utilis\u00e9 comme plante m\u00e9dicinale depuis de tr\u00e8s nombreuses ann\u00e9es. Les feuilles de moringa regorgent de vitamines, de min\u00e9raux, d&#x27;acides amin\u00e9s essentiels, d&#x27;antioxydants et bien plus encore. Le moringa poss\u00e8de des propri\u00e9t\u00e9s antidiab\u00e9tiques, anti-inflammatoires, hypocholest\u00e9rol\u00e9miantes et cardioprotectrices. Les graines de moringa sont m\u00eame plus efficaces pour la purification de l&#x27;eau que bon nombre des mat\u00e9riaux synth\u00e9tiques conventionnels utilis\u00e9s aujourd&#x27;hui.<\/span><\/p>\n<p><span style=\"font-size: medium; font-family: verdana, geneva;\">Nous utilisons ce superaliment dans nos pendentifs \u00ab Arbre de Vie \u00bb en orgonite car sa haute fr\u00e9quence est amplifi\u00e9e et v\u00e9hicul\u00e9e par l\u2019effet de l\u2019orgonite de base. Tout comme diff\u00e9rents cristaux de gu\u00e9rison fonctionnent incroyablement bien en association avec l\u2019orgonite, les superaliments auront un effet vibratoire positif sur le corps et son champ \u00e9nerg\u00e9tique.\u00a0<\/span><\/p>\n<p>\u00a0<\/p>\n<p><span style=\"font-family: verdana, geneva; font-size: medium;\"><strong>Propri\u00e9t\u00e9s curatives g\u00e9n\u00e9ralement associ\u00e9es aux pierres pr\u00e9cieuses contenues dans ce pendentif :<\/strong><\/span><\/p>\n<p>\u00a0<\/p>\n<p><span style=\"font-family: verdana, geneva; font-size: medium;\"><strong>&#8211; Poudre de Moringa Oleifera : <\/strong>apporte des nutriments au corps, facilite l&#x27;absorption des nutriments, poss\u00e8de un fort pouvoir d\u00e9toxifiant<\/span><\/p>\n<p><span style=\"font-family: verdana, geneva; font-size: medium;\"><strong>&#8211; Dolomite sucr\u00e9e : <\/strong>rend le corps plus alcalin, adoucit les tissus cicatriciels, am\u00e9liore la vitalit\u00e9 gr\u00e2ce \u00e0 une oxyg\u00e9nation accrue, \u00e9limine les d\u00e9p\u00f4ts vasculaires (plaque)<\/span><\/p>\n<p><span style=\"font-family: verdana, geneva; font-size: medium;\"><strong>&#8211; Chrysocolle : <\/strong>\u00e9quilibrante, apaisante, d\u00e9toxifiante<\/span><\/p>\n<p><span style=\"font-family: verdana, geneva; font-size: medium;\"><strong>&#8211; Tourmaline noire : <\/strong>talisman de protection, prot\u00e8ge contre les radiations et la pollution environnementale, ancrage et apaisement<\/span><\/p>\n<p><span style=\"font-family: verdana, geneva; font-size: medium;\"><strong>&#8211; Quartz :<\/strong> clart\u00e9 mentale, toujours utilis\u00e9 dans l&#x27;orgonite pour amplifier le flux d&#x27;orgone<\/span><\/p>\n<p>\u00a0<\/p>\n<p><span style=\"font-family: verdana, geneva; font-size: medium;\">Ce pendentif peut \u00eatre joliment associ\u00e9 \u00e0 des perles ou int\u00e9gr\u00e9 \u00e0 un autre bijou.<\/span><\/p>\n<p>\u00a0<\/p>\n<p><span style=\"font-family: verdana, geneva; font-size: medium;\">Dimensions : \u00e9paisseur &#8211; 10 mm, diam\u00e8tre &#8211; 28 mm, forme l\u00e9g\u00e8rement lenticulaire<br \/>(ce produit est fait main et le produit final peut pr\u00e9senter de l\u00e9g\u00e8res variations)<\/span><\/p>\n<p><span style=\"font-family: verdana, geneva; font-size: medium;\"><em>Veuillez noter que l&#x27;incrustation m\u00e9tallique en forme d&#x27;arbre peut s&#x27;oxyder et changer de couleur avec le temps.<\/em><\/span><\/p>\n","protected":false},"excerpt":{"rendered":"<p>Ce magnifique pendentif en orgonite est un puissant protecteur contre les rayonnements \u00e9lectromagn\u00e9tiques (EMF) et d\u2019autres \u00e9nergies n\u00e9gatives.<\/p>\n","protected":false},"featured_media":2342,"comment_status":"open","ping_status":"closed","template":"","meta":{"_acf_changed":false},"product_brand":[],"product_cat":[102],"product_tag":[],"class_list":{"0":"post-4339","1":"product","2":"type-product","3":"status-publish","4":"has-post-thumbnail","6":"product_cat-orgone-energy-pendants","7":"sales-flash-overlay","8":"woocommerce-text-align-center","9":"woocommerce-image-align-center","10":"do-quantity-buttons","12":"first","13":"instock","14":"taxable","15":"shipping-taxable","16":"purchasable","17":"product-type-simple"},"acf":[],"_links":{"self":[{"href":"https:\/\/servcrmpro.online\/fr\/wp-json\/wp\/v2\/product\/4339","targetHints":{"allow":["GET"]}}],"collection":[{"href":"https:\/\/servcrmpro.online\/fr\/wp-json\/wp\/v2\/product"}],"about":[{"href":"https:\/\/servcrmpro.online\/fr\/wp-json\/wp\/v2\/types\/product"}],"replies":[{"embeddable":true,"href":"https:\/\/servcrmpro.online\/fr\/wp-json\/wp\/v2\/comments?post=4339"}],"wp:featuredmedia":[{"embeddable":true,"href":"https:\/\/servcrmpro.online\/fr\/wp-json\/wp\/v2\/media\/2342"}],"wp:attachment":[{"href":"https:\/\/servcrmpro.online\/fr\/wp-json\/wp\/v2\/media?parent=4339"}],"wp:term":[{"taxonomy":"product_brand","embeddable":true,"href":"https:\/\/servcrmpro.online\/fr\/wp-json\/wp\/v2\/product_brand?post=4339"},{"taxonomy":"product_cat","embeddable":true,"href":"https:\/\/servcrmpro.online\/fr\/wp-json\/wp\/v2\/product_cat?post=4339"},{"taxonomy":"product_tag","embeddable":true,"href":"https:\/\/servcrmpro.online\/fr\/wp-json\/wp\/v2\/product_tag?post=4339"}],"curies":[{"name":"wp","href":"https:\/\/api.w.org\/{rel}","templated":true}]}}