{"id":4342,"date":"2026-02-05T08:50:11","date_gmt":"2026-02-05T08:50:11","guid":{"rendered":""},"modified":"2026-04-08T21:46:24","modified_gmt":"2026-04-08T19:46:24","slug":"orgonite-mini-wand-35mm-fr","status":"publish","type":"product","link":"https:\/\/servcrmpro.online\/fr\/produit\/orgonite-mini-wand-35mm-fr\/","title":{"rendered":"Mini PowerWand 35mm"},"content":{"rendered":"<p>Cette PowerWand est toujours \u00e0 port\u00e9e de main encore plus puissant, merci \u00e0 le volume plus grand et un cristal plus grand \u00e0 l&rsquo;int\u00e9rieur.<\/p>\n<p>Le <strong>cristal <\/strong>est d&rsquo;environ <strong>100-130mm<\/strong> long et enroul\u00e9 avec 4-5 n\u0153uds de M\u00f6bius.<\/p>\n<p>Le cristal est incorpor\u00e9 dans une orgonite matrice  \u00e0 l&rsquo;int\u00e9rieur d&rsquo;un <strong>tube en cuivre 35mm<\/strong> coup\u00e9 \u00e0 une longueur de <strong>175mm<\/strong>. (Proportion harmonique de 1:5 &#8211; longueur:diam\u00e8tre)<\/p>\n<p>Le fond est obture avec une plaque de cuivre.<\/p>\n<p>Pierres pr\u00e9cieuses compl\u00e9mentaires: <strong>3-8mm am\u00e9thyste, le grenat et l&rsquo;h\u00e9matite<\/strong>.<\/p>\n<p>Le PW vient dans un <strong>\u00e9tui en cuir pour la sensation agr\u00e9able<\/strong> et a une fiche \u00e0 monter la prise de toutes nos zappers.<\/p>\n<p>A zapper s\u00e9par\u00e9 (non inclus) est n\u00e9cessaire pour faire fonctionner le PW Mini.<br \/>&#160;<\/p>\n","protected":false},"excerpt":{"rendered":"<p>Compagnon de voyage en orgonite puls\u00e9e<\/p>\n","protected":false},"featured_media":2341,"comment_status":"open","ping_status":"closed","template":"","meta":{"_acf_changed":false},"product_brand":[],"product_cat":[26],"product_tag":[],"class_list":{"0":"post-4342","1":"product","2":"type-product","3":"status-publish","4":"has-post-thumbnail","6":"product_cat-orgone-zappers","7":"sales-flash-overlay","8":"woocommerce-text-align-center","9":"woocommerce-image-align-center","10":"do-quantity-buttons","12":"first","13":"instock","14":"taxable","15":"shipping-taxable","16":"purchasable","17":"product-type-simple"},"acf":[],"_links":{"self":[{"href":"https:\/\/servcrmpro.online\/fr\/wp-json\/wp\/v2\/product\/4342","targetHints":{"allow":["GET"]}}],"collection":[{"href":"https:\/\/servcrmpro.online\/fr\/wp-json\/wp\/v2\/product"}],"about":[{"href":"https:\/\/servcrmpro.online\/fr\/wp-json\/wp\/v2\/types\/product"}],"replies":[{"embeddable":true,"href":"https:\/\/servcrmpro.online\/fr\/wp-json\/wp\/v2\/comments?post=4342"}],"wp:featuredmedia":[{"embeddable":true,"href":"https:\/\/servcrmpro.online\/fr\/wp-json\/wp\/v2\/media\/2341"}],"wp:attachment":[{"href":"https:\/\/servcrmpro.online\/fr\/wp-json\/wp\/v2\/media?parent=4342"}],"wp:term":[{"taxonomy":"product_brand","embeddable":true,"href":"https:\/\/servcrmpro.online\/fr\/wp-json\/wp\/v2\/product_brand?post=4342"},{"taxonomy":"product_cat","embeddable":true,"href":"https:\/\/servcrmpro.online\/fr\/wp-json\/wp\/v2\/product_cat?post=4342"},{"taxonomy":"product_tag","embeddable":true,"href":"https:\/\/servcrmpro.online\/fr\/wp-json\/wp\/v2\/product_tag?post=4342"}],"curies":[{"name":"wp","href":"https:\/\/api.w.org\/{rel}","templated":true}]}}