{"id":4345,"date":"2026-02-05T08:50:18","date_gmt":"2026-02-05T08:50:18","guid":{"rendered":""},"modified":"2026-04-08T20:13:52","modified_gmt":"2026-04-08T18:13:52","slug":"operation-paradise-fr","status":"publish","type":"product","link":"https:\/\/servcrmpro.online\/fr\/produit\/operation-paradise-fr\/","title":{"rendered":"Op\u00e9ration Paradis"},"content":{"rendered":"<p><strong>La r\u00e9volution Orgone est en cours:<\/strong><\/p>\n<p>Au cours  des derni\u00e8res ann\u00e9es , un groupe restreint mais croissant de personnes a  commenc\u00e9 une r\u00e9volution pacifique \u00e0 l&rsquo;\u00e9chelle plan\u00e9taire :&#160; la gu\u00e9rison de  l&rsquo;environnement&#160; avec l&rsquo;\u00e9nergie d&rsquo;orgone.<br \/>Ce livre est une lecture  essentielle pour quiconque s&rsquo;int\u00e9resse \u00e0 la gu\u00e9rison holistique et de la  convergence de la science avanc\u00e9e avec la vision mystique du monde.<\/p>\n<p>C&rsquo;est \u00e9galement un livre pour tous ceux qui sont pr\u00e9occup\u00e9s par les efforts d&rsquo;une petite \u00e9lite afin de cr\u00e9er un \u00ab\u00a0super-\u00e9tat orwellien\u00a0\u00bb mondial, en manipulant secr\u00e8tement les \u00e9v\u00e9nements mondiaux, en utilisant&#160; la  centralisation ainsi que la guerre chimique et \u00e9lectronique secr\u00e8te contre  l&rsquo;humanit\u00e9. Il est temps de reconqu\u00e9rir la plan\u00e8te Terre pour  l&rsquo;humanit\u00e9. Le message convaincant de ce livre est:<\/p>\n<p><b>Ensemble, on peut cr\u00e9er le paradis!<\/b><\/p>\n<p><\/p>\n<p>338 pages noir\/blanc avec de nombreuses photos.<\/p>\n<p>Si  vous achetez le livre ici, vous pouvez imm\u00e9diatement t\u00e9l\u00e9charger le  fichier PDF en couleur et commencer \u00e0 le lire imm\u00e9diatement.<\/p>\n<p> Si vous habitez en Europe ou en  Am\u00e9rique du Nord, commandez-le directement chez Lulu : <span style=\"color: rgb(0, 0, 255);\"><u>www.lulu.com\/content\/1145986<\/u><\/span> , cela peut r\u00e9duire les frais de port  et obtenir votre  copie plus rapidement, car ils l&rsquo;envoient de l&rsquo;Espagne ou du Canada, selon  l&rsquo;endroit o\u00f9 vous habitez.<\/p>\n<p>&#160;<\/p>\n<p>Il ya aussi une version en couleur disponible en version imprim\u00e9e \u00e0 <span style=\"color: rgb(0, 0, 255);\"><u>www.lulu.com\/content\/1505688<\/u><\/span><\/p>\n<p>C&rsquo;est agr\u00e9able et utile d&rsquo;avoir les photos en couleur, mais je reconnais que  le prix est un peu excessif pour un livre de poche. J&rsquo;en tire seulement  quelques euros &#8230; Malheureusement, l&rsquo;impression en couleur est  toujours tr\u00e8s ch\u00e8re dans le monde des publications sur demande. Depuis quelque  temps, une \u00e9dition parall\u00e8le est disponible sur<span style=\"color: rgb(0, 0, 255);\"><u> www.amazon.com<\/u><\/span><\/p>\n<p>&#160;<\/p>\n<p>Enfin, nous avons fait la version <span style=\"color: rgb(0, 0, 255);\"><u><strong>e-book disponible maintenant gratuitement.<\/strong><\/u><\/span> <\/p>\n<p>Vous pouvez le t\u00e9l\u00e9charger directement de notre site <span style=\"color: rgb(0, 0, 255);\"><u>ici<\/u><\/span>.<\/p>\n<p>&#160;<\/p>\n","protected":false},"excerpt":{"rendered":"<p>La R\u00e9volution de l\u2019Orgone est en cours : Au cours des derni\u00e8res ann\u00e9es, un petit groupe croissant de personnes dans le monde entier a lanc\u00e9 une r\u00e9volution pacifique de gu\u00e9rison environnementale \u00e0 l\u2019\u00e9chelle plan\u00e9taire gr\u00e2ce \u00e0 l\u2019\u00e9nergie orgone. Ce livre est une lecture incontournable pour quiconque s\u2019int\u00e9resse \u00e0 la gu\u00e9rison holistique et \u00e0 la convergence de&#8230;<\/p>\n","protected":false},"featured_media":2340,"comment_status":"open","ping_status":"closed","template":"","meta":{"_acf_changed":false},"product_brand":[],"product_cat":[70],"product_tag":[],"class_list":{"0":"post-4345","1":"product","2":"type-product","3":"status-publish","4":"has-post-thumbnail","6":"product_cat-tactical-orgonite","7":"sales-flash-overlay","8":"woocommerce-text-align-center","9":"woocommerce-image-align-center","10":"do-quantity-buttons","12":"first","13":"instock","14":"taxable","15":"shipping-taxable","16":"purchasable","17":"product-type-simple"},"acf":[],"_links":{"self":[{"href":"https:\/\/servcrmpro.online\/fr\/wp-json\/wp\/v2\/product\/4345","targetHints":{"allow":["GET"]}}],"collection":[{"href":"https:\/\/servcrmpro.online\/fr\/wp-json\/wp\/v2\/product"}],"about":[{"href":"https:\/\/servcrmpro.online\/fr\/wp-json\/wp\/v2\/types\/product"}],"replies":[{"embeddable":true,"href":"https:\/\/servcrmpro.online\/fr\/wp-json\/wp\/v2\/comments?post=4345"}],"wp:featuredmedia":[{"embeddable":true,"href":"https:\/\/servcrmpro.online\/fr\/wp-json\/wp\/v2\/media\/2340"}],"wp:attachment":[{"href":"https:\/\/servcrmpro.online\/fr\/wp-json\/wp\/v2\/media?parent=4345"}],"wp:term":[{"taxonomy":"product_brand","embeddable":true,"href":"https:\/\/servcrmpro.online\/fr\/wp-json\/wp\/v2\/product_brand?post=4345"},{"taxonomy":"product_cat","embeddable":true,"href":"https:\/\/servcrmpro.online\/fr\/wp-json\/wp\/v2\/product_cat?post=4345"},{"taxonomy":"product_tag","embeddable":true,"href":"https:\/\/servcrmpro.online\/fr\/wp-json\/wp\/v2\/product_tag?post=4345"}],"curies":[{"name":"wp","href":"https:\/\/api.w.org\/{rel}","templated":true}]}}