{"id":4351,"date":"2026-02-05T08:50:33","date_gmt":"2026-02-05T08:50:33","guid":{"rendered":""},"modified":"2026-04-11T03:51:32","modified_gmt":"2026-04-11T01:51:32","slug":"orgonite-fireball-fr","status":"publish","type":"product","link":"https:\/\/servcrmpro.online\/fr\/produit\/orgonite-fireball-fr\/","title":{"rendered":"Orgonite Fireball"},"content":{"rendered":"<p><span style=\"font-family: verdana, geneva; font-size: large;\">Boule d&#x27;orgonite avec CO2 GANS<\/span><\/p>\n<p><span style=\"font-family: verdana, geneva; font-size: large;\">Nos produits GANS contiennent un flacon de 10 ml de CO2 GANS &#8211; \u00ab GAs in a Nano State \u00bb. Cette technologie a \u00e9t\u00e9 d\u00e9velopp\u00e9e par M.V. Keshe. Le CO2 GANS d\u00e9signe les particules de CO2 contenues dans l&#x27;eau, qui sont attir\u00e9es par un champ \u00e9lectromagn\u00e9tique. Ce GANS est tr\u00e8s riche en \u00e9nergie et peut m\u00eame \u00eatre utilis\u00e9 comme source d&#x27;\u00e9nergie libre.<\/span><\/p>\n<p><span style=\"font-family: verdana, geneva; font-size: large;\">Nous l&#x27;utilisons pour donner un formidable coup de pouce \u00e0 notre orgonite, par exemple dans nos HHG Booster, que nous aimons associer aux Cloudbusters de 28 mm. Nous avons d\u00e9j\u00e0 d\u00e9ploy\u00e9 plusieurs de ces combinaisons \u00e0 travers l&#x27;Afrique du Sud, avec un impact positif consid\u00e9rable sur les pr\u00e9cipitations \u2013 consultez les r\u00e9cents articles de blog \u00ab No Hour Zero \u00bb pour plus d&#x27;informations \u00e0 ce sujet.<\/span><\/p>\n<p><span style=\"font-family: verdana, geneva; font-size: large;\">L&#x27;Orgonite Fireball tient tr\u00e8s bien en main et est parfaite pour la m\u00e9ditation et le travail de gu\u00e9rison, mais elle peut \u00e9galement \u00eatre utilis\u00e9e comme un outil tr\u00e8s puissant pour \u00ab offrir de l&#x27;eau \u00bb aux zones n\u00e9cessitant une attention particuli\u00e8re.<\/span><\/p>\n<p>Dimensions : diam\u00e8tre &#8211; 75 mm<br \/>(Ce produit est fabriqu\u00e9 \u00e0 la main et le produit final peut pr\u00e9senter de l\u00e9g\u00e8res variations)<\/p>\n<p>\u00a0<\/p>\n","protected":false},"excerpt":{"rendered":"<p>La combinaison d\u2019une matrice d\u2019Orgonite puissante avec la technologie Keshe GANS fait de la Boule de Feu une v\u00e9ritable explosion d\u2019\u00e9nergie.<\/p>\n","protected":false},"featured_media":2338,"comment_status":"open","ping_status":"closed","template":"","meta":{"_acf_changed":false},"product_brand":[],"product_cat":[34],"product_tag":[],"class_list":{"0":"post-4351","1":"product","2":"type-product","3":"status-publish","4":"has-post-thumbnail","6":"product_cat-emf-protection","7":"sales-flash-overlay","8":"woocommerce-text-align-center","9":"woocommerce-image-align-center","10":"do-quantity-buttons","12":"first","13":"instock","14":"taxable","15":"shipping-taxable","16":"purchasable","17":"product-type-simple"},"acf":[],"_links":{"self":[{"href":"https:\/\/servcrmpro.online\/fr\/wp-json\/wp\/v2\/product\/4351","targetHints":{"allow":["GET"]}}],"collection":[{"href":"https:\/\/servcrmpro.online\/fr\/wp-json\/wp\/v2\/product"}],"about":[{"href":"https:\/\/servcrmpro.online\/fr\/wp-json\/wp\/v2\/types\/product"}],"replies":[{"embeddable":true,"href":"https:\/\/servcrmpro.online\/fr\/wp-json\/wp\/v2\/comments?post=4351"}],"wp:featuredmedia":[{"embeddable":true,"href":"https:\/\/servcrmpro.online\/fr\/wp-json\/wp\/v2\/media\/2338"}],"wp:attachment":[{"href":"https:\/\/servcrmpro.online\/fr\/wp-json\/wp\/v2\/media?parent=4351"}],"wp:term":[{"taxonomy":"product_brand","embeddable":true,"href":"https:\/\/servcrmpro.online\/fr\/wp-json\/wp\/v2\/product_brand?post=4351"},{"taxonomy":"product_cat","embeddable":true,"href":"https:\/\/servcrmpro.online\/fr\/wp-json\/wp\/v2\/product_cat?post=4351"},{"taxonomy":"product_tag","embeddable":true,"href":"https:\/\/servcrmpro.online\/fr\/wp-json\/wp\/v2\/product_tag?post=4351"}],"curies":[{"name":"wp","href":"https:\/\/api.w.org\/{rel}","templated":true}]}}