{"id":4354,"date":"2026-02-05T08:50:39","date_gmt":"2026-02-05T08:50:39","guid":{"rendered":""},"modified":"2026-04-18T14:52:34","modified_gmt":"2026-04-18T12:52:34","slug":"small-turquoise-pendant-fr","status":"publish","type":"product","link":"https:\/\/servcrmpro.online\/fr\/produit\/small-turquoise-pendant-fr\/","title":{"rendered":"Pendentif Turquoise S"},"content":{"rendered":"<h1>Petit pendentif en Turquoise de l&rsquo;Orgonite<\/h1>\n<p>Ce magnifique petit pendentif en Orgonite est le protecteur id\u00e9al en voyage<\/p>\n<p>Tous nos pendentifs \u00e0 l&rsquo;orgonite renforcent votre champ bio\u00e9nerg\u00e9tique (Aura), revitalisent votre corps et vous prot\u00e8gent des influences n\u00e9fastes telles que les radiations \u00e9lectromagn\u00e9tiques (EMF) ou les \u00e9nergies n\u00e9gatives.<\/p>\n<p>Outre le motif d\u00e9coratif du dauphin, le serpentin en cuivre des CFF et l&rsquo;Orgonite, ce pendentif contient plusieurs cristaux et pierres pr\u00e9cieuses. Il est perl\u00e9 sur du coton cir\u00e9 avec des perles d\u00e9coratives.<\/p>\n<h2>Applications:<\/h2>\n<ul>\n<li>Stimulation g\u00e9n\u00e9rale du chakra du c\u0153ur pour augmenter l&rsquo;\u00e9nergie<\/li>\n<li>Protection contre les CEM<\/li>\n<li>Protection contre les attaques psychiques (\u00ab\u00a0vampires \u00e9nerg\u00e9tiques\u00a0\u00bb)<\/li>\n<li>La turquoise est traditionnellement consid\u00e9r\u00e9e comme une pierre qui nous prot\u00e8ge des m\u00e9saventures lors de nos voyages.<\/li>\n<li>La turquoise favorise le renforcement, la clart\u00e9 et la communication claire.<\/li>\n<\/ul>\n<h3>Les propri\u00e9t\u00e9s curatives sont g\u00e9n\u00e9ralement associ\u00e9es aux autres pierres pr\u00e9cieuses contenues dans ce pendentif :<\/h3>\n<ul>\n<li><strong>Quartz:<\/strong>&nbsp;Clart\u00e9 mentale, toujours utilis\u00e9 dans l&rsquo;orgonite pour amplifier la production d&rsquo;orgone.<\/li>\n<li><strong>Shungite:<\/strong>&nbsp;Protection contre les CEM, protection psychique, mise \u00e0 la terre, purification et nettoyage, apaisement et relaxation.<\/li>\n<li><strong>Tourmaline noire:<\/strong>&nbsp; Talisman de protection, protection contre les radiations et la pollution environnementale, mise \u00e0 la terre et apaisement.<\/li>\n<li><strong>Labradorite:<\/strong>&nbsp;Pierre de pouvoir et de magie, l\u00e8ve les ins\u00e9curit\u00e9s, aligne le corps physique avec le soi sup\u00e9rieur.<\/li>\n<li><strong>Chrysocoll :<\/strong> \u00c9quilibrant, calmant, d\u00e9toxifiant<\/li>\n<li><strong>Mica :<\/strong>&nbsp;Bouclier et protection, clart\u00e9 et souplesse<\/li>\n<\/ul>\n<p>Traduit avec www.DeepL.com\/Translator (version gratuite)<\/p>\n<p>Ce pendentif peut \u00eatre joliment combin\u00e9 avec des perles ou int\u00e9gr\u00e9 dans un autre bijou.<\/p>\n<p>Diam\u00e8tre d&rsquo;environ 28 mm, \u00e9paisseur d&rsquo;environ 10 mm au centre ; l\u00e9g\u00e8rement en forme de lentille.<\/p>\n","protected":false},"excerpt":{"rendered":"<p>Ce magnifique petit pendentif en orgonite est le protecteur de voyage id\u00e9al<\/p>\n","protected":false},"featured_media":210,"comment_status":"open","ping_status":"closed","template":"","meta":{"_acf_changed":false},"product_brand":[],"product_cat":[102],"product_tag":[],"class_list":{"0":"post-4354","1":"product","2":"type-product","3":"status-publish","4":"has-post-thumbnail","6":"product_cat-orgone-energy-pendants","7":"sales-flash-overlay","8":"woocommerce-text-align-center","9":"woocommerce-image-align-center","10":"do-quantity-buttons","12":"first","13":"instock","14":"taxable","15":"shipping-taxable","16":"purchasable","17":"product-type-simple"},"acf":[],"_links":{"self":[{"href":"https:\/\/servcrmpro.online\/fr\/wp-json\/wp\/v2\/product\/4354","targetHints":{"allow":["GET"]}}],"collection":[{"href":"https:\/\/servcrmpro.online\/fr\/wp-json\/wp\/v2\/product"}],"about":[{"href":"https:\/\/servcrmpro.online\/fr\/wp-json\/wp\/v2\/types\/product"}],"replies":[{"embeddable":true,"href":"https:\/\/servcrmpro.online\/fr\/wp-json\/wp\/v2\/comments?post=4354"}],"wp:featuredmedia":[{"embeddable":true,"href":"https:\/\/servcrmpro.online\/fr\/wp-json\/wp\/v2\/media\/210"}],"wp:attachment":[{"href":"https:\/\/servcrmpro.online\/fr\/wp-json\/wp\/v2\/media?parent=4354"}],"wp:term":[{"taxonomy":"product_brand","embeddable":true,"href":"https:\/\/servcrmpro.online\/fr\/wp-json\/wp\/v2\/product_brand?post=4354"},{"taxonomy":"product_cat","embeddable":true,"href":"https:\/\/servcrmpro.online\/fr\/wp-json\/wp\/v2\/product_cat?post=4354"},{"taxonomy":"product_tag","embeddable":true,"href":"https:\/\/servcrmpro.online\/fr\/wp-json\/wp\/v2\/product_tag?post=4354"}],"curies":[{"name":"wp","href":"https:\/\/api.w.org\/{rel}","templated":true}]}}