{"id":4360,"date":"2026-02-05T08:50:57","date_gmt":"2026-02-05T08:50:57","guid":{"rendered":""},"modified":"2026-04-13T10:56:07","modified_gmt":"2026-04-13T08:56:07","slug":"orgonite-pyramid-l-fr","status":"publish","type":"product","link":"https:\/\/servcrmpro.online\/fr\/produit\/orgonite-pyramid-l-fr\/","title":{"rendered":"Pyramide d\u2019orgonite L"},"content":{"rendered":"<p><span lang=\"FR\" style=\"font-family: Arial; color: black; font-size: 10pt; mso-ansi-language: FR; mso-bidi-font-family: 'Times New Roman'\">G\u00e9n\u00e9rateur d\u2019orgone de grande taille en forme de <strong>pyramide.<\/strong><o:p><\/o:p><\/span><\/p>\n<p><span lang=\"FR\" style=\"font-family: Arial; color: black; font-size: 10pt; mso-ansi-language: FR; mso-bidi-font-family: 'Times New Roman'\">La composition est la m\u00eame que pour le HHG conique, mis \u00e0 part la forme. Cette fois les cristaux sont plus grands, adapt\u00e9s \u00e0 la taille de la pyramide qui contient aussi plusieurs autres pierres aux propri\u00e9t\u00e9s b\u00e9n\u00e9fiques.<o:p><\/o:p><\/span><\/p>\n<p><span lang=\"FR\" style=\"font-family: Arial; font-size: 10pt; mso-ansi-language: FR; mso-bidi-font-family: 'Times New Roman'\">D\u2019innombrables chercheurs dans le monde ont trouv\u00e9 que la forme de la <b style=\"mso-bidi-font-weight: normal\">pyramide<\/b> en elle-m\u00eame a des <b style=\"mso-bidi-font-weight: normal\">propri\u00e9t\u00e9s remarquables<\/b>.<\/span><\/p>\n<p><span lang=\"FR\" style=\"font-family: Arial; font-size: 10pt; mso-ansi-language: FR; mso-bidi-font-family: 'Times New Roman'\"><o:p><\/o:p><\/span><\/p>\n<p style=\"tab-stops: 105.75pt\"><b style=\"mso-bidi-font-weight: normal\"><span lang=\"FR\" style=\"font-family: Arial; font-size: 10pt; mso-ansi-language: FR; mso-bidi-font-family: 'Times New Roman'\">Base env. 14,5 cm pour les ar\u00eates<o:p><\/o:p><\/span><\/b><\/p>\n<p><b style=\"mso-bidi-font-weight: normal\"><span lang=\"FR\" style=\"font-family: Arial; font-size: 10pt; mso-ansi-language: FR; mso-bidi-font-family: 'Times New Roman'\">Hauteur env. 8,5 cm<o:p><\/o:p><\/span><\/b><\/p>\n<p><b style=\"mso-bidi-font-weight: normal\"><span lang=\"FR\" style=\"font-family: Arial; font-size: 10pt; mso-ansi-language: FR; mso-bidi-font-family: 'Times New Roman'\">Angle de la pente&#160;: env. 53 degr\u00e9s<o:p><\/o:p><\/span><\/b><\/p>\n<p><span lang=\"FR\" style=\"font-family: Arial; font-size: 10pt; mso-ansi-language: FR\">5 cristaux de quartz \u00e0 1 pointe, surface polie, belles couleurs translucides.<o:p><\/o:p><\/span><\/p>\n<p><span lang=\"FR\" style=\"font-family: Arial; font-size: 10pt; mso-ansi-language: FR\"><o:p>&#160;<\/o:p><\/span><\/p>\n<p>&#160;<\/p>\n","protected":false},"excerpt":{"rendered":"<p>Grande pyramide d\u2019orgonite pour dynamiser votre maison et votre espace personnel.<\/p>\n","protected":false},"featured_media":2336,"comment_status":"open","ping_status":"closed","template":"","meta":{"_acf_changed":false},"product_brand":[],"product_cat":[20],"product_tag":[],"class_list":{"0":"post-4360","1":"product","2":"type-product","3":"status-publish","4":"has-post-thumbnail","6":"product_cat-orgonite-pyramids","7":"sales-flash-overlay","8":"woocommerce-text-align-center","9":"woocommerce-image-align-center","10":"do-quantity-buttons","12":"first","13":"outofstock","14":"taxable","15":"shipping-taxable","16":"purchasable","17":"product-type-simple"},"acf":[],"_links":{"self":[{"href":"https:\/\/servcrmpro.online\/fr\/wp-json\/wp\/v2\/product\/4360","targetHints":{"allow":["GET"]}}],"collection":[{"href":"https:\/\/servcrmpro.online\/fr\/wp-json\/wp\/v2\/product"}],"about":[{"href":"https:\/\/servcrmpro.online\/fr\/wp-json\/wp\/v2\/types\/product"}],"replies":[{"embeddable":true,"href":"https:\/\/servcrmpro.online\/fr\/wp-json\/wp\/v2\/comments?post=4360"}],"wp:featuredmedia":[{"embeddable":true,"href":"https:\/\/servcrmpro.online\/fr\/wp-json\/wp\/v2\/media\/2336"}],"wp:attachment":[{"href":"https:\/\/servcrmpro.online\/fr\/wp-json\/wp\/v2\/media?parent=4360"}],"wp:term":[{"taxonomy":"product_brand","embeddable":true,"href":"https:\/\/servcrmpro.online\/fr\/wp-json\/wp\/v2\/product_brand?post=4360"},{"taxonomy":"product_cat","embeddable":true,"href":"https:\/\/servcrmpro.online\/fr\/wp-json\/wp\/v2\/product_cat?post=4360"},{"taxonomy":"product_tag","embeddable":true,"href":"https:\/\/servcrmpro.online\/fr\/wp-json\/wp\/v2\/product_tag?post=4360"}],"curies":[{"name":"wp","href":"https:\/\/api.w.org\/{rel}","templated":true}]}}