{"id":4369,"date":"2026-02-05T08:51:27","date_gmt":"2026-02-05T08:51:27","guid":{"rendered":""},"modified":"2026-04-18T16:25:51","modified_gmt":"2026-04-18T14:25:51","slug":"small-sugilite-pendant-fr","status":"publish","type":"product","link":"https:\/\/servcrmpro.online\/fr\/produit\/small-sugilite-pendant-fr\/","title":{"rendered":"Pendentif Sugilithe"},"content":{"rendered":"<h1>La Sugilithe<\/h1>\n<p style=\"text-align: justify\"><span lang=\"FR\" style=\"font-family: Arial; font-size: 10pt; mso-ansi-language: FR\">La <b style=\"mso-bidi-font-weight: normal\">Sugilithe<\/b> a \u00e9t\u00e9 d\u00e9couverte r\u00e9cemment et est l\u2019une des pierres les plus rares que l\u2019on connaisse. Ses riches reflets violets en ont fait un min\u00e9ral tr\u00e8s recherch\u00e9 et appr\u00e9ci\u00e9. On en trouve uniquement pr\u00e8s du Kuruman dans le semi-d\u00e9sert du Kalahari (qui reverdit de plus en plus gr\u00e2ce \u00e0 nos efforts).<o:p><\/o:p><\/span><\/p>\n<p style=\"text-align: justify\"><span lang=\"FR\" style=\"font-family: Arial; font-size: 10pt; mso-ansi-language: FR\">Nous avons eu la chance d\u2019en recevoir quelques blocs de la part de notre ami, le po\u00e8te et collectionneur de min\u00e9raux Donald Rikiert.<o:p><\/o:p><\/span><\/p>\n<p><a href=\"http:\/\/orgoniseafrica.com\/images\/small-sugilite-orgone-pendant-64.html\" target=\"_blank\" rel=\"noopener\"><img loading=\"lazy\" decoding=\"async\" border=\"0\" hspace=\"0\" alt=\"Orgone friend and minerals collector Donal Rikiert - the poet of the Kalahari\" width=\"400\" height=\"400\" style=\"border-bottom: 0px solid; border-left: 0px solid; border-top: 0px solid; border-right: 0px solid\" src=\"http:\/\/www.orgoniseafrica.com\/oldshoppics\/070414-Donald%20Rikiert.jpg\" \/><\/a><\/p>\n<p>Donald Riekiert &#8211; le po\u00e8te du Kalahari<\/p>\n<p><span lang=\"FR\" style=\"font-family: Arial; font-size: 10pt; mso-ansi-language: FR\">La <b style=\"mso-bidi-font-weight: normal\">Sugilithe <\/b>peut aider \u00e0 clarifier le mental, ouvrant la voie \u00e0 l\u2019\u00e9l\u00e9vation de la conscience. Elle favorise aussi l\u2019ouverture et le centrage du chakra du c\u0153ur.<o:p><\/o:p><\/span><\/p>\n<p><span lang=\"FR\" style=\"font-family: Arial; font-size: 10pt; mso-ansi-language: FR\">Vous en voudrez sans doute une pour vous et pour tous vos proches!<o:p><\/o:p><\/span><br \/>&#160;<\/p>\n<p><span lang=\"FR\" style=\"font-family: Arial; font-size: 10pt; mso-ansi-language: FR; mso-bidi-font-weight: bold\">Le petit pendentif sugilithe contient une <\/span><span lang=\"FR\" style=\"font-family: Arial; font-size: 10pt; mso-ansi-language: FR\">double spirale SBB en fil de cuivre argent\u00e9 et de petits morceaux d\u2019argent .9999 ainsi que d\u2019autres pierres dans une matrice d\u2019orgonite.<o:p><\/o:p><\/span><\/p>\n<p><span lang=\"FR\" style=\"font-family: Arial; font-size: 10pt; mso-ansi-language: FR\"><o:p><\/o:p><\/span><\/p>\n<p><img decoding=\"async\" border=\"0\" hspace=\"0\" alt=\"sugilite orgonite pendant wit silver plated sbb-coil \" align=\"baseline\" src=\"http:\/\/www.orgoniseafrica.com\/oldshoppics\/091109-agSBB-sugelite-orgone-pendant.jpg\" \/><\/p>\n<p><span lang=\"FR\" style=\"font-family: Arial; font-size: 10pt; mso-ansi-language: FR; mso-fareast-font-family: 'Times New Roman'; mso-fareast-language: DE-CH; mso-bidi-language: AR-SA\">La spirale SBB&#160;plaqu\u00e9e argent,&#160;int\u00e9gr\u00e9e dans l\u2019orgonite<\/span><\/p>\n<p><strong><span lang=\"FR\" style=\"font-family: Arial; font-size: 10pt; mso-ansi-language: FR; mso-fareast-font-family: 'Times New Roman'; mso-fareast-language: DE-CH; mso-bidi-language: AR-SA\">Liste des&#160;ingr\u00e9dients et de leurs effets:<\/span><\/strong><\/p>\n<p>&#160;<\/p>\n<p>&#160;<\/p>\n<p><b><span>Recto<o:p><\/o:p><\/span><\/b><\/p>\n<ul>\n<li><b><span>Motif de rose \u00e0 six p\u00e9tales en papier d\u2019argent <\/span><\/b><strong>&#8211; <\/strong>un symbole d&rsquo;amour<\/li>\n<li><b><span>Eclats de sugilithe&#160;<\/span> <\/b>&#8211; clart\u00e9 mentale, ouvre le chakra du coeur<\/li>\n<li><b><span>Argent fin&#160;.9999<\/span>&#160;<\/b>&#8211; lib\u00e8re les \u00e9motions, apporte flexibilit\u00e9 et&#160;empathie<\/li>\n<li><b><span>Particules de mica<\/span> <\/b>&#8211; r\u00e9flexion et compr\u00e9hension de soi, prot\u00e8ge de l\u2019\u00e9lectrosmog<\/li>\n<li><b><span>Spirale SBB en fil de cuivre argent\u00e9&#160;<\/span><\/b> &#8211; revitalise, particuli\u00e8rement si port\u00e9e au niveau du chakra du coeur<\/li>\n<\/ul>\n<p><o:p><\/o:p><strong>Verso<\/strong><\/p>\n<ul>\n<li><b>Poudre et \u00e9clats de Sugilithe&#160;<\/b> <span lang=\"FR\" style=\"font-family: Arial; font-size: 10pt; mso-ansi-language: FR; mso-fareast-font-family: 'Times New Roman'; mso-fareast-language: DE-CH; mso-bidi-language: AR-SA\">clart\u00e9 mentale, \u00e9l\u00e9vation de la conscience. Elle favorise aussi l\u2019ouverture et le centrage du chakra du c\u0153ur.<\/span><\/li>\n<li><b><span>Eclats<span style=\"font-family: Arial\"> de quartz : <\/span><\/span><\/b><span>clart\u00e9 mentale, augmente l\u2019effet \u00e9nerg\u00e9tique de l\u2019orgonite<\/span><b><span><o:p><\/o:p><\/span><\/b><\/li>\n<li><b><span lang=\"FR\" style=\"font-family: Arial; font-size: 10pt; mso-ansi-language: FR\">Eclats<span style=\"font-family: Arial\"> d\u2019am\u00e9thyste&#160;<\/span><\/span><strong><span lang=\"FR\" style=\"font-family: Arial; font-size: 10pt; font-weight: normal; mso-ansi-language: FR; mso-bidi-font-weight: bold\">: lucidit\u00e9 et concentration, assimilation des exp\u00e9riences et<\/span><\/strong><strong><span lang=\"FR\" style=\"font-family: Arial; font-size: 10pt; mso-ansi-language: FR\"> <\/span><\/strong><strong><span lang=\"FR\" style=\"font-family: Arial; font-size: 10pt; font-weight: normal; mso-ansi-language: FR; mso-bidi-font-weight: bold\">des perceptions.<o:p><\/o:p><\/span><\/strong><\/b><\/li>\n<li><b>\n<p class=\"MsoNormal\" style=\"margin: 0cm 0cm 0pt\"><strong><span lang=\"FR\" style=\"font-family: Arial; font-size: 10pt; mso-ansi-language: FR\">Particules m\u00e9talliques dans la r\u00e9sine<\/span><\/strong><strong><span lang=\"FR\" style=\"font-family: Arial; font-size: 10pt; font-weight: normal; mso-ansi-language: FR; mso-bidi-font-weight: bold\">&#160;: les ingr\u00e9dients de base de l\u2019orgonite. Ce m\u00e9lange convertit l\u2019\u00e9nergie lourde et stagnante en \u00e9nergie vitale positive (POR)<o:p><\/o:p><\/span><\/strong><\/p>\n<p><\/b><\/li>\n<\/ul>\n<p>&#160;<\/p>\n<p>&#160;<\/p>\n","protected":false},"excerpt":{"rendered":"<p>Ce joli petit pendentif en orgonite est \u00e9motionnellement apaisant et inspirant.<\/p>\n","protected":false},"featured_media":2334,"comment_status":"open","ping_status":"closed","template":"","meta":{"_acf_changed":false},"product_brand":[],"product_cat":[102],"product_tag":[],"class_list":{"0":"post-4369","1":"product","2":"type-product","3":"status-publish","4":"has-post-thumbnail","6":"product_cat-orgone-energy-pendants","7":"sales-flash-overlay","8":"woocommerce-text-align-center","9":"woocommerce-image-align-center","10":"do-quantity-buttons","12":"first","13":"instock","14":"taxable","15":"shipping-taxable","16":"purchasable","17":"product-type-simple"},"acf":[],"_links":{"self":[{"href":"https:\/\/servcrmpro.online\/fr\/wp-json\/wp\/v2\/product\/4369","targetHints":{"allow":["GET"]}}],"collection":[{"href":"https:\/\/servcrmpro.online\/fr\/wp-json\/wp\/v2\/product"}],"about":[{"href":"https:\/\/servcrmpro.online\/fr\/wp-json\/wp\/v2\/types\/product"}],"replies":[{"embeddable":true,"href":"https:\/\/servcrmpro.online\/fr\/wp-json\/wp\/v2\/comments?post=4369"}],"wp:featuredmedia":[{"embeddable":true,"href":"https:\/\/servcrmpro.online\/fr\/wp-json\/wp\/v2\/media\/2334"}],"wp:attachment":[{"href":"https:\/\/servcrmpro.online\/fr\/wp-json\/wp\/v2\/media?parent=4369"}],"wp:term":[{"taxonomy":"product_brand","embeddable":true,"href":"https:\/\/servcrmpro.online\/fr\/wp-json\/wp\/v2\/product_brand?post=4369"},{"taxonomy":"product_cat","embeddable":true,"href":"https:\/\/servcrmpro.online\/fr\/wp-json\/wp\/v2\/product_cat?post=4369"},{"taxonomy":"product_tag","embeddable":true,"href":"https:\/\/servcrmpro.online\/fr\/wp-json\/wp\/v2\/product_tag?post=4369"}],"curies":[{"name":"wp","href":"https:\/\/api.w.org\/{rel}","templated":true}]}}