{"id":4372,"date":"2026-02-05T08:51:43","date_gmt":"2026-02-05T08:51:43","guid":{"rendered":""},"modified":"2026-04-08T21:03:18","modified_gmt":"2026-04-08T19:03:18","slug":"5g-equalizer-fr","status":"publish","type":"product","link":"https:\/\/servcrmpro.online\/fr\/produit\/5g-equalizer-fr\/","title":{"rendered":"5g Equalizer"},"content":{"rendered":"<h1>Egaliseur 5g a orgonite<\/h1>\n<p>Puissant towerbuster orgonite sp\u00e9cialement formul\u00e9 pour contrer la menace des 5g.\u00a0<\/p>\n<p>Beaucoup de choses ont \u00e9t\u00e9 dites sur les dangers des radiations omnipr\u00e9sentes de 5g pour votre sant\u00e9 et votre bien-\u00eatre. Nous avons donc formul\u00e9 ce towerbuster orgonite 5g Equalizer sp\u00e9cial sp\u00e9cialement pour une protection maximale contre les radiations.<\/p>\n<p>L&rsquo;ingr\u00e9dient min\u00e9ral principal \u00e0 c\u00f4t\u00e9 du m\u00e9lange standard d&rsquo;orgonite et de cristal de quartz est la gal\u00e9nite, un cristal lourd de sulfate de plomb et environ 2% d&rsquo;argent. La gal\u00e9nite est tr\u00e8s absorbante de radiation. Vous vous souvenez des tabliers de plomb que les infirmi\u00e8res ou les m\u00e9decins portent quand ils prennent vos radiographies ?\u00a0<\/p>\n<h2>D&rsquo;autres min\u00e9raux ajout\u00e9s :<\/h2>\n<ul>\n<li>Tourmaline noire<\/li>\n<li>Shungite<\/li>\n<li>Quartz fum\u00e9<\/li>\n<li>Malachite<\/li>\n<li>Jet\u00a0Cristaux \u00e0 base d&rsquo;oxyde de fer de Kuruman\u00a0<\/li>\n<\/ul>\n<p>Tout cela fournit une protection puissante et tr\u00e8s puissante contre 5g et d&rsquo;autres rations similaires de micro-ondes.<\/p>\n<p>Nous le recommandons dans votre espace personnel, surtout si vous \u00eates tr\u00e8s sensible \u00e0 l&rsquo;\u00e9lectricit\u00e9.<\/p>\n<p>Utilisez-le sur tous les \u00e9metteurs 5g \u00e0 proximit\u00e9, sur les routeurs WIFI puissants de votre maison ou de votre bureau et sur tous les pyl\u00f4nes de t\u00e9l\u00e9phone portable. (5g ou autrement dans un rayon de 500m de votre maison ou de votre lieu de travail) Les pyl\u00f4nes de t\u00e9l\u00e9phone portable ordinaires peuvent autrement encore \u00eatre dot\u00e9s de TB Drty Harry. \u00a0<\/p>\n","protected":false},"excerpt":{"rendered":"<p>Puissant Towerbuster d\u2019orgonite, sp\u00e9cialement con\u00e7u pour contrer la menace de la 5G.<\/p>\n","protected":false},"featured_media":218,"comment_status":"open","ping_status":"closed","template":"","meta":{"_acf_changed":false},"product_brand":[],"product_cat":[34],"product_tag":[],"class_list":{"0":"post-4372","1":"product","2":"type-product","3":"status-publish","4":"has-post-thumbnail","6":"product_cat-emf-protection","7":"sales-flash-overlay","8":"woocommerce-text-align-center","9":"woocommerce-image-align-center","10":"do-quantity-buttons","12":"first","13":"instock","14":"sale","15":"taxable","16":"shipping-taxable","17":"purchasable","18":"product-type-simple"},"acf":[],"_links":{"self":[{"href":"https:\/\/servcrmpro.online\/fr\/wp-json\/wp\/v2\/product\/4372","targetHints":{"allow":["GET"]}}],"collection":[{"href":"https:\/\/servcrmpro.online\/fr\/wp-json\/wp\/v2\/product"}],"about":[{"href":"https:\/\/servcrmpro.online\/fr\/wp-json\/wp\/v2\/types\/product"}],"replies":[{"embeddable":true,"href":"https:\/\/servcrmpro.online\/fr\/wp-json\/wp\/v2\/comments?post=4372"}],"wp:featuredmedia":[{"embeddable":true,"href":"https:\/\/servcrmpro.online\/fr\/wp-json\/wp\/v2\/media\/218"}],"wp:attachment":[{"href":"https:\/\/servcrmpro.online\/fr\/wp-json\/wp\/v2\/media?parent=4372"}],"wp:term":[{"taxonomy":"product_brand","embeddable":true,"href":"https:\/\/servcrmpro.online\/fr\/wp-json\/wp\/v2\/product_brand?post=4372"},{"taxonomy":"product_cat","embeddable":true,"href":"https:\/\/servcrmpro.online\/fr\/wp-json\/wp\/v2\/product_cat?post=4372"},{"taxonomy":"product_tag","embeddable":true,"href":"https:\/\/servcrmpro.online\/fr\/wp-json\/wp\/v2\/product_tag?post=4372"}],"curies":[{"name":"wp","href":"https:\/\/api.w.org\/{rel}","templated":true}]}}