{"id":4375,"date":"2026-02-05T08:52:16","date_gmt":"2026-02-05T08:52:16","guid":{"rendered":""},"modified":"2026-04-13T20:15:29","modified_gmt":"2026-04-13T18:15:29","slug":"hhg-muti-fr-330-fr","status":"publish","type":"product","link":"https:\/\/servcrmpro.online\/fr\/produit\/hhg-muti-fr-330-fr\/","title":{"rendered":"Orgonite Easter Egg"},"content":{"rendered":"<h1>\u0152uf de P\u00e2ques en Orgonite<\/h1>\n<p>Nous avons enfin r\u00e9ussi \u00e0 fabriquer de bons \u0153ufs de P\u00e2ques avec de l&rsquo;orgonite puissante. Outre les bons souvenirs qu&rsquo;ils rappellent de l&rsquo;enfance et leur lien, en g\u00e9n\u00e9ral, avec les rites de fertilit\u00e9 et d&rsquo;abondance, l&rsquo;\u0153uf de P\u00e2ques a une forme particuli\u00e8re et puissante.<\/p>\n<p>En Russie, il est consid\u00e9r\u00e9 comme une g\u00e9om\u00e9trie sacr\u00e9e, tous les chapiteaux des \u00e9glises ont cette forme d&rsquo;\u0153uf.<\/p>\n<p>M\u00eame les c\u00e9l\u00e8bres poup\u00e9es matrioshka (poup\u00e9es que l&rsquo;on met les unes dans les autres) sont bas\u00e9es sur la forme de l&rsquo;\u0153uf.<\/p>\n<p><img loading=\"lazy\" decoding=\"async\" title=\"orgonite gifting in Russia\" src=\"https:\/\/www.orgoniseafrica.com\/images\/Russia2016\/3%20musketeers%20st%20basil.jpg\" alt=\"L'\u00e9quipe d'Orgonise Africa \u00e0 la cath\u00e9drale Saint-Basile de Moscou, en 2016.\" width=\"600\" height=\"900\"><\/p>\n<p>L&rsquo;\u00e9quipe d&rsquo;Orgonise Africa \u00e0 la cath\u00e9drale Saint-Basile de Moscou, en 2016.<\/p>\n<p>Cette forme caract\u00e9ristique est souvent d\u00e9sign\u00e9e comme une forme d&rsquo;oignon, mais un \u0153uf peut \u00e9galement s&rsquo;y superposer. La pyramide et la sph\u00e8re sont \u00e9galement incluses dans cette forme.<\/p>\n<p><img loading=\"lazy\" decoding=\"async\" src=\"https:\/\/www.orgoniseafrica.com\/images\/Russia2016\/geometry_of_the_egg.jpg\" alt=\"g\u00e9om\u00e9trie de l'\u0153uf\" width=\"600\" height=\"800\"><\/p>\n<p>&nbsp;<\/p>\n<p>Certains des aspects g\u00e9om\u00e9triques de la forme de l&rsquo;\u0153uf sont illustr\u00e9s dans le dessin.<\/p>\n<p>Il n&rsquo;y a aucun doute sur la raison pour laquelle le c\u00e9l\u00e8bre joaillier fran\u00e7ais Faberg\u00e9 a connu un tel succ\u00e8s en Russie avec ses \u0153ufs en porcelaine dor\u00e9s.<\/p>\n<p>On trouve des imitations bon march\u00e9 de ces cr\u00e9ations \u00e9tonnantes dans tous les magasins de souvenirs russes.<\/p>\n<p><img loading=\"lazy\" decoding=\"async\" src=\"https:\/\/www.orgoniseafrica.com\/images\/2018\/Ritschl%20Faberge%20Egg.png\" alt=\"\u0152uf de P\u00e2ques original Faberg\u00e9 du tsar Alexandre\" width=\"600\" height=\"808\"><\/p>\n<p>Oeuf Faberg\u00e9 original offert \u00e0 mon arri\u00e8re-grand-p\u00e8re par le tsar Alexandre<\/p>\n<p>.<\/p>\n<p>En Afrique, l&rsquo;\u0153uf est \u00e9galement v\u00e9n\u00e9r\u00e9. Les San (bushmen), survivants dans des environnements o\u00f9 l&rsquo;eau est rare, utilisaient les \u0153ufs d&rsquo;autruche pour garder l&rsquo;eau fra\u00eeche et vivante. La combinaison des processus d&rsquo;\u00e9vaporation et de refroidissement qui se produisent dans l&rsquo;\u0153uf, ainsi que la vorticit\u00e9 de l&rsquo;\u0153uf lui-m\u00eame, permet de garder l&rsquo;eau vivante et en bonne sant\u00e9.<\/p>\n<p><img loading=\"lazy\" decoding=\"async\" src=\"https:\/\/www.orgoniseafrica.com\/images\/2018\/Ndebele%20Ostrich%20egg.jpg\" alt=\"Oeuf d'autruche peint par Angelina Ndimande\" width=\"600\" height=\"693\"><\/p>\n<p>Oeuf d&rsquo;autruche peint par Angelina Ndimande<\/p>\n<p>Nos \u0153ufs de P\u00e2ques contiennent un noyau d&rsquo;orgonite avec du quartz de cristal et du grenat et sont faits de r\u00e9sines de diff\u00e9rentes couleurs. Gr\u00e2ce \u00e0 leur forme particuli\u00e8re, vous pouvez ressentir un flux d&rsquo;\u00e9nergie amplifi\u00e9. Offrez-vous un \u0153uf de P\u00e2ques diff\u00e9rent cette ann\u00e9e, l&rsquo;un d&rsquo;entre eux continuera \u00e0 vous apporter de la joie \u00e0 partir de maintenant.<\/p>\n<p><img loading=\"lazy\" decoding=\"async\" src=\"https:\/\/www.orgoniseafrica.com\/images\/2018\/Orgonite_Easter_Eggs.png\" alt=\"Orgonise Afrique Orgonite Oeufs de P\u00e2ques\" width=\"600\" height=\"600\"><\/p>\n<p>Orgonise Afrique Orgonite Oeufs de P\u00e2ques<\/p>\n","protected":false},"excerpt":{"rendered":"<p>Nous avons enfin r\u00e9ussi \u00e0 faire de bons \u0153ufs de P\u00e2ques avec de puissantes orgonites. Outre les bons souvenirs qu\u2019ils ram\u00e8nent de l\u2019enfance et leur lien, en g\u00e9n\u00e9ral, avec les rites de fertilit\u00e9 et d\u2019abondance, l\u2019\u0153uf de P\u00e2ques a une forme particuli\u00e8rement puissante.<\/p>\n","protected":false},"featured_media":221,"comment_status":"open","ping_status":"closed","template":"","meta":{"_acf_changed":false},"product_brand":[],"product_cat":[107],"product_tag":[],"class_list":{"0":"post-4375","1":"product","2":"type-product","3":"status-publish","4":"has-post-thumbnail","6":"product_cat-orgonite-gifts","7":"sales-flash-overlay","8":"woocommerce-text-align-center","9":"woocommerce-image-align-center","10":"do-quantity-buttons","12":"first","13":"outofstock","14":"taxable","15":"shipping-taxable","16":"purchasable","17":"product-type-simple"},"acf":[],"_links":{"self":[{"href":"https:\/\/servcrmpro.online\/fr\/wp-json\/wp\/v2\/product\/4375","targetHints":{"allow":["GET"]}}],"collection":[{"href":"https:\/\/servcrmpro.online\/fr\/wp-json\/wp\/v2\/product"}],"about":[{"href":"https:\/\/servcrmpro.online\/fr\/wp-json\/wp\/v2\/types\/product"}],"replies":[{"embeddable":true,"href":"https:\/\/servcrmpro.online\/fr\/wp-json\/wp\/v2\/comments?post=4375"}],"wp:featuredmedia":[{"embeddable":true,"href":"https:\/\/servcrmpro.online\/fr\/wp-json\/wp\/v2\/media\/221"}],"wp:attachment":[{"href":"https:\/\/servcrmpro.online\/fr\/wp-json\/wp\/v2\/media?parent=4375"}],"wp:term":[{"taxonomy":"product_brand","embeddable":true,"href":"https:\/\/servcrmpro.online\/fr\/wp-json\/wp\/v2\/product_brand?post=4375"},{"taxonomy":"product_cat","embeddable":true,"href":"https:\/\/servcrmpro.online\/fr\/wp-json\/wp\/v2\/product_cat?post=4375"},{"taxonomy":"product_tag","embeddable":true,"href":"https:\/\/servcrmpro.online\/fr\/wp-json\/wp\/v2\/product_tag?post=4375"}],"curies":[{"name":"wp","href":"https:\/\/api.w.org\/{rel}","templated":true}]}}