{"id":4378,"date":"2026-02-05T08:52:33","date_gmt":"2026-02-05T08:52:33","guid":{"rendered":""},"modified":"2026-04-06T07:31:50","modified_gmt":"2026-04-06T05:31:50","slug":"the-mockingjay-large-pendant-fr","status":"publish","type":"product","link":"https:\/\/servcrmpro.online\/fr\/produit\/the-mockingjay-large-pendant-fr\/","title":{"rendered":"Mockingjay Pendant"},"content":{"rendered":"<h2>Ingr\u00e9dients :\u00a0<\/h2>\n<p>M\u00e9lange d&#x27;orgonite avec de fines limaille de cuivre (aluminium au dos)<\/p>\n<div>M\u00e9lange des pierres pr\u00e9cieuses suivantes sous forme de petits fragments, favorisant le courage, la force int\u00e9rieure, la d\u00e9termination et la protection contre les influences ext\u00e9rieures :<\/div>\n<div>\u00a0<\/div>\n<div>\n<ul class=\"MailOutline\">\n<li>Aventurine rouge<\/li>\n<li>Bustamide<\/li>\n<li>H\u00e9matite<\/li>\n<li>Am\u00e9thyste<\/li>\n<li>Chrysoprase<\/li>\n<li>Cyanite<\/li>\n<li>Sugilite<\/li>\n<\/ul>\n<\/div>\n<p>\u00a0<\/p>\n<p>Dimensions : \u00e9paisseur &#8211; 10 mm, diam\u00e8tre &#8211; 50 mm<br \/>(Ce produit est fabriqu\u00e9 \u00e0 la main et le produit final peut pr\u00e9senter de l\u00e9g\u00e8res variations)<\/p>\n","protected":false},"excerpt":{"rendered":"<p>M\u00e9lange d\u2019orgonite avec des limalles fines en cuivre (aluminium \u00e0 l\u2019arri\u00e8re)<\/p>\n","protected":false},"featured_media":223,"comment_status":"open","ping_status":"closed","template":"","meta":{"_acf_changed":false},"product_brand":[],"product_cat":[102],"product_tag":[],"class_list":{"0":"post-4378","1":"product","2":"type-product","3":"status-publish","4":"has-post-thumbnail","6":"product_cat-orgone-energy-pendants","7":"sales-flash-overlay","8":"woocommerce-text-align-center","9":"woocommerce-image-align-center","10":"do-quantity-buttons","12":"first","13":"instock","14":"taxable","15":"shipping-taxable","16":"purchasable","17":"product-type-simple"},"acf":[],"_links":{"self":[{"href":"https:\/\/servcrmpro.online\/fr\/wp-json\/wp\/v2\/product\/4378","targetHints":{"allow":["GET"]}}],"collection":[{"href":"https:\/\/servcrmpro.online\/fr\/wp-json\/wp\/v2\/product"}],"about":[{"href":"https:\/\/servcrmpro.online\/fr\/wp-json\/wp\/v2\/types\/product"}],"replies":[{"embeddable":true,"href":"https:\/\/servcrmpro.online\/fr\/wp-json\/wp\/v2\/comments?post=4378"}],"wp:featuredmedia":[{"embeddable":true,"href":"https:\/\/servcrmpro.online\/fr\/wp-json\/wp\/v2\/media\/223"}],"wp:attachment":[{"href":"https:\/\/servcrmpro.online\/fr\/wp-json\/wp\/v2\/media?parent=4378"}],"wp:term":[{"taxonomy":"product_brand","embeddable":true,"href":"https:\/\/servcrmpro.online\/fr\/wp-json\/wp\/v2\/product_brand?post=4378"},{"taxonomy":"product_cat","embeddable":true,"href":"https:\/\/servcrmpro.online\/fr\/wp-json\/wp\/v2\/product_cat?post=4378"},{"taxonomy":"product_tag","embeddable":true,"href":"https:\/\/servcrmpro.online\/fr\/wp-json\/wp\/v2\/product_tag?post=4378"}],"curies":[{"name":"wp","href":"https:\/\/api.w.org\/{rel}","templated":true}]}}