{"id":4381,"date":"2026-02-05T08:53:05","date_gmt":"2026-02-05T08:53:05","guid":{"rendered":""},"modified":"2026-04-06T07:31:50","modified_gmt":"2026-04-06T05:31:50","slug":"orgonite-pendant-silver-heart-selenite-fr","status":"publish","type":"product","link":"https:\/\/servcrmpro.online\/fr\/produit\/orgonite-pendant-silver-heart-selenite-fr\/","title":{"rendered":"Selenite Silver Heart"},"content":{"rendered":"<h2><strong>C\u0153ur en argent Orgonite Art<\/strong><\/h2>\n<p>Ce pendentif sobre et \u00e9l\u00e9gant est tout \u00e0 fait adapt\u00e9 \u00e0 cette p\u00e9riode tumultueuse et \u00e9prouvante. La s\u00e9l\u00e9nite favorise la clart\u00e9 mentale. Elle aide \u00e0 rester calme et serein, et \u00e0 garder la t\u00eate froide.\u00a0<\/p>\n<p>Un riche m\u00e9lange d&#x27;autres min\u00e9raux curatifs lui conf\u00e8re une vitalit\u00e9 essentielle. L&#x27;ajout des huiles bibliques d&#x27;encens et de myrrhe lui donne une vibration spirituelle tr\u00e8s \u00e9lev\u00e9e.\u00a0<\/p>\n<h3>Ingr\u00e9dients :<\/h3>\n<p><strong>Face avant<\/strong><\/p>\n<ul>\n<li><strong>S\u00e9l\u00e9nite<\/strong><\/li>\n<li><strong>Cyanite<\/strong><\/li>\n<\/ul>\n<p><strong>Dos<\/strong><\/p>\n<ul>\n<li><strong>M\u00e9lange d&#x27;orgonite et de limaille de bronze<\/strong><\/li>\n<li><strong>Labradorite<\/strong><\/li>\n<li><strong>Cyanite<\/strong><\/li>\n<li><strong>Encens<\/strong><\/li>\n<li><strong>Myrrhe<\/strong><\/li>\n<li><strong>Quartz rose<\/strong><\/li>\n<li><strong>Am\u00e9thyste<\/strong><\/li>\n<li><strong>Traces de shungite et de s\u00e9l\u00e9nite<\/strong><\/li>\n<\/ul>\n<p>\u00a0<\/p>\n<p>Dimensions : \u00e9paisseur &#8211; 10 mm, diam\u00e8tre &#8211; 50 mm<br \/>Ce produit est fabriqu\u00e9 \u00e0 la main ; chaque pi\u00e8ce peut pr\u00e9senter de l\u00e9g\u00e8res diff\u00e9rences.<\/p>\n","protected":false},"excerpt":{"rendered":"<p>Ce pendentif \u00e9l\u00e9gant et discret est parfait en ces temps turbulents et \u00e9prouvants. La s\u00e9l\u00e9nite favorise la clart\u00e9 mentale. Rester calme, pos\u00e9 et garder la t\u00eate froide.<\/p>\n","protected":false},"featured_media":2333,"comment_status":"open","ping_status":"closed","template":"","meta":{"_acf_changed":false},"product_brand":[],"product_cat":[102],"product_tag":[],"class_list":{"0":"post-4381","1":"product","2":"type-product","3":"status-publish","4":"has-post-thumbnail","6":"product_cat-orgone-energy-pendants","7":"sales-flash-overlay","8":"woocommerce-text-align-center","9":"woocommerce-image-align-center","10":"do-quantity-buttons","12":"first","13":"instock","14":"taxable","15":"shipping-taxable","16":"purchasable","17":"product-type-simple"},"acf":[],"_links":{"self":[{"href":"https:\/\/servcrmpro.online\/fr\/wp-json\/wp\/v2\/product\/4381","targetHints":{"allow":["GET"]}}],"collection":[{"href":"https:\/\/servcrmpro.online\/fr\/wp-json\/wp\/v2\/product"}],"about":[{"href":"https:\/\/servcrmpro.online\/fr\/wp-json\/wp\/v2\/types\/product"}],"replies":[{"embeddable":true,"href":"https:\/\/servcrmpro.online\/fr\/wp-json\/wp\/v2\/comments?post=4381"}],"wp:featuredmedia":[{"embeddable":true,"href":"https:\/\/servcrmpro.online\/fr\/wp-json\/wp\/v2\/media\/2333"}],"wp:attachment":[{"href":"https:\/\/servcrmpro.online\/fr\/wp-json\/wp\/v2\/media?parent=4381"}],"wp:term":[{"taxonomy":"product_brand","embeddable":true,"href":"https:\/\/servcrmpro.online\/fr\/wp-json\/wp\/v2\/product_brand?post=4381"},{"taxonomy":"product_cat","embeddable":true,"href":"https:\/\/servcrmpro.online\/fr\/wp-json\/wp\/v2\/product_cat?post=4381"},{"taxonomy":"product_tag","embeddable":true,"href":"https:\/\/servcrmpro.online\/fr\/wp-json\/wp\/v2\/product_tag?post=4381"}],"curies":[{"name":"wp","href":"https:\/\/api.w.org\/{rel}","templated":true}]}}