{"id":4387,"date":"2026-02-05T08:53:43","date_gmt":"2026-02-05T08:53:43","guid":{"rendered":""},"modified":"2026-04-12T11:44:34","modified_gmt":"2026-04-12T09:44:34","slug":"orgonite-pyramid-s-fr","status":"publish","type":"product","link":"https:\/\/servcrmpro.online\/fr\/produit\/orgonite-pyramid-s-fr\/","title":{"rendered":"Pyramide d\u2019orgonite S"},"content":{"rendered":"<p><span lang=\"FR\" style=\"font-family: Arial; font-size: 10pt; mso-ansi-language: FR\">Les pyramides d\u2019orgonite combinent les principes de composition du HHG avec l\u2019onde de forme aux propri\u00e9t\u00e9s sp\u00e9cifiques de la pyramide.<o:p><\/o:p><\/span><\/p>\n<p><b style=\"mso-bidi-font-weight: normal\"><span lang=\"FR\" style=\"font-family: Arial; font-size: 10pt; mso-ansi-language: FR\">Le pouvoir sp\u00e9cial de la pyramide<\/span><\/b><span lang=\"FR\" style=\"font-family: Arial; font-size: 10pt; mso-ansi-language: FR\"> peut \u00eatre exp\u00e9riment\u00e9 \u00e0 son maximum quand la pyramide est align\u00e9e avec le pole nord magn\u00e9tique.<\/span><\/p>\n<p><span lang=\"FR\" style=\"font-family: Arial; font-size: 10pt; mso-ansi-language: FR\"><o:p><\/o:p><\/span><\/p>\n<p><b style=\"mso-bidi-font-weight: normal\"><span lang=\"FR\" style=\"font-family: Arial; font-size: 10pt; mso-ansi-language: FR\">Cette petite pyramide est mignonne !<\/span><\/b><\/p>\n<p><span lang=\"FR\" style=\"font-family: Arial; font-size: 10pt; mso-ansi-language: FR\">L\u2019ornement discret et id\u00e9al pour votre bureau\u2026(ou la table de votre cuisine, votre \u00e9tag\u00e8re,\u2026)<\/span><\/p>\n<p><span lang=\"FR\" style=\"font-family: Arial; font-size: 10pt; mso-ansi-language: FR\"><o:p><\/o:p><\/span><\/p>\n<p><b style=\"mso-bidi-font-weight: normal\"><span lang=\"FR\" style=\"font-family: Arial; color: black; font-size: 10pt; mso-ansi-language: FR\">Base env. 5,5 x 5,5 cm. Hauteu<\/span><\/b><b style=\"mso-bidi-font-weight: normal\"><span lang=\"FR\" style=\"font-family: Arial; color: black; font-size: 10pt; mso-ansi-language: FR\">r env. 4 cm<o:p><\/o:p><\/span><\/b><\/p>\n<p><span lang=\"FR\" style=\"font-family: Arial; font-size: 10pt; mso-ansi-language: FR\">5 cristaux de quartz avec 1 pointe, surface polie, belles couleurs translucides.<o:p><\/o:p><\/span><\/p>\n<p>&#160;<\/p>\n","protected":false},"excerpt":{"rendered":"<p>Petite pyramide d\u2019orgonite pour dynamiser votre maison et votre espace personnel.<\/p>\n","protected":false},"featured_media":2332,"comment_status":"open","ping_status":"closed","template":"","meta":{"_acf_changed":false},"product_brand":[],"product_cat":[20],"product_tag":[],"class_list":{"0":"post-4387","1":"product","2":"type-product","3":"status-publish","4":"has-post-thumbnail","6":"product_cat-orgonite-pyramids","7":"sales-flash-overlay","8":"woocommerce-text-align-center","9":"woocommerce-image-align-center","10":"do-quantity-buttons","12":"first","13":"outofstock","14":"taxable","15":"shipping-taxable","16":"purchasable","17":"product-type-simple"},"acf":[],"_links":{"self":[{"href":"https:\/\/servcrmpro.online\/fr\/wp-json\/wp\/v2\/product\/4387","targetHints":{"allow":["GET"]}}],"collection":[{"href":"https:\/\/servcrmpro.online\/fr\/wp-json\/wp\/v2\/product"}],"about":[{"href":"https:\/\/servcrmpro.online\/fr\/wp-json\/wp\/v2\/types\/product"}],"replies":[{"embeddable":true,"href":"https:\/\/servcrmpro.online\/fr\/wp-json\/wp\/v2\/comments?post=4387"}],"wp:featuredmedia":[{"embeddable":true,"href":"https:\/\/servcrmpro.online\/fr\/wp-json\/wp\/v2\/media\/2332"}],"wp:attachment":[{"href":"https:\/\/servcrmpro.online\/fr\/wp-json\/wp\/v2\/media?parent=4387"}],"wp:term":[{"taxonomy":"product_brand","embeddable":true,"href":"https:\/\/servcrmpro.online\/fr\/wp-json\/wp\/v2\/product_brand?post=4387"},{"taxonomy":"product_cat","embeddable":true,"href":"https:\/\/servcrmpro.online\/fr\/wp-json\/wp\/v2\/product_cat?post=4387"},{"taxonomy":"product_tag","embeddable":true,"href":"https:\/\/servcrmpro.online\/fr\/wp-json\/wp\/v2\/product_tag?post=4387"}],"curies":[{"name":"wp","href":"https:\/\/api.w.org\/{rel}","templated":true}]}}