{"id":4393,"date":"2026-02-05T08:54:30","date_gmt":"2026-02-05T08:54:30","guid":{"rendered":""},"modified":"2026-04-13T23:50:55","modified_gmt":"2026-04-13T21:50:55","slug":"coeur-d-or-orgonite-pendant-fr","status":"publish","type":"product","link":"https:\/\/servcrmpro.online\/fr\/produit\/coeur-d-or-orgonite-pendant-fr\/","title":{"rendered":"Coeur d&rsquo;Or Orgonite"},"content":{"rendered":"<h1>Compassion, amour et acceptation de soi<\/h1>\n<p>C&rsquo;est le pendentif orgonite de l&rsquo;amour d&rsquo;une mani\u00e8re simple et \u00e0 la mode. \u00ab\u00a0Aime-toi comme tu aimes ton prochain\u00a0\u00bb est le message de ce magnifique pendentif en orgonite. Comme toute l&rsquo;orgonite, il vous prot\u00e8ge bien s\u00fbr des effets n\u00e9gatifs du rayonnement \u00e9lectromagn\u00e9tique omnipr\u00e9sent, la soupe \u00e9lectromagn\u00e9tique qui provoque la stagnation de l&rsquo;\u00e9nergie vitale ou DOR.\u00a0\u00a0<\/p>\n<h4>Ingr\u00e9dients :<\/h4>\n<p>Matrice de l&rsquo;orgonite<\/p>\n<p>Quartz<\/p>\n<p>Aventurine rouge<\/p>\n<p>Rhodonite<\/p>\n<p>Rhodochrosite<\/p>\n<p>Feuille d&rsquo;or\u00a0<\/p>\n<p>\u00a035mm de diam\u00e8tre<\/p>\n","protected":false},"excerpt":{"rendered":"<p>C\u2019est le pendentif en orgonite de l\u2019amour, de mani\u00e8re simple et \u00e9l\u00e9gante. \u00ab Aime-toi comme tu aimes ton prochain \u00bb est le message de ce magnifique pendentif en orgonite. Comme toute orgonite, c\u2019est bien s\u00fbr pour vous prot\u00e9ger des effets n\u00e9gatifs des rayonnements EMF omnipr\u00e9sents, de la soupe \u00e9lectromagn\u00e9tique&#8230;<\/p>\n","protected":false},"featured_media":231,"comment_status":"open","ping_status":"closed","template":"","meta":{"_acf_changed":false},"product_brand":[],"product_cat":[102,20],"product_tag":[],"class_list":{"0":"post-4393","1":"product","2":"type-product","3":"status-publish","4":"has-post-thumbnail","6":"product_cat-orgone-energy-pendants","7":"product_cat-orgonite-pyramids","8":"sales-flash-overlay","9":"woocommerce-text-align-center","10":"woocommerce-image-align-center","11":"do-quantity-buttons","13":"first","14":"instock","15":"taxable","16":"shipping-taxable","17":"purchasable","18":"product-type-simple"},"acf":[],"_links":{"self":[{"href":"https:\/\/servcrmpro.online\/fr\/wp-json\/wp\/v2\/product\/4393","targetHints":{"allow":["GET"]}}],"collection":[{"href":"https:\/\/servcrmpro.online\/fr\/wp-json\/wp\/v2\/product"}],"about":[{"href":"https:\/\/servcrmpro.online\/fr\/wp-json\/wp\/v2\/types\/product"}],"replies":[{"embeddable":true,"href":"https:\/\/servcrmpro.online\/fr\/wp-json\/wp\/v2\/comments?post=4393"}],"wp:featuredmedia":[{"embeddable":true,"href":"https:\/\/servcrmpro.online\/fr\/wp-json\/wp\/v2\/media\/231"}],"wp:attachment":[{"href":"https:\/\/servcrmpro.online\/fr\/wp-json\/wp\/v2\/media?parent=4393"}],"wp:term":[{"taxonomy":"product_brand","embeddable":true,"href":"https:\/\/servcrmpro.online\/fr\/wp-json\/wp\/v2\/product_brand?post=4393"},{"taxonomy":"product_cat","embeddable":true,"href":"https:\/\/servcrmpro.online\/fr\/wp-json\/wp\/v2\/product_cat?post=4393"},{"taxonomy":"product_tag","embeddable":true,"href":"https:\/\/servcrmpro.online\/fr\/wp-json\/wp\/v2\/product_tag?post=4393"}],"curies":[{"name":"wp","href":"https:\/\/api.w.org\/{rel}","templated":true}]}}