{"id":4396,"date":"2026-02-05T08:54:53","date_gmt":"2026-02-05T08:54:53","guid":{"rendered":""},"modified":"2026-04-08T20:59:20","modified_gmt":"2026-04-08T18:59:20","slug":"plata-shungita-tumbatorres-fr","status":"publish","type":"product","link":"https:\/\/servcrmpro.online\/fr\/produit\/plata-shungita-tumbatorres-fr\/","title":{"rendered":"Silver &#038; Shungite Buster"},"content":{"rendered":"<h2>Buster d&rsquo;argent et de shungite<\/h2>\n<p>Ce Buster tr\u00e8s d\u00e9coratif et de belle facture contient des dizaines de copeaux d&rsquo;argent et une quantit\u00e9 massive de shungite et d&rsquo;autres min\u00e9raux actifs.<\/p>\n<p>Plac\u00e9 en guise d&rsquo;accroche-regard d\u00e9coratif dans votre maison ou sur votre lieu de travail, il offre une protection sup\u00e9rieure contre les rayonnements \u00e9lectromagn\u00e9tiques nocifs. Il contribue \u00e0 la purification et au nettoyage de votre environnement. Tenez-le dans vos mains ou placez-le sur votre table de chevet pour ressentir la subtile \u00e9nergie calmante et protectrice.<\/p>\n<p>La face inf\u00e9rieure est recouverte de Shwe Shwe, un magnifique tissu de coton imprim\u00e9 et utilis\u00e9 pour les v\u00eatements traditionnels en Afrique du Sud.<\/p>\n<h3>Toutes nos Orgonites :<\/h3>\n<p>renforce votre champ bio\u00e9nerg\u00e9tique (Aura)<\/p>\n<p>cela vous aidera \u00e0 lutter contre les maladies et la n\u00e9gativit\u00e9 dans votre vie.<\/p>\n<p>revitalise votre corps<\/p>\n<p>les maladies ou troubles d\u00e9j\u00e0 pr\u00e9sents peuvent \u00eatre \u00e9limin\u00e9s.<\/p>\n<p>vous prot\u00e8ge des influences n\u00e9fastes telles que les radiations \u00e9lectromagn\u00e9tiques (EMF) ou les \u00e9nergies n\u00e9gatives.<\/p>\n<p>&nbsp;<\/p>\n<h3>Ingr\u00e9dients :<\/h3>\n<p><strong>M\u00e9lange d&rsquo;orgonite :<\/strong> revitalise et \u00e9l\u00e8ve le champ \u00e9nerg\u00e9tique, neutralise les CEM et les radiations.<\/p>\n<p><strong>Shungite :<\/strong>&nbsp;Protection sup\u00e9rieure contre les CEM, protection psychique, mise \u00e0 la terre, purification et nettoyage, apaisement et relaxation.<\/p>\n<p><strong>Limaille d&rsquo;argent et feuille d&rsquo;argent :<\/strong> poss\u00e8de des propri\u00e9t\u00e9s antibact\u00e9riennes, antivirales et antifongiques, purificateur puissant, calmant et orient\u00e9 vers la gu\u00e9rison, refl\u00e8te la n\u00e9gativit\u00e9 du porteur, amplifie les qualit\u00e9s des autres pierres pr\u00e9cieuses.<\/p>\n<p><strong>Tourmaline noire :<\/strong>&nbsp;Talisman de protection, prot\u00e8ge contre les radiations et la pollution de l&rsquo;environnement, ancrage et apaisement.<\/p>\n<p><strong>Gal\u00e9nite :<\/strong>&nbsp;Contre les effets des CEM, aide \u00e0 la transformation personnelle, augmente le pouvoir personnel, apporte du courage dans les moments difficiles.<\/p>\n<p><strong>Quartz fum\u00e9 :<\/strong> favorise la force physique et mentale et la r\u00e9silience, en particulier contre les radiations. Aide \u00e0 la gu\u00e9rison des dommages caus\u00e9s par les radiations.<\/p>\n<p><strong>Quartz rose :<\/strong> pierre d&rsquo;amour inconditionnel, de paix, de calme et de bont\u00e9. Apaise, r\u00e9duit le stress et les tensions, favorise l&rsquo;\u00e9panouissement.<\/p>\n<p><strong>Am\u00e9thyste :<\/strong> pierre de croissance spirituelle, am\u00e9liore la sant\u00e9 de nombreuses fa\u00e7ons, prot\u00e8ge de l&rsquo;anxi\u00e9t\u00e9, des radiations terrestres et des \u00e9nergies \u00e9trang\u00e8res.<\/p>\n<p><strong>Mica :<\/strong>&nbsp;Bouclier et protection, clart\u00e9 et flexibilit\u00e9.<\/p>\n","protected":false},"excerpt":{"rendered":"<p>Ce Buster magnifiquement travaill\u00e9 et tr\u00e8s d\u00e9coratif contient des laodes de copeaux d\u2019argent et une quantit\u00e9 massive de shungite et d\u2019autres min\u00e9raux actifs.<\/p>\n","protected":false},"featured_media":2330,"comment_status":"open","ping_status":"closed","template":"","meta":{"_acf_changed":false},"product_brand":[],"product_cat":[103],"product_tag":[],"class_list":{"0":"post-4396","1":"product","2":"type-product","3":"status-publish","4":"has-post-thumbnail","6":"product_cat-silver-shungite","7":"sales-flash-overlay","8":"woocommerce-text-align-center","9":"woocommerce-image-align-center","10":"do-quantity-buttons","12":"first","13":"instock","14":"taxable","15":"shipping-taxable","16":"purchasable","17":"product-type-simple"},"acf":[],"_links":{"self":[{"href":"https:\/\/servcrmpro.online\/fr\/wp-json\/wp\/v2\/product\/4396","targetHints":{"allow":["GET"]}}],"collection":[{"href":"https:\/\/servcrmpro.online\/fr\/wp-json\/wp\/v2\/product"}],"about":[{"href":"https:\/\/servcrmpro.online\/fr\/wp-json\/wp\/v2\/types\/product"}],"replies":[{"embeddable":true,"href":"https:\/\/servcrmpro.online\/fr\/wp-json\/wp\/v2\/comments?post=4396"}],"wp:featuredmedia":[{"embeddable":true,"href":"https:\/\/servcrmpro.online\/fr\/wp-json\/wp\/v2\/media\/2330"}],"wp:attachment":[{"href":"https:\/\/servcrmpro.online\/fr\/wp-json\/wp\/v2\/media?parent=4396"}],"wp:term":[{"taxonomy":"product_brand","embeddable":true,"href":"https:\/\/servcrmpro.online\/fr\/wp-json\/wp\/v2\/product_brand?post=4396"},{"taxonomy":"product_cat","embeddable":true,"href":"https:\/\/servcrmpro.online\/fr\/wp-json\/wp\/v2\/product_cat?post=4396"},{"taxonomy":"product_tag","embeddable":true,"href":"https:\/\/servcrmpro.online\/fr\/wp-json\/wp\/v2\/product_tag?post=4396"}],"curies":[{"name":"wp","href":"https:\/\/api.w.org\/{rel}","templated":true}]}}