{"id":4399,"date":"2026-02-05T08:55:36","date_gmt":"2026-02-05T08:55:36","guid":{"rendered":""},"modified":"2026-04-06T07:31:51","modified_gmt":"2026-04-06T05:31:51","slug":"angelino-orgonite-fr","status":"publish","type":"product","link":"https:\/\/servcrmpro.online\/fr\/produit\/angelino-orgonite-fr\/","title":{"rendered":"Angelino Orgonite"},"content":{"rendered":"<h1>Votre Ange Guide sur le chemin de l&rsquo;\u00e9veil spirituel.<\/h1>\n<p><strong>Ingr\u00e9dients :<\/strong><\/p>\n<p>Am\u00e9thyste<br \/>L\u00e9pidolithe<br \/>Labradorite<br \/>Sugilite<br \/>Orgonite<br \/>Angelino va ouvrir votre troisi\u00e8me \u0153il, renforcer vos pouvoirs intuitifs et vous donner une protection psychique, mentale et \u00e9motionnelle pour votre aura.\u00a0<\/p>\n<p>\u00a0<\/p>\n<p>\u00a0<\/p>\n","protected":false},"excerpt":{"rendered":"<p>Angelino ouvrira votre troisi\u00e8me \u0153il, renforcera vos pouvoirs intuitifs et vous offrira une protection psychique, mentale et \u00e9motionnelle pour votre aura.<\/p>\n","protected":false},"featured_media":234,"comment_status":"open","ping_status":"closed","template":"","meta":{"_acf_changed":false},"product_brand":[],"product_cat":[152],"product_tag":[],"class_list":{"0":"post-4399","1":"product","2":"type-product","3":"status-publish","4":"has-post-thumbnail","6":"product_cat-pendentifs-denergie-orgone-fr","7":"sales-flash-overlay","8":"woocommerce-text-align-center","9":"woocommerce-image-align-center","10":"do-quantity-buttons","12":"first","13":"instock","14":"taxable","15":"shipping-taxable","16":"purchasable","17":"product-type-simple"},"acf":[],"_links":{"self":[{"href":"https:\/\/servcrmpro.online\/fr\/wp-json\/wp\/v2\/product\/4399","targetHints":{"allow":["GET"]}}],"collection":[{"href":"https:\/\/servcrmpro.online\/fr\/wp-json\/wp\/v2\/product"}],"about":[{"href":"https:\/\/servcrmpro.online\/fr\/wp-json\/wp\/v2\/types\/product"}],"replies":[{"embeddable":true,"href":"https:\/\/servcrmpro.online\/fr\/wp-json\/wp\/v2\/comments?post=4399"}],"wp:featuredmedia":[{"embeddable":true,"href":"https:\/\/servcrmpro.online\/fr\/wp-json\/wp\/v2\/media\/234"}],"wp:attachment":[{"href":"https:\/\/servcrmpro.online\/fr\/wp-json\/wp\/v2\/media?parent=4399"}],"wp:term":[{"taxonomy":"product_brand","embeddable":true,"href":"https:\/\/servcrmpro.online\/fr\/wp-json\/wp\/v2\/product_brand?post=4399"},{"taxonomy":"product_cat","embeddable":true,"href":"https:\/\/servcrmpro.online\/fr\/wp-json\/wp\/v2\/product_cat?post=4399"},{"taxonomy":"product_tag","embeddable":true,"href":"https:\/\/servcrmpro.online\/fr\/wp-json\/wp\/v2\/product_tag?post=4399"}],"curies":[{"name":"wp","href":"https:\/\/api.w.org\/{rel}","templated":true}]}}