{"id":4408,"date":"2026-02-05T08:56:54","date_gmt":"2026-02-05T08:56:54","guid":{"rendered":""},"modified":"2026-04-18T17:55:26","modified_gmt":"2026-04-18T15:55:26","slug":"orgonite-money-fest-pendant-fr","status":"publish","type":"product","link":"https:\/\/servcrmpro.online\/fr\/produit\/orgonite-money-fest-pendant-fr\/","title":{"rendered":"Moneyfest Pendant"},"content":{"rendered":"<p>L&#x27;attraction est \u00e0 la fois le fondement de l&#x27;hom\u00e9opathie et de la magie. Ainsi, de la m\u00eame mani\u00e8re que nous versons de l&#x27;eau dans un \u00ab cloudbuster \u00bb ou dans des tuyaux, nous ajoutons une repr\u00e9sentation de l&#x27;\u00e9nergie de l&#x27;argent, une pi\u00e8ce de monnaie, afin d&#x27;attirer un flux d&#x27;abondance salutaire dans votre vie.<\/p>\n<p>La pi\u00e8ce fournie provient de la Banque centrale sud-africaine et a d\u00e9j\u00e0 \u00e9t\u00e9 retir\u00e9e de la circulation.<\/p>\n<p>Dimensions : \u00e9paisseur &#8211; 10 mm, diam\u00e8tre &#8211; 20 mm<br \/>(Ce produit est fabriqu\u00e9 \u00e0 la main et le produit final peut pr\u00e9senter de l\u00e9g\u00e8res variations)<\/p>\n","protected":false},"excerpt":{"rendered":"<p>L\u2019attraction est, en m\u00eame temps, la base de l\u2019hom\u00e9opathie et de la magie. Ainsi, de la m\u00eame mani\u00e8re que nous mettons de l\u2019eau dans un cloudbuster ou dans les tuyaux, nous ajoutons une repr\u00e9sentation de l\u2019\u00e9nergie de l\u2019argent, une pi\u00e8ce, pour attirer un flux sain d\u2019abondance dans votre vie. L\u2019argent inclus provient de la R\u00e9serve sud-africaine&#8230;<\/p>\n","protected":false},"featured_media":239,"comment_status":"open","ping_status":"closed","template":"","meta":{"_acf_changed":false},"product_brand":[],"product_cat":[102],"product_tag":[],"class_list":{"0":"post-4408","1":"product","2":"type-product","3":"status-publish","4":"has-post-thumbnail","6":"product_cat-orgone-energy-pendants","7":"sales-flash-overlay","8":"woocommerce-text-align-center","9":"woocommerce-image-align-center","10":"do-quantity-buttons","12":"first","13":"instock","14":"taxable","15":"shipping-taxable","16":"purchasable","17":"product-type-simple"},"acf":[],"_links":{"self":[{"href":"https:\/\/servcrmpro.online\/fr\/wp-json\/wp\/v2\/product\/4408","targetHints":{"allow":["GET"]}}],"collection":[{"href":"https:\/\/servcrmpro.online\/fr\/wp-json\/wp\/v2\/product"}],"about":[{"href":"https:\/\/servcrmpro.online\/fr\/wp-json\/wp\/v2\/types\/product"}],"replies":[{"embeddable":true,"href":"https:\/\/servcrmpro.online\/fr\/wp-json\/wp\/v2\/comments?post=4408"}],"wp:featuredmedia":[{"embeddable":true,"href":"https:\/\/servcrmpro.online\/fr\/wp-json\/wp\/v2\/media\/239"}],"wp:attachment":[{"href":"https:\/\/servcrmpro.online\/fr\/wp-json\/wp\/v2\/media?parent=4408"}],"wp:term":[{"taxonomy":"product_brand","embeddable":true,"href":"https:\/\/servcrmpro.online\/fr\/wp-json\/wp\/v2\/product_brand?post=4408"},{"taxonomy":"product_cat","embeddable":true,"href":"https:\/\/servcrmpro.online\/fr\/wp-json\/wp\/v2\/product_cat?post=4408"},{"taxonomy":"product_tag","embeddable":true,"href":"https:\/\/servcrmpro.online\/fr\/wp-json\/wp\/v2\/product_tag?post=4408"}],"curies":[{"name":"wp","href":"https:\/\/api.w.org\/{rel}","templated":true}]}}