{"id":4411,"date":"2026-02-05T08:57:11","date_gmt":"2026-02-05T08:57:11","guid":{"rendered":""},"modified":"2026-04-11T05:39:56","modified_gmt":"2026-04-11T03:39:56","slug":"orgonite-cloudbuster-diy-kit-fr","status":"publish","type":"product","link":"https:\/\/servcrmpro.online\/fr\/produit\/orgonite-cloudbuster-diy-kit-fr\/","title":{"rendered":"Kit de fabrication de CB"},"content":{"rendered":"<h1><span lang=\"FR\" style=\"font-size: 10pt;\">Fabriquez vous-m\u00eame votre CB !<\/span><\/h1>\n<p><span style=\"font-family: Arial; font-size: 10pt;\">Les mat\u00e9riaux de base vous sont livr\u00e9s pour fabriquer votre CB facilement. Les cristaux sont d\u00e9j\u00e0 fix\u00e9s dans les tubes courts de la base. Vous\u00a0n&rsquo;avez plus qu&rsquo;\u00e0\u00a0vous procurer la r\u00e9sine et les rallonges de tubes de cuivre (s&rsquo;ils \u00e9taient inclus, vous pourriez tout aussi bien commander un CB complet&#8230;)<\/span><\/p>\n<p>\u00a0<\/p>\n<p style=\"text-align: justify;\"><strong><span lang=\"FR\" style=\"font-family: Arial; font-size: 10pt;\">ELEMENTS INCLUS DANS LE KIT :<\/span><\/strong><\/p>\n<p style=\"text-align: justify;\"><span lang=\"FR\" style=\"font-family: Arial; font-size: 10pt;\">6 tuyaux de cuivre de 180mm et 28 mm de diam\u00e8tre (\u00e0 ins\u00e9rer dans la base du CB).<\/span><\/p>\n<p style=\"text-align: justify;\"><span lang=\"FR\" style=\"font-family: Arial; font-size: 10pt;\">Chaque tube contient un cristal de roche double termin\u00e9 et est ferm\u00e9 en bas par un couvercle de cuivre. La partie sup\u00e9rieure est munie d\u2019une pi\u00e8ce qui permet d\u2019y fixer les tuyaux longs qui pointeront vers le ciel.<\/span><\/p>\n<p style=\"text-align: justify;\"><span lang=\"FR\" style=\"font-family: Arial; font-size: 10pt;\">Particules d\u2019aluminium pour un seau de 9L<\/span><\/p>\n<p style=\"text-align: justify;\"><span lang=\"FR\" style=\"font-family: Arial; font-size: 10pt;\">2 disques trou\u00e9s servant de gabarits pour maintenir les tuyaux<\/span><\/p>\n<p style=\"text-align: justify;\"><span lang=\"FR\" style=\"font-family: Arial; font-size: 10pt;\">cristaux d\u2019am\u00e9thyste suppl\u00e9mentaires pour renforcer le m\u00e9lange d\u2019orgonite <\/span><\/p>\n<p style=\"text-align: justify;\"><span lang=\"FR\" style=\"font-family: Arial; font-size: 10pt;\">Instructions d\u2019assemblage illustr\u00e9es<\/span><\/p>\n<p style=\"text-align: justify;\"><span lang=\"FR\" style=\"font-family: Arial; font-size: 10pt;\"><br \/>Seau en plastique de 9L<\/span><\/p>\n<p style=\"text-align: justify;\">\u00a0<\/p>\n<p style=\"text-align: justify;\"><strong><span lang=\"FR\" style=\"font-family: Arial; font-size: 10pt;\">MATERIEL A VOUS PROCURER LOCALEMENT\u00a0:<\/span><\/strong><\/p>\n<p style=\"text-align: justify;\"><span lang=\"FR\" style=\"font-family: Arial; font-size: 10pt;\">8 \u00e0 9 kg de r\u00e9sine polyester avec durcisseur <\/span><\/p>\n<p style=\"text-align: justify;\"><span lang=\"FR\" style=\"font-family: Arial; font-size: 10pt;\">(<em>si vous achetez 25kg chez un fournisseur industriel, vous payerez presque le m\u00eame prix que pour 10kg dans un magasin de bricolage et vous pourrez commencer \u00e0 fabriquer vos propres TB et HHG\u00a0! Nous fournissons aussi des cristaux appropri\u00e9s&#8230;)<\/em><\/span><\/p>\n<p style=\"text-align: justify;\"><span lang=\"FR\" style=\"font-family: Arial; font-size: 10pt;\">6 tuyaux de cuivre de 28mm de diam\u00e8tre et environ 1,80 m de long<\/span><\/p>\n<p style=\"text-align: justify;\">\u00a0<\/p>\n<p style=\"text-align: justify;\"><strong><span lang=\"FR\" style=\"font-family: Arial; font-size: 10pt;\">Avertissement\u00a0<\/span><\/strong><span lang=\"FR\" style=\"font-family: Arial; font-size: 10pt;\">: nos tuyaux ne correspondent pas aux tailles am\u00e9ricaines (Imperial). Nous vous recommandons d\u2019acheter un CB entier si vous ne pouvez pas vous procurer des tuyaux de 28mm.<\/span><\/p>\n<p style=\"text-align: justify;\">\u00a0<\/p>\n<p style=\"text-align: justify;\">\u00a0<\/p>\n","protected":false},"excerpt":{"rendered":"<p>Construis ton propre CB Orgonite<\/p>\n","protected":false},"featured_media":241,"comment_status":"open","ping_status":"closed","template":"","meta":{"_acf_changed":false},"product_brand":[],"product_cat":[48,100],"product_tag":[],"class_list":{"0":"post-4411","1":"product","2":"type-product","3":"status-publish","4":"has-post-thumbnail","6":"product_cat-bundles-kits","7":"product_cat-orgonite-cloudbuster","8":"sales-flash-overlay","9":"woocommerce-text-align-center","10":"woocommerce-image-align-center","11":"do-quantity-buttons","13":"first","14":"instock","15":"taxable","16":"shipping-taxable","17":"purchasable","18":"product-type-simple"},"acf":[],"_links":{"self":[{"href":"https:\/\/servcrmpro.online\/fr\/wp-json\/wp\/v2\/product\/4411","targetHints":{"allow":["GET"]}}],"collection":[{"href":"https:\/\/servcrmpro.online\/fr\/wp-json\/wp\/v2\/product"}],"about":[{"href":"https:\/\/servcrmpro.online\/fr\/wp-json\/wp\/v2\/types\/product"}],"replies":[{"embeddable":true,"href":"https:\/\/servcrmpro.online\/fr\/wp-json\/wp\/v2\/comments?post=4411"}],"wp:featuredmedia":[{"embeddable":true,"href":"https:\/\/servcrmpro.online\/fr\/wp-json\/wp\/v2\/media\/241"}],"wp:attachment":[{"href":"https:\/\/servcrmpro.online\/fr\/wp-json\/wp\/v2\/media?parent=4411"}],"wp:term":[{"taxonomy":"product_brand","embeddable":true,"href":"https:\/\/servcrmpro.online\/fr\/wp-json\/wp\/v2\/product_brand?post=4411"},{"taxonomy":"product_cat","embeddable":true,"href":"https:\/\/servcrmpro.online\/fr\/wp-json\/wp\/v2\/product_cat?post=4411"},{"taxonomy":"product_tag","embeddable":true,"href":"https:\/\/servcrmpro.online\/fr\/wp-json\/wp\/v2\/product_tag?post=4411"}],"curies":[{"name":"wp","href":"https:\/\/api.w.org\/{rel}","templated":true}]}}