{"id":4414,"date":"2026-02-05T08:57:38","date_gmt":"2026-02-05T08:57:38","guid":{"rendered":""},"modified":"2026-04-11T05:39:56","modified_gmt":"2026-04-11T03:39:56","slug":"cloud-buster-disc-fr","status":"publish","type":"product","link":"https:\/\/servcrmpro.online\/fr\/produit\/cloud-buster-disc-fr\/","title":{"rendered":"Cloud Buster Disc"},"content":{"rendered":"<p><span style=\"font-family: verdana, geneva; font-size: medium;\"><strong>Disque rond en polypropyl\u00e8ne pour Cloudbuster Orgonite standard de 28 mm.<\/strong><\/span><\/p>\n<p><span style=\"font-family: verdana, geneva; font-size: medium;\">Destin\u00e9 \u00e0 tous ceux qui souhaitent fabriquer eux-m\u00eames leur CB mais qui ont du mal avec les gabarits et le maintien des disques sur les tubes. Nous utilisons d&#x27;ailleurs ces disques comme gabarits lors du coulage.<\/span><\/p>\n<p><span style=\"font-family: verdana, geneva; font-size: medium;\">Il s&#x27;agit du disque Cloudbuster standard dot\u00e9 de 6 trous de 28 mm chacun (environ 1 1\/8&quot; aux \u00c9tats-Unis, mais pas exactement) pour le CB standard de Don Croft.<\/span><\/p>\n<p><span style=\"font-family: verdana, geneva; font-size: medium;\">Les disques ont une \u00e9paisseur de 4 \u00e0 5 mm et un diam\u00e8tre de 200 mm. <strong>\u00c9galement disponible en 6 x 35 mm pour le Maxi CB.<\/strong><\/span><\/p>\n","protected":false},"excerpt":{"rendered":"<p>Disque rond en polypropyl\u00e8ne pour un Cloudbuster Orgonite standard 28 mm. Pour tous ceux qui veulent construire leur CB eux-m\u00eames mais ont du mal avec les gabarits et les disques de maintien pour les tuyaux. Nous utilisons d\u2019ailleurs ces mod\u00e8les comme mod\u00e8les lors du versement. C\u2019est le Cloudbuster Disc standard avec 6 trous de&#8230;<\/p>\n","protected":false},"featured_media":2328,"comment_status":"open","ping_status":"closed","template":"","meta":{"_acf_changed":false},"product_brand":[],"product_cat":[100],"product_tag":[],"class_list":{"0":"post-4414","1":"product","2":"type-product","3":"status-publish","4":"has-post-thumbnail","6":"product_cat-orgonite-cloudbuster","7":"sales-flash-overlay","8":"woocommerce-text-align-center","9":"woocommerce-image-align-center","10":"do-quantity-buttons","12":"first","13":"outofstock","14":"taxable","15":"shipping-taxable","16":"purchasable","17":"product-type-simple"},"acf":[],"_links":{"self":[{"href":"https:\/\/servcrmpro.online\/fr\/wp-json\/wp\/v2\/product\/4414","targetHints":{"allow":["GET"]}}],"collection":[{"href":"https:\/\/servcrmpro.online\/fr\/wp-json\/wp\/v2\/product"}],"about":[{"href":"https:\/\/servcrmpro.online\/fr\/wp-json\/wp\/v2\/types\/product"}],"replies":[{"embeddable":true,"href":"https:\/\/servcrmpro.online\/fr\/wp-json\/wp\/v2\/comments?post=4414"}],"wp:featuredmedia":[{"embeddable":true,"href":"https:\/\/servcrmpro.online\/fr\/wp-json\/wp\/v2\/media\/2328"}],"wp:attachment":[{"href":"https:\/\/servcrmpro.online\/fr\/wp-json\/wp\/v2\/media?parent=4414"}],"wp:term":[{"taxonomy":"product_brand","embeddable":true,"href":"https:\/\/servcrmpro.online\/fr\/wp-json\/wp\/v2\/product_brand?post=4414"},{"taxonomy":"product_cat","embeddable":true,"href":"https:\/\/servcrmpro.online\/fr\/wp-json\/wp\/v2\/product_cat?post=4414"},{"taxonomy":"product_tag","embeddable":true,"href":"https:\/\/servcrmpro.online\/fr\/wp-json\/wp\/v2\/product_tag?post=4414"}],"curies":[{"name":"wp","href":"https:\/\/api.w.org\/{rel}","templated":true}]}}