{"id":4420,"date":"2026-02-05T08:58:14","date_gmt":"2026-02-05T08:58:14","guid":{"rendered":""},"modified":"2026-04-08T21:46:23","modified_gmt":"2026-04-08T19:46:23","slug":"clark-zapper-essential-fr","status":"publish","type":"product","link":"https:\/\/servcrmpro.online\/fr\/produit\/clark-zapper-essential-fr\/","title":{"rendered":"Zappeur simple"},"content":{"rendered":"<p><meta charset=\"UTF-8\"><\/p>\n<h2 data-mce-fragment=\"1\">Un zapper Clark sans les inconv\u00e9nients<\/h2>\n<p data-mce-fragment=\"1\">Ce simple <b data-mce-fragment=\"1\">zapper Clark<\/b> fait tout ce que vous attendez d&rsquo;un zapper Hulda Clark, avec en plus la possibilit\u00e9 de le porter autour du bras ou de la jambe. Les zappers Clark sont efficaces dans une gamme de fr\u00e9quences allant de 10 \u00e0 30 000 Hz, mais nous avons constat\u00e9 que la fr\u00e9quence inf\u00e9rieure de 15 Hz permet une p\u00e9n\u00e9tration plus profonde et tue les parasites dans les intestins de mani\u00e8re plus fiable.<\/p>\n<p data-mce-fragment=\"1\"><strong data-mce-fragment=\"1\">Sp\u00e9cifications du simple zapper antiparasitaire :<\/strong><br data-mce-fragment=\"1\"><\/p>\n<ul data-mce-fragment=\"1\">\n<li data-mce-fragment=\"1\">Courant continu puls\u00e9 de 15 Hz<\/li>\n<li data-mce-fragment=\"1\">2 \u00e9lectrodes de contact en cuivre fix\u00e9es au bo\u00eetier (pas besoin d&rsquo;\u00e9lectrodes encombrantes)<\/li>\n<li data-mce-fragment=\"1\">Pile rectangulaire de 9 V (PP3) <i data-mce-fragment=\"1\">en raison des restrictions des compagnies a\u00e9riennes, nous ne pouvons pas envoyer la pile de 9 V avec le zapper<\/i><\/li>\n<li data-mce-fragment=\"1\">Entr\u00e9e CC (<b data-mce-fragment=\"1\">jusqu&rsquo;\u00e0<\/b> 12 V) pouvant \u00eatre aliment\u00e9e par un transformateur mural (en option)<br data-mce-fragment=\"1\"><\/li>\n<li data-mce-fragment=\"1\">Prise micro de 2,5 mm pour sortie CC puls\u00e9e pour alimenter votre <a href=\"http:\/\/www.orgoniseafrica.com\/orgone-howitzer.html\" data-mce-fragment=\"1\" data-mce-href=\"http:\/\/www.orgoniseafrica.com\/orgone-howitzer.html\" data-mce- target=\"_blank\" rel=\"noopener\">obus d&rsquo;orgone<\/a> ou votre <a href=\"http:\/\/www.orgoniseafrica.com\/orgone-pw-deluxe.html\" data-mce-fragment=\"1\" data-mce-href=\"http:\/\/www.orgoniseafrica.com\/orgone-pw-deluxe.html\" data-mce- target=\"_blank\" rel=\"noopener\">baguette d&rsquo;orgone<\/a> (ou des \u00e9lectrodes portatives si vous insistez vraiment)<\/li>\n<\/ul>\n<p data-mce-fragment=\"1\">Le Clark Zapper peut \u00eatre aliment\u00e9 par une pile de 9 V ou vous pouvez brancher un adaptateur de 12 V et le faire fonctionner sur le r\u00e9seau \u00e9lectrique. Veuillez choisir votre option.<\/p>\n<p data-mce-fragment=\"1\">Dimensions : longueur &#8211; 84 mm, largeur &#8211; 50 mm, hauteur &#8211; 20 mm<br data-mce-fragment=\"1\"><\/p>\n<p data-mce-fragment=\"1\">(Ce produit est fait \u00e0 la main et le produit final peut diff\u00e9rer l\u00e9g\u00e8rement)<\/p>\n<p data-mce-fragment=\"1\">Bande Velcro amovible<\/p>\n<p data-mce-fragment=\"1\">Micro-prise de 2,5 mm pour appareils externes<\/p>\n<p data-mce-fragment=\"1\">Aimant en n\u00e9odyme 10,3 x 3 mm<\/p>\n<p data-mce-fragment=\"1\">Bobine Mobius, prot\u00e9g\u00e9e par un fil p\u00e9riph\u00e9rique<\/p>\n<p data-mce-fragment=\"1\">Bloc d&rsquo;orgonite<\/p>\n<p data-mce-fragment=\"1\">Cristal d&rsquo;am\u00e9thyste enroul\u00e9 dans le fil conducteur de la \u00ab queue<\/p>\n<p data-mce-fragment=\"1\">Cristal de grenat enroul\u00e9 dans le fil conducteur de la \u00ab t\u00eate<\/p>\n<p data-mce-fragment=\"1\">LED pour indiquer l&rsquo;\u00e9tat marche\/arr\u00eat<br data-mce-fragment=\"1\"><br data-mce-fragment=\"1\"><\/p>\n<p data-mce-fragment=\"1\">&nbsp;<\/p>\n","protected":false},"excerpt":{"rendered":"<p>Ce simple Clark Zapper fait tout ce qu\u2019on attend d\u2019un Hulda Clark Zapper avec la commodit\u00e9 suppl\u00e9mentaire de pouvoir \u00eatre port\u00e9 autour du bras ou de la jambe. Les Clark Zappers sont efficaces dans une plage de fr\u00e9quences allant de 10 \u00e0 30 000 Hz, mais nous avons constat\u00e9 que les 15 Hz plus bas nous offrent une p\u00e9n\u00e9tration plus profonde et tuent&#8230;<\/p>\n","protected":false},"featured_media":2327,"comment_status":"open","ping_status":"closed","template":"","meta":{"_acf_changed":false},"product_brand":[],"product_cat":[26],"product_tag":[],"class_list":{"0":"post-4420","1":"product","2":"type-product","3":"status-publish","4":"has-post-thumbnail","6":"product_cat-orgone-zappers","7":"sales-flash-overlay","8":"woocommerce-text-align-center","9":"woocommerce-image-align-center","10":"do-quantity-buttons","12":"first","13":"instock","14":"taxable","15":"shipping-taxable","16":"purchasable","17":"product-type-simple"},"acf":[],"_links":{"self":[{"href":"https:\/\/servcrmpro.online\/fr\/wp-json\/wp\/v2\/product\/4420","targetHints":{"allow":["GET"]}}],"collection":[{"href":"https:\/\/servcrmpro.online\/fr\/wp-json\/wp\/v2\/product"}],"about":[{"href":"https:\/\/servcrmpro.online\/fr\/wp-json\/wp\/v2\/types\/product"}],"replies":[{"embeddable":true,"href":"https:\/\/servcrmpro.online\/fr\/wp-json\/wp\/v2\/comments?post=4420"}],"wp:featuredmedia":[{"embeddable":true,"href":"https:\/\/servcrmpro.online\/fr\/wp-json\/wp\/v2\/media\/2327"}],"wp:attachment":[{"href":"https:\/\/servcrmpro.online\/fr\/wp-json\/wp\/v2\/media?parent=4420"}],"wp:term":[{"taxonomy":"product_brand","embeddable":true,"href":"https:\/\/servcrmpro.online\/fr\/wp-json\/wp\/v2\/product_brand?post=4420"},{"taxonomy":"product_cat","embeddable":true,"href":"https:\/\/servcrmpro.online\/fr\/wp-json\/wp\/v2\/product_cat?post=4420"},{"taxonomy":"product_tag","embeddable":true,"href":"https:\/\/servcrmpro.online\/fr\/wp-json\/wp\/v2\/product_tag?post=4420"}],"curies":[{"name":"wp","href":"https:\/\/api.w.org\/{rel}","templated":true}]}}