{"id":4426,"date":"2026-02-05T08:58:54","date_gmt":"2026-02-05T08:58:54","guid":{"rendered":""},"modified":"2026-04-06T07:47:58","modified_gmt":"2026-04-06T05:47:58","slug":"moneyfest-orgonite-hhg-fr","status":"publish","type":"product","link":"https:\/\/servcrmpro.online\/fr\/produit\/moneyfest-orgonite-hhg-fr\/","title":{"rendered":"Le HHG Moneyfest"},"content":{"rendered":"<h2>Cr\u00e9er l&rsquo;Abondance avec l&rsquo;Orgonite<\/h2>\n<p>Le HHG Moneyfest est un g\u00e9n\u00e9rateur d&rsquo;orgone positif puissant, destin\u00e9 \u00e0 attirer le flux d&rsquo;argent dans votre vie. Tous les appareils radioniques destin\u00e9s \u00e0 manifester un but ont ceci en commun : une source d&rsquo;\u00e9nergie positive (l&rsquo;orgonite, dans ce cas) :<br \/>Une source d&rsquo;\u00e9nergie positive (l&rsquo;orgonite, dans ce cas) et un signe de l&rsquo;objectif \u00e0 atteindre, ou un t\u00e9moin, (des billets de banque d\u00e9chiquet\u00e9s de la South African Reserve Bank, dans ce cas).<\/p>\n<p>Placez-la l\u00e0 o\u00f9 vous conservez vos contrats ou d&rsquo;autres documents relatifs \u00e0 l&rsquo;argent, comme vos relev\u00e9s bancaires, ou m\u00eame \u00e0 c\u00f4t\u00e9 d&rsquo;une photo de vous, car vous serez l&rsquo;heureux b\u00e9n\u00e9ficiaire du nouveau flux d&rsquo;abondance.<\/p>\n<p>Dimensions : hauteur &#8211; 110 mm, diam\u00e8tre &#8211; 100 mm<br \/>(Ce produit est fabriqu\u00e9 \u00e0 la main et le produit final peut \u00eatre l\u00e9g\u00e8rement diff\u00e9rent)<\/p>\n","protected":false},"excerpt":{"rendered":"<p>Le Moneyfest HHG est un g\u00e9n\u00e9rateur d\u2019orgone positif puissant, destin\u00e9 \u00e0 attirer le flux d\u2019argent dans votre vie. Tous les dispositifs radioniques pour manifester un but ont ceci en commun : une source d\u2019\u00e9nergie positive (l\u2019orgonite, dans ce cas) et un signe d\u2019un but \u00e0 atteindre, ou \u00e0 observer, (d\u00e9chiquet\u00e9&#8230;<\/p>\n","protected":false},"featured_media":249,"comment_status":"open","ping_status":"closed","template":"","meta":{"_acf_changed":false},"product_brand":[],"product_cat":[70],"product_tag":[],"class_list":{"0":"post-4426","1":"product","2":"type-product","3":"status-publish","4":"has-post-thumbnail","6":"product_cat-tactical-orgonite","7":"sales-flash-overlay","8":"woocommerce-text-align-center","9":"woocommerce-image-align-center","10":"do-quantity-buttons","12":"first","13":"instock","14":"taxable","15":"shipping-taxable","16":"purchasable","17":"product-type-simple"},"acf":[],"_links":{"self":[{"href":"https:\/\/servcrmpro.online\/fr\/wp-json\/wp\/v2\/product\/4426","targetHints":{"allow":["GET"]}}],"collection":[{"href":"https:\/\/servcrmpro.online\/fr\/wp-json\/wp\/v2\/product"}],"about":[{"href":"https:\/\/servcrmpro.online\/fr\/wp-json\/wp\/v2\/types\/product"}],"replies":[{"embeddable":true,"href":"https:\/\/servcrmpro.online\/fr\/wp-json\/wp\/v2\/comments?post=4426"}],"wp:featuredmedia":[{"embeddable":true,"href":"https:\/\/servcrmpro.online\/fr\/wp-json\/wp\/v2\/media\/249"}],"wp:attachment":[{"href":"https:\/\/servcrmpro.online\/fr\/wp-json\/wp\/v2\/media?parent=4426"}],"wp:term":[{"taxonomy":"product_brand","embeddable":true,"href":"https:\/\/servcrmpro.online\/fr\/wp-json\/wp\/v2\/product_brand?post=4426"},{"taxonomy":"product_cat","embeddable":true,"href":"https:\/\/servcrmpro.online\/fr\/wp-json\/wp\/v2\/product_cat?post=4426"},{"taxonomy":"product_tag","embeddable":true,"href":"https:\/\/servcrmpro.online\/fr\/wp-json\/wp\/v2\/product_tag?post=4426"}],"curies":[{"name":"wp","href":"https:\/\/api.w.org\/{rel}","templated":true}]}}