{"id":4429,"date":"2026-02-05T15:21:56","date_gmt":"2026-02-05T15:21:56","guid":{"rendered":""},"modified":"2026-04-06T07:31:52","modified_gmt":"2026-04-06T05:31:52","slug":"cb35mm-fr","status":"publish","type":"product","link":"https:\/\/servcrmpro.online\/fr\/produit\/cb35mm-fr\/","title":{"rendered":"Cloud Buster 35mm"},"content":{"rendered":"<h2><span style=\"font-family: verdana, geneva;font-size: medium\">Cloudbuster Orgonite Maxi !<\/span><\/h2>\n<p><span style=\"font-family: verdana, geneva;font-size: medium\">Plus c&#x27;est grand, mieux c&#x27;est : cela vaut certainement pour tout ce qui touche \u00e0 l&#x27;orgonite. Ce Cloudbuster est fabriqu\u00e9 comme le CB en orgonite standard de Don Croft, mais avec des tubes de 6 x 35 mm et donc des cristaux plus grands.<\/span><\/p>\n<p><span style=\"font-family: verdana, geneva;font-size: medium\">L&#x27;exp\u00e9rience montre que c&#x27;est le volume de r\u00e9sonance des tubes, combin\u00e9 au volume d&#x27;orgonite, qui d\u00e9termine la quantit\u00e9 d&#x27;\u00e9nergie n\u00e9gative (DOR) pouvant \u00eatre convertie en \u00e9nergie vitale positive (POR) par le CB.<\/span><\/p>\n<p><span style=\"font-family: verdana, geneva;font-size: medium\">Les tubes sont encastr\u00e9s dans une base en orgonite, enrichie de pierres pr\u00e9cieuses suppl\u00e9mentaires. Chaque tube est obtur\u00e9 \u00e0 l&#x27;extr\u00e9mit\u00e9 encastr\u00e9e et comporte un cristal \u00e0 double terminaison fix\u00e9 \u00e0 sa base.<\/span><\/p>\n<p><span style=\"font-family: verdana, geneva;font-size: medium\">Ces Cloudbusters standard ont \u00e9t\u00e9 fabriqu\u00e9s et test\u00e9s par des milliers de personnes \u00e0 travers le monde, et de nombreux t\u00e9moignages et retours d&#x27;exp\u00e9rience sont disponibles sur diff\u00e9rents forums. Nous les consid\u00e9rons comme L&#x27;outil le plus puissant et le plus efficace pour la gu\u00e9rison environnementale \u00e0 grande \u00e9chelle \u00e0 l&#x27;aide de l&#x27;orgonite.<\/span><\/p>\n<h2>Les effets typiques des Cloudbusters en orgonite sont les suivants :<\/h2>\n<ul>\n<li><span style=\"font-family: verdana, geneva;font-size: medium\">augmentation des pr\u00e9cipitations dans les zones de s\u00e9cheresse<\/span><\/li>\n<li><span style=\"font-family: verdana, geneva;font-size: medium\">une croissance accrue des plantes<\/span><\/li>\n<li><span style=\"font-family: verdana, geneva;font-size: medium\">une am\u00e9lioration de la fertilit\u00e9 et de la sant\u00e9 des animaux<\/span><\/li>\n<li><span style=\"font-family: verdana, geneva;font-size: medium\">une r\u00e9duction de la pollution, y compris les \u00ab chemtrails \u00bb<\/span><\/li>\n<li><span style=\"font-family: verdana, geneva;font-size: medium\">une am\u00e9lioration g\u00e9n\u00e9rale du champ d&#x27;\u00e9nergie \u00e9th\u00e9rique ambiant, accompagn\u00e9e d&#x27;une <\/span><\/li>\n<li><span style=\"font-family: verdana, geneva;font-size: medium\">multitude d&#x27;effets sur le mental et la sant\u00e9<\/span><\/li>\n<\/ul>\n<p><span style=\"font-family: verdana, geneva;font-size: medium\">Selon les niveaux de pollution \u00e9lectromagn\u00e9tique et les conditions \u00e9nerg\u00e9tiques g\u00e9n\u00e9rales, les effets des Cloudbusters standard ont \u00e9t\u00e9 signal\u00e9s comme \u00e9tant perceptibles sur des distances bien sup\u00e9rieures \u00e0 50 km. Combin\u00e9s \u00e0 d&#x27;autres dispositifs en orgonite, quelques CB peuvent r\u00e9tablir un champ d&#x27;orgone sain dans toute une r\u00e9gion ou un petit pays.<\/span><\/p>\n<p><span style=\"font-family: verdana, geneva;font-size: medium\">Nous les avons nous-m\u00eames utilis\u00e9s lors de nos exp\u00e9ditions \u00ab Orgone Gifting \u00bb (en savoir plus ici&#8230;), o\u00f9 nous combinons g\u00e9n\u00e9ralement un Cloudbuster avec plusieurs centaines de Towerbusters. Cela s\u2019est av\u00e9r\u00e9 \u00eatre la m\u00e9thode la plus efficace pour dynamiser des pays entiers et inverser les terribles cycles de s\u00e9cheresse.<\/span><\/p>\n<p><span style=\"font-family: verdana, geneva;font-size: medium\">Notre th\u00e9orie est la suivante : tandis que le Cloudbuster agit principalement dans les couches sup\u00e9rieures de l&#x27;atmosph\u00e8re pour orgoniser une tr\u00e8s grande zone, les Towerbusters assurent la \u00ab couverture au sol \u00bb n\u00e9cessaire en \u00e9tant plac\u00e9s pr\u00e8s de tous les t\u00e9l\u00e9phones portables et des lieux d&#x27;\u00e9nergie n\u00e9gative dans la zone o\u00f9 se trouve le Cloudbuster. <\/span><\/p>\n<p><span style=\"font-family: verdana, geneva;font-size: medium\">Si vous souhaitez vous lancer dans le \u00ab gifting \u00bb \u00e0 grande \u00e9chelle, jetez un \u0153il \u00e0 notre kit de d\u00e9marrage Massive Orgone pour obtenir tout le n\u00e9cessaire \u00e0 un prix r\u00e9duit !<\/span><\/p>\n<p><span style=\"font-family: verdana, geneva;font-size: medium\">Dimensions : hauteur &#8211; 850 mm, diam\u00e8tre &#8211; 35 mm<br \/>(Ce produit est fabriqu\u00e9 \u00e0 la main et le produit final peut pr\u00e9senter de l\u00e9g\u00e8res variations)<\/span><\/p>\n","protected":false},"excerpt":{"rendered":"<h2><span style=\"font-family\u00a0: verdana, geneve\u00a0;font-size\u00a0: medium\">Orgonite Cloudbuster Maxi\u00a0!<\/span><\/h2>\n<p>&lt;span style=&quot;font-family\u00a0: verdana, geneve&#8230;<\/p>\n","protected":false},"featured_media":639,"comment_status":"open","ping_status":"closed","template":"","meta":{"_acf_changed":false},"product_brand":[],"product_cat":[100],"product_tag":[],"class_list":{"0":"post-4429","1":"product","2":"type-product","3":"status-publish","4":"has-post-thumbnail","6":"product_cat-orgonite-cloudbuster","7":"sales-flash-overlay","8":"woocommerce-text-align-center","9":"woocommerce-image-align-center","10":"do-quantity-buttons","12":"first","13":"instock","14":"sale","15":"taxable","16":"shipping-taxable","17":"purchasable","18":"product-type-simple"},"acf":[],"_links":{"self":[{"href":"https:\/\/servcrmpro.online\/fr\/wp-json\/wp\/v2\/product\/4429","targetHints":{"allow":["GET"]}}],"collection":[{"href":"https:\/\/servcrmpro.online\/fr\/wp-json\/wp\/v2\/product"}],"about":[{"href":"https:\/\/servcrmpro.online\/fr\/wp-json\/wp\/v2\/types\/product"}],"replies":[{"embeddable":true,"href":"https:\/\/servcrmpro.online\/fr\/wp-json\/wp\/v2\/comments?post=4429"}],"wp:featuredmedia":[{"embeddable":true,"href":"https:\/\/servcrmpro.online\/fr\/wp-json\/wp\/v2\/media\/639"}],"wp:attachment":[{"href":"https:\/\/servcrmpro.online\/fr\/wp-json\/wp\/v2\/media?parent=4429"}],"wp:term":[{"taxonomy":"product_brand","embeddable":true,"href":"https:\/\/servcrmpro.online\/fr\/wp-json\/wp\/v2\/product_brand?post=4429"},{"taxonomy":"product_cat","embeddable":true,"href":"https:\/\/servcrmpro.online\/fr\/wp-json\/wp\/v2\/product_cat?post=4429"},{"taxonomy":"product_tag","embeddable":true,"href":"https:\/\/servcrmpro.online\/fr\/wp-json\/wp\/v2\/product_tag?post=4429"}],"curies":[{"name":"wp","href":"https:\/\/api.w.org\/{rel}","templated":true}]}}