{"id":4441,"date":"2026-02-05T15:22:33","date_gmt":"2026-02-05T15:22:33","guid":{"rendered":""},"modified":"2026-04-06T07:31:52","modified_gmt":"2026-04-06T05:31:52","slug":"2-orgone-snow-flakes-fr","status":"publish","type":"product","link":"https:\/\/servcrmpro.online\/fr\/produit\/2-orgone-snow-flakes-fr\/","title":{"rendered":"Pendentif Flocon de neige"},"content":{"rendered":"<p>Cette belle d\u00e9coration de No\u00ebl est orn\u00e9e de flocons de neige et de paillettes sur le devant. Le dos est en <strong>Orgonite<\/strong> avec des particules de m\u00e9tal, du quartz et des \u00e9clats d&rsquo; am\u00e9thyste. Il contient aussi beaucoup de poudre d&rsquo;h\u00e9matite, qui a d&rsquo;excellentes  propri\u00e9t\u00e9s de protection contre les radiations et \u00e9nerg\u00e9tise les endroits qui en ont besoin. Utilisez-la comme d\u00e9coration pour votre maison ou pour l&rsquo;offrir \u00e0 des amis ou \u00e0 votre famille.<\/p>\n<p>Taille: 55 mm ide diam\u00e8tre et 8mm d&rsquo;\u00e9paisseur.<\/p>\n","protected":false},"excerpt":{"rendered":"<p>Ce magnifique pendentif de No\u00ebl en orgonite est orn\u00e9 de flocons de neige et de paillettes d\u00e9coratives sur le devant. Le dos est en <strong>orgonite<\/strong> avec du m\u00e9tal&#8230;<\/p>\n","protected":false},"featured_media":661,"comment_status":"open","ping_status":"closed","template":"","meta":{"_acf_changed":false},"product_brand":[],"product_cat":[107],"product_tag":[],"class_list":{"0":"post-4441","1":"product","2":"type-product","3":"status-publish","4":"has-post-thumbnail","6":"product_cat-orgonite-gifts","7":"sales-flash-overlay","8":"woocommerce-text-align-center","9":"woocommerce-image-align-center","10":"do-quantity-buttons","12":"first","13":"instock","14":"taxable","15":"shipping-taxable","16":"purchasable","17":"product-type-simple"},"acf":[],"_links":{"self":[{"href":"https:\/\/servcrmpro.online\/fr\/wp-json\/wp\/v2\/product\/4441","targetHints":{"allow":["GET"]}}],"collection":[{"href":"https:\/\/servcrmpro.online\/fr\/wp-json\/wp\/v2\/product"}],"about":[{"href":"https:\/\/servcrmpro.online\/fr\/wp-json\/wp\/v2\/types\/product"}],"replies":[{"embeddable":true,"href":"https:\/\/servcrmpro.online\/fr\/wp-json\/wp\/v2\/comments?post=4441"}],"wp:featuredmedia":[{"embeddable":true,"href":"https:\/\/servcrmpro.online\/fr\/wp-json\/wp\/v2\/media\/661"}],"wp:attachment":[{"href":"https:\/\/servcrmpro.online\/fr\/wp-json\/wp\/v2\/media?parent=4441"}],"wp:term":[{"taxonomy":"product_brand","embeddable":true,"href":"https:\/\/servcrmpro.online\/fr\/wp-json\/wp\/v2\/product_brand?post=4441"},{"taxonomy":"product_cat","embeddable":true,"href":"https:\/\/servcrmpro.online\/fr\/wp-json\/wp\/v2\/product_cat?post=4441"},{"taxonomy":"product_tag","embeddable":true,"href":"https:\/\/servcrmpro.online\/fr\/wp-json\/wp\/v2\/product_tag?post=4441"}],"curies":[{"name":"wp","href":"https:\/\/api.w.org\/{rel}","templated":true}]}}