{"id":4444,"date":"2026-02-05T15:22:37","date_gmt":"2026-02-05T15:22:37","guid":{"rendered":""},"modified":"2026-04-06T07:31:52","modified_gmt":"2026-04-06T05:31:52","slug":"3-orgonite-christmas-stars-fr","status":"publish","type":"product","link":"https:\/\/servcrmpro.online\/fr\/produit\/3-orgonite-christmas-stars-fr\/","title":{"rendered":"3 Orgonite Christmas Stars"},"content":{"rendered":"<p><strong><span style=\"font-family: verdana, geneva; font-size: medium;\">Apportez une touche d&#x27;orgonite \u00e0 votre No\u00ebl gr\u00e2ce \u00e0 ces magnifiques \u00e9toiles de No\u00ebl d\u00e9coratives en orgonite. <\/span><\/strong><\/p>\n<p><span style=\"font-family: verdana, geneva; font-size: medium;\">Ces \u00e9toiles de No\u00ebl en orgonite contiennent notre m\u00e9lange d&#x27;orgonite classique qui revitalisera votre maison et votre espace personnel gr\u00e2ce \u00e0 l&#x27;\u00e9nergie orgonique positive.\u00a0<\/span><\/p>\n<p><span style=\"font-family: verdana, geneva; font-size: medium;\">Les \u00e9toiles de No\u00ebl contiennent \u00e9galement du cristal de quartz, qui renforce l&#x27;effet de l&#x27;orgonite et \u00e9met une vibration purificatrice. Les \u00e9toiles de No\u00ebl sont d\u00e9cor\u00e9es de paillettes et de strass pour cr\u00e9er une ambiance de No\u00ebl ludique.<\/span><\/p>\n<p><span style=\"font-family: verdana, geneva; font-size: medium;\"><em>Vendues par lot de 3.<\/em><br \/><\/span><\/p>\n<p>Dimensions : hauteur &#8211; 10 mm, diam\u00e8tre &#8211; 34 mm chacune<br \/>(Ce produit est fait main et le produit final peut pr\u00e9senter de l\u00e9g\u00e8res variations)<\/p>\n","protected":false},"excerpt":{"rendered":"<p><strong><span style=\"font-family\u00a0: verdana, geneve\u00a0;font-size\u00a0: medium\">Orgonissez votre No\u00ebl avec ces magnifiques d\u00e9corations Orgonite Christmas S&#8230;<\/p>\n","protected":false},"featured_media":663,"comment_status":"open","ping_status":"closed","template":"","meta":{"_acf_changed":false},"product_brand":[],"product_cat":[107],"product_tag":[],"class_list":{"0":"post-4444","1":"product","2":"type-product","3":"status-publish","4":"has-post-thumbnail","6":"product_cat-orgonite-gifts","7":"sales-flash-overlay","8":"woocommerce-text-align-center","9":"woocommerce-image-align-center","10":"do-quantity-buttons","12":"first","13":"instock","14":"taxable","15":"shipping-taxable","16":"purchasable","17":"product-type-simple"},"acf":[],"_links":{"self":[{"href":"https:\/\/servcrmpro.online\/fr\/wp-json\/wp\/v2\/product\/4444","targetHints":{"allow":["GET"]}}],"collection":[{"href":"https:\/\/servcrmpro.online\/fr\/wp-json\/wp\/v2\/product"}],"about":[{"href":"https:\/\/servcrmpro.online\/fr\/wp-json\/wp\/v2\/types\/product"}],"replies":[{"embeddable":true,"href":"https:\/\/servcrmpro.online\/fr\/wp-json\/wp\/v2\/comments?post=4444"}],"wp:featuredmedia":[{"embeddable":true,"href":"https:\/\/servcrmpro.online\/fr\/wp-json\/wp\/v2\/media\/663"}],"wp:attachment":[{"href":"https:\/\/servcrmpro.online\/fr\/wp-json\/wp\/v2\/media?parent=4444"}],"wp:term":[{"taxonomy":"product_brand","embeddable":true,"href":"https:\/\/servcrmpro.online\/fr\/wp-json\/wp\/v2\/product_brand?post=4444"},{"taxonomy":"product_cat","embeddable":true,"href":"https:\/\/servcrmpro.online\/fr\/wp-json\/wp\/v2\/product_cat?post=4444"},{"taxonomy":"product_tag","embeddable":true,"href":"https:\/\/servcrmpro.online\/fr\/wp-json\/wp\/v2\/product_tag?post=4444"}],"curies":[{"name":"wp","href":"https:\/\/api.w.org\/{rel}","templated":true}]}}